{"id":1856,"date":"2021-05-12T15:54:05","date_gmt":"2021-05-12T13:54:05","guid":{"rendered":"https:\/\/nanot.eu\/privacy-policy\/"},"modified":"2023-03-01T12:44:19","modified_gmt":"2023-03-01T11:44:19","slug":"privacy-policy","status":"publish","type":"page","link":"https:\/\/nanot.eu\/el\/privacy-policy\/","title":{"rendered":"Privacy policy"},"content":{"rendered":"<h1>Privacy Policy<\/h1>\r\n<p>In ottemperanza agli artt.13 e 14 del Regolamento Generale Europeo sulla Protezione dei dati (GDPR) 2016\/679, l\u2019utente \u00e8 invitato a leggere attentamente le seguenti informazioni sulla privacy per comprendere appieno su quali basi vengono raccolti i dati personali, come vengono utilizzati e conservati e a chi sono divulgati.<\/p>\r\n\r\n<p><strong>TITOLARE TRATTAMENTO DATI\u00a0\u00a0<\/strong><\/p>\r\n\r\n<p>Il Titolare del trattamento dei dati \u00e8 FABBRICA COOPERATIVA PERFOSFATI CEREA Via Farfusola 6, 37050 Bonavicina di S.Pietro di Morubio (VR). Tel. +39 045 7125911. mail: <a href=\"mailto:fcpcerea@fcpcerea.it\">fcpcerea@fcpcerea.it<\/a><\/p>\r\n\r\n<p><strong>FINALITA\u2019 DEL TRATTAMENTO<\/strong><\/p>\r\n\r\n<p>I dati personali sono trattati per scopi statistici, tecnici, informativi e di marketing. L\u2019attivit\u00e0 di marketing specifica e diretta al singolo individuo sono limitate ai soggetti che si iscrivono alla newsletter o si registrano nell\u2019area riservata, inserendo spontaneamente il proprio indirizzo email. Si invita a prendere visione dell\u2019informativa dedicata nell\u2019apposita sezione.<\/p>\r\n\r\n<p><strong>CATEGORIE DI DATI TRATTATI<\/strong><\/p>\r\n\r\n<p>Il sito utilizza dati identificativi e riconducibili a dati personali come l\u2019indirizzo IP del dispositivo di accesso che pu\u00f2 essere correlato alla posizione geografica di provenienza. Il sito raccoglie informazioni sulla navigazione come ad esempio la cronologia delle pagine visitate ed eventuali preferenze nella navigazione (lingua, tipo di browser o dispositivo usato, ecc.). Tramite il sito possono essere raccolti dati personali spontaneamente inseriti dall\u2019utente mediante form di contatto, registrazione o iscrizione alla newsletter, ecc.<\/p>\r\n\r\n<p>Il sito ospita link a siti e applicazioni di terza parte (face book, linkedin, ecc.) che possono raccogliere e trattare dati ed informazioni come autonomi titolari. Si invita l\u2019utente ad prendere visione delle informative per ciascun soggetto terzo.<\/p>\r\n\r\n<p><strong>BASE GIURIDICA<\/strong><\/p>\r\n\r\n<p>Il trattamento dati si basa sul consenso informato ai sensi dell\u2019art. 6 comma 1 lettera a) per i dati spontaneamente inseriti o per l\u2019uso dei cookies e sul legittimo interesse ai sensi dell\u2019art. 6 comma 1 lettera f) come di seguito specificato.<\/p>\r\n\r\n<p><strong>LEGITTIMI INTEESSI AL TRATTAMENTO<\/strong><\/p>\r\n\r\n<p>Il sito pu\u00f2 utilizzare dati identificativi dell\u2019utente al fine di offrire un migliore ed efficiente servizio di navigazione e per tutelare il sito stesso da azioni illecite e crimini informatici.<\/p>\r\n\r\n<p><strong>DESTINATARI DEI DATI<\/strong><\/p>\r\n\r\n<p>Tutti i dati vengono trattati solo e direttamente dal Titolare trattamento ed incaricati interni. Per finalit\u00e0 tecniche di manutenzione dei sistemi IT, i dati potrebbero essere visionati in modalit\u00e0 occasionale da Responsabili esterni, specificatamente nominati ai sensi dell\u2019art. 28.<\/p>\r\n\r\n<p><strong>DIRITTI DELL\u2019INTERESSATO<\/strong><\/p>\r\n\r\n<p>Il sito adotta misure tecniche e organizzative di sicurezza idonee a garantire i diritti dell\u2019interessato rispetto alla riservatezza, protezione e inalterabilit\u00e0.<\/p>\r\n\r\n<p>L\u2019utente pu\u00f2 in ogni momento richiedere informazioni circa i suoi dati personali archiviati presso i nostri sistemi e chiederne la rettifica o cancellazione. Le istanze devono essere inviate a mezzo email all\u2019indirizzo <a href=\"mailto:fcpcerea@fcpcerea.it\">fcpcerea@fcpcerea.it<\/a>.<\/p>\r\n\r\n<p>L\u2019utente ha il diritto di presentare un reclamo sulle modalit\u00e0 con cui la societ\u00e0 tratta o elabora i suoi dati personali presso il garante nazionale per la privacy dei dati con le modalit\u00e0 definite sul sito <a href=\"https:\/\/www.garanteprivacy.it\/\" target=\"_blank\" rel=\"noopener\">www.garanteprivacy.it<\/a>.<\/p>\r\n\r\n<p><strong>TRASFERIMENTO IN PAESI EXTRA UE<\/strong><\/p>\r\n\r\n<p>Il sito web e gli archivi dei dati riconducibili ai trattamenti in oggetto risiedono nel territorio dell\u2019Unione Europea. Alcuni link a soggetti terzi ed autonomi reindirizzano l\u2019utente su siti che risiedono in paesi extra UE.<\/p>\r\n\r\n<p><strong>PERIODO DI CONSERVAZIONE<\/strong><\/p>\r\n\r\n<p>I dati necessari ai processi tecnici e di sicurezza sono normalmente cancellati in automatico con periodo di ritenzione di pochi giorni. I dati personali archiviati per altri scopi (statistiche o marketing) verranno conservati per il periodo obbligatorio richiesto dalle normative di Legge e\/o fino alla revoca esplicita del consenso al trattamento.<\/p>\r\n\r\n<p><strong>PROFILAZIONE<\/strong><\/p>\r\n\r\n<p>Nessun trattamento dei dati si basa su un processo decisionale automatizzato e non vengono effettuate attivit\u00e0 di profilazione.<\/p>\r\n\r\n<p><strong>CONSEGUENZE DELLA REVOCA AL CONSENSO<\/strong><\/p>\r\n\r\n<p>I trattamenti necessari al funzionamento del sito sono automatici e l\u2019eventuale opposizione richiede un\u2019azione volontaria da parte dell\u2019utente mediante l\u2019uso di apposite impostazioni del proprio dispositivo come ad esempio la navigazione anonima o il blocco completo dei cookies. La revoca al consenso per i dati spontaneamente inseriti comporta la sospensione dei servizi correlati (newsletter, ecc.)<\/p>\r\n\r\n<p><strong>RIFERIMENTI LEGALI E GIURIDICI<\/strong><\/p>\r\n\r\n<p>Per qualsiasi approfondimento invitiamo l\u2019utente a visitare il sito del Garante <a href=\"https:\/\/www.garanteprivacy.it\/\" target=\"_blank\" rel=\"noopener\">www.garanteprivacy.it<\/a> dove potr\u00e0 trovare il testo integrale del Regolamento UE 2016\/679 e il TU del D.lgs 196\/03.<\/p>\r\n\r\n<p>&nbsp;<\/p>","protected":false},"excerpt":{"rendered":"<p>Privacy Policy In ottemperanza agli artt.13 e 14 del Regolamento Generale Europeo sulla Protezione dei&#8230;<\/p>\n","protected":false},"author":3,"featured_media":0,"parent":0,"menu_order":0,"comment_status":"closed","ping_status":"closed","template":"","meta":[],"yoast_head":"<!-- This site is optimized with the Yoast SEO plugin v16.9 - https:\/\/yoast.com\/wordpress\/plugins\/seo\/ -->\n<title>Privacy policy - NANO.T<\/title>\n<meta name=\"robots\" content=\"index, follow, max-snippet:-1, max-image-preview:large, max-video-preview:-1\" \/>\n<link rel=\"canonical\" href=\"https:\/\/nanot.eu\/el\/privacy-policy\/\" \/>\n<meta property=\"og:locale\" content=\"el_GR\" \/>\n<meta property=\"og:type\" content=\"article\" \/>\n<meta property=\"og:title\" content=\"Privacy policy - NANO.T\" \/>\n<meta property=\"og:description\" content=\"Privacy Policy In ottemperanza agli artt.13 e 14 del Regolamento Generale Europeo sulla Protezione dei...\" \/>\n<meta property=\"og:url\" content=\"https:\/\/nanot.eu\/el\/privacy-policy\/\" \/>\n<meta property=\"og:site_name\" content=\"NANO.T\" \/>\n<meta property=\"article:modified_time\" content=\"2023-03-01T11:44:19+00:00\" \/>\n<meta name=\"twitter:card\" content=\"summary_large_image\" \/>\n<meta name=\"twitter:label1\" content=\"\u0395\u03ba\u03c4\u03b9\u03bc\u03ce\u03bc\u03b5\u03bd\u03bf\u03c2 \u03c7\u03c1\u03cc\u03bd\u03bf\u03c2 \u03b1\u03bd\u03ac\u03b3\u03bd\u03c9\u03c3\u03b7\u03c2\" \/>\n\t<meta name=\"twitter:data1\" content=\"3 \u03bb\u03b5\u03c0\u03c4\u03ac\" \/>\n<script type=\"application\/ld+json\" class=\"yoast-schema-graph\">{\"@context\":\"https:\/\/schema.org\",\"@graph\":[{\"@type\":\"WebSite\",\"@id\":\"https:\/\/nanot.eu\/#website\",\"url\":\"https:\/\/nanot.eu\/\",\"name\":\"NANO.T\",\"description\":\"Fertilizzanti Smart, Innovativi e Sostenibili\",\"potentialAction\":[{\"@type\":\"SearchAction\",\"target\":{\"@type\":\"EntryPoint\",\"urlTemplate\":\"https:\/\/nanot.eu\/?s={search_term_string}\"},\"query-input\":\"required name=search_term_string\"}],\"inLanguage\":\"el\"},{\"@type\":\"WebPage\",\"@id\":\"https:\/\/nanot.eu\/el\/privacy-policy\/#webpage\",\"url\":\"https:\/\/nanot.eu\/el\/privacy-policy\/\",\"name\":\"Privacy policy - NANO.T\",\"isPartOf\":{\"@id\":\"https:\/\/nanot.eu\/#website\"},\"datePublished\":\"2021-05-12T13:54:05+00:00\",\"dateModified\":\"2023-03-01T11:44:19+00:00\",\"breadcrumb\":{\"@id\":\"https:\/\/nanot.eu\/el\/privacy-policy\/#breadcrumb\"},\"inLanguage\":\"el\",\"potentialAction\":[{\"@type\":\"ReadAction\",\"target\":[\"https:\/\/nanot.eu\/el\/privacy-policy\/\"]}]},{\"@type\":\"BreadcrumbList\",\"@id\":\"https:\/\/nanot.eu\/el\/privacy-policy\/#breadcrumb\",\"itemListElement\":[{\"@type\":\"ListItem\",\"position\":1,\"name\":\"Home\",\"item\":\"https:\/\/nanot.eu\/el\/\"},{\"@type\":\"ListItem\",\"position\":2,\"name\":\"Privacy policy\"}]}]}<\/script>\n<!-- \/ Yoast SEO plugin. -->","yoast_head_json":{"title":"Privacy policy - NANO.T","robots":{"index":"index","follow":"follow","max-snippet":"max-snippet:-1","max-image-preview":"max-image-preview:large","max-video-preview":"max-video-preview:-1"},"canonical":"https:\/\/nanot.eu\/el\/privacy-policy\/","og_locale":"el_GR","og_type":"article","og_title":"Privacy policy - NANO.T","og_description":"Privacy Policy In ottemperanza agli artt.13 e 14 del Regolamento Generale Europeo sulla Protezione dei...","og_url":"https:\/\/nanot.eu\/el\/privacy-policy\/","og_site_name":"NANO.T","article_modified_time":"2023-03-01T11:44:19+00:00","twitter_card":"summary_large_image","twitter_misc":{"\u0395\u03ba\u03c4\u03b9\u03bc\u03ce\u03bc\u03b5\u03bd\u03bf\u03c2 \u03c7\u03c1\u03cc\u03bd\u03bf\u03c2 \u03b1\u03bd\u03ac\u03b3\u03bd\u03c9\u03c3\u03b7\u03c2":"3 \u03bb\u03b5\u03c0\u03c4\u03ac"},"schema":{"@context":"https:\/\/schema.org","@graph":[{"@type":"WebSite","@id":"https:\/\/nanot.eu\/#website","url":"https:\/\/nanot.eu\/","name":"NANO.T","description":"Fertilizzanti Smart, Innovativi e Sostenibili","potentialAction":[{"@type":"SearchAction","target":{"@type":"EntryPoint","urlTemplate":"https:\/\/nanot.eu\/?s={search_term_string}"},"query-input":"required name=search_term_string"}],"inLanguage":"el"},{"@type":"WebPage","@id":"https:\/\/nanot.eu\/el\/privacy-policy\/#webpage","url":"https:\/\/nanot.eu\/el\/privacy-policy\/","name":"Privacy policy - NANO.T","isPartOf":{"@id":"https:\/\/nanot.eu\/#website"},"datePublished":"2021-05-12T13:54:05+00:00","dateModified":"2023-03-01T11:44:19+00:00","breadcrumb":{"@id":"https:\/\/nanot.eu\/el\/privacy-policy\/#breadcrumb"},"inLanguage":"el","potentialAction":[{"@type":"ReadAction","target":["https:\/\/nanot.eu\/el\/privacy-policy\/"]}]},{"@type":"BreadcrumbList","@id":"https:\/\/nanot.eu\/el\/privacy-policy\/#breadcrumb","itemListElement":[{"@type":"ListItem","position":1,"name":"Home","item":"https:\/\/nanot.eu\/el\/"},{"@type":"ListItem","position":2,"name":"Privacy policy"}]}]}},"_links":{"self":[{"href":"https:\/\/nanot.eu\/el\/wp-json\/wp\/v2\/pages\/1856"}],"collection":[{"href":"https:\/\/nanot.eu\/el\/wp-json\/wp\/v2\/pages"}],"about":[{"href":"https:\/\/nanot.eu\/el\/wp-json\/wp\/v2\/types\/page"}],"author":[{"embeddable":true,"href":"https:\/\/nanot.eu\/el\/wp-json\/wp\/v2\/users\/3"}],"replies":[{"embeddable":true,"href":"https:\/\/nanot.eu\/el\/wp-json\/wp\/v2\/comments?post=1856"}],"version-history":[{"count":1,"href":"https:\/\/nanot.eu\/el\/wp-json\/wp\/v2\/pages\/1856\/revisions"}],"predecessor-version":[{"id":1857,"href":"https:\/\/nanot.eu\/el\/wp-json\/wp\/v2\/pages\/1856\/revisions\/1857"}],"wp:attachment":[{"href":"https:\/\/nanot.eu\/el\/wp-json\/wp\/v2\/media?parent=1856"}],"curies":[{"name":"wp","href":"https:\/\/api.w.org\/{rel}","templated":true}]}}