{"id":1121,"date":"2022-05-13T11:01:15","date_gmt":"2022-05-13T09:01:15","guid":{"rendered":"https:\/\/nanot.eu\/?page_id=1121"},"modified":"2023-03-01T15:20:32","modified_gmt":"2023-03-01T14:20:32","slug":"hp","status":"publish","type":"page","link":"https:\/\/nanot.eu\/es\/","title":{"rendered":"hp"},"content":{"rendered":"<p>[vc_row full_height=\u00bbyes\u00bb enable_overlay=\u00bbyes\u00bb css=\u00bb.vc_custom_1624436968962{background-image: url(https:\/\/nanot.eu\/wp-content\/uploads\/2023\/03\/foglia-vite-bagnata-shutter.jpg?id=582) !important;background-position: center !important;background-repeat: no-repeat !important;background-size: cover !important;}\u00bb overlay_bg=\u00bbrgba(0, 0, 0, 0.25)\u00bb][vc_column enable_content_animation=\u00bbyes\u00bb animation_preset=\u00bbFade In Up\u00bb align=\u00bbtext-center\u00bb ca_duration=\u00bb1500&#8243; ca_delay=\u00bb200&#8243;]<style>.ld_fancy_heading_69ea16eab46f5 h1{color:rgb(255, 255, 255);}.ld_fancy_heading_69ea16eab46f5 .lqd-highlight-inner{height:0.275em;bottom:0px;}<\/style><div class=\"ld-fancy-heading ld_fancy_heading_69ea16eab46f5\">\n\t<h1 class=\"lqd-highlight-underline lqd-highlight-grow-left\" ><span class=\"ld-fh-txt\"> NANO.T\u00ae: La nanotecnol\u00f3gia al servicio de la agricultura<\/span><\/h1><\/div><style>.ld_fancy_heading_69ea16eab4ceb h4{color:rgb(255, 255, 255);}.ld_fancy_heading_69ea16eab4ceb .lqd-highlight-inner{height:0.275em;bottom:0px;}<\/style><div class=\"ld-fancy-heading ld_fancy_heading_69ea16eab4ceb\">\n\t<h4 class=\"lqd-highlight-underline lqd-highlight-grow-left\" ><span class=\"ld-fh-txt\"> Fertilizantes Smart, innovadores, sostenibles<\/span><\/h4><\/div><style>.ld_spacer_69ea16eab501e{height:32px;}<\/style>\n<div class=\"ld-empty-space ld_spacer_69ea16eab501e\"><span class=\"liquid_empty_space_inner\"><\/span><\/div>[vc_row_inner][vc_column_inner]<style>.ld_button_69ea16eab53c6.btn-icon-solid .btn-icon{background:rgb(255, 93, 20);}.ld_button_69ea16eab53c6.btn-icon-circle.btn-icon-ripple .btn-icon:before{border-color:rgb(255, 93, 20);}.ld_button_69ea16eab53c6.btn-icon-solid:hover .btn-icon{background:rgb(255, 255, 255);}.ld_button_69ea16eab53c6{background-color:rgb(255, 93, 20);border-color:rgb(255, 93, 20);line-height:1.5em !important;font-size:13px !important;letter-spacing:0.1em !important;}.ld_button_69ea16eab53c6:hover{background-color:rgb(255, 255, 255);border-color:rgb(255, 255, 255);color:rgb(255, 93, 20);}.ld_button_69ea16eab53c6 .btn-gradient-bg-hover{background:-webkit-linear-gradient(to right, rgb(255, 255, 255) 0%, rgb(255, 255, 255) 100%);background:linear-gradient(to right, rgb(255, 255, 255) 0%, rgb(255, 255, 255) 100%);}.ld_button_69ea16eab53c6 .btn-gradient-border defs stop:first-child{stop-color:rgb(255, 93, 20);}.ld_button_69ea16eab53c6 .btn-gradient-border defs stop:last-child{stop-color:rgb(255, 93, 20);}.ld_button_69ea16eab53c6:hover .btn-gradient-border defs stop:first-child{stop-color:rgb(255, 255, 255);}.ld_button_69ea16eab53c6:hover .btn-gradient-border defs stop:last-child{stop-color:rgb(255, 255, 255);}.ld_button_69ea16eab53c6.btn-bordered{border-color:rgb(255, 93, 20);}<\/style><a href=\"https:\/\/nanot.eu\/es\/gama\" class=\"btn btn-solid text-uppercase circle btn-bordered border-thin ld_button_69ea16eab53c6 vc_custom_1634033267969\" data-localscroll=\"true\" data-localscroll-options=\"{&quot;scrollSpeed&quot;:&quot;6000&quot;}\">\n\t<span>\n\t\t\n\t\t\t\t\t<span class=\"btn-txt\">Saber m\u00e1s<\/span>\n\t\t\t\n\t\t\t\t<\/span>\n<\/a>\n[\/vc_column_inner][\/vc_row_inner]<style>.ld_spacer_69ea16eabec2c{height:32px;}<\/style>\n<div class=\"ld-empty-space ld_spacer_69ea16eabec2c\"><span class=\"liquid_empty_space_inner\"><\/span><\/div>[vc_row_inner][vc_column_inner]<style>.ld_button_69ea16eabefb5.btn-icon-solid .btn-icon{background:rgb(255, 93, 20);}.ld_button_69ea16eabefb5.btn-icon-circle.btn-icon-ripple .btn-icon:before{border-color:rgb(255, 93, 20);}.ld_button_69ea16eabefb5.btn-icon-solid:hover .btn-icon{background:rgb(255, 255, 255);}.ld_button_69ea16eabefb5{background-color:rgb(255, 93, 20);border-color:rgb(255, 93, 20);line-height:1.5em !important;font-size:13px !important;letter-spacing:0.1em !important;}.ld_button_69ea16eabefb5:hover{background-color:rgb(255, 255, 255);border-color:rgb(255, 255, 255);color:rgb(255, 93, 20);}.ld_button_69ea16eabefb5 .btn-gradient-bg-hover{background:-webkit-linear-gradient(to right, rgb(255, 255, 255) 0%, rgb(255, 255, 255) 100%);background:linear-gradient(to right, rgb(255, 255, 255) 0%, rgb(255, 255, 255) 100%);}.ld_button_69ea16eabefb5 .btn-gradient-border defs stop:first-child{stop-color:rgb(255, 93, 20);}.ld_button_69ea16eabefb5 .btn-gradient-border defs stop:last-child{stop-color:rgb(255, 93, 20);}.ld_button_69ea16eabefb5:hover .btn-gradient-border defs stop:first-child{stop-color:rgb(255, 255, 255);}.ld_button_69ea16eabefb5:hover .btn-gradient-border defs stop:last-child{stop-color:rgb(255, 255, 255);}.ld_button_69ea16eabefb5.btn-bordered{border-color:rgb(255, 93, 20);}<\/style><a href=\"https:\/\/nanot.eu\/es\/contacto\" class=\"btn btn-solid text-uppercase circle btn-bordered border-thin ld_button_69ea16eabefb5 vc_custom_1634033288819\" data-localscroll=\"true\" data-localscroll-options=\"{&quot;scrollSpeed&quot;:&quot;6000&quot;}\">\n\t<span>\n\t\t\n\t\t\t\t\t<span class=\"btn-txt\">Solicita material exclusivo<\/span>\n\t\t\t\n\t\t\t\t<\/span>\n<\/a>\n[\/vc_column_inner][\/vc_row_inner][\/vc_column][\/vc_row][vc_row][vc_column]<style>.ld_spacer_69ea16eabfbd2{height:65px;}<\/style>\n<div class=\"ld-empty-space ld_spacer_69ea16eabfbd2\"><span class=\"liquid_empty_space_inner\"><\/span><\/div>[\/vc_column][\/vc_row][vc_row content_placement=\u00bbmiddle\u00bb enable_overlay=\u00bbyes\u00bb overlay_bg=\u00bbrgba(0, 0, 0, 0)\u00bb][vc_column width=\u00bb1\/2&#8243; enable_content_animation=\u00bbyes\u00bb animation_preset=\u00bbFade In Up\u00bb align=\u00bbtext-left\u00bb ca_duration=\u00bb1500&#8243; ca_delay=\u00bb200&#8243;]<style>.ld_spacer_69ea16eabfec2{height:32px;}<\/style>\n<div class=\"ld-empty-space ld_spacer_69ea16eabfec2\"><span class=\"liquid_empty_space_inner\"><\/span><\/div><style>.ld_fancy_heading_69ea16eac0117 .lqd-highlight-inner{height:0.275em;bottom:0px;}<\/style><div class=\"ld-fancy-heading ld_fancy_heading_69ea16eac0117\">\n\t<h2 class=\"lqd-highlight-underline lqd-highlight-grow-left\" ><span class=\"ld-fh-txt\"> Un nuevo modo<br \/>\nde nutrir las plantas<\/span><\/h2><\/div><style>.ld_fancy_heading_69ea16eac117b .lqd-highlight-inner{height:0.275em;bottom:0px;}<\/style><div class=\"ld-fancy-heading ld_fancy_heading_69ea16eac117b\">\n\t<p class=\"lqd-highlight-underline lqd-highlight-grow-left\" ><span class=\"ld-fh-txt\"> En un <strong>mundo en continua evoluci\u00f3n<\/strong>, el crecimiento constante de la poblaci\u00f3n nos pone ante un <strong>desaf\u00edo arduo<\/strong>: <strong>producir alimento para todos en modo sostenible.<\/strong><\/p>\n<p>El desarrollo de una <strong>agricultura innovadora<\/strong> es la \u00fanica soluci\u00f3n para satisfacer las exigencias futuras. Los <strong>fertilizantes<\/strong> son una parte importante de la filiera y la b\u00fasqueda de <strong>nuevas tecnolog\u00edas<\/strong> para su producci\u00f3n, impulsa a encontrar soluciones en nuevos \u00e1mbitos de desarrollo. La <strong>nanotecnolog\u00eda<\/strong> es la nueva frontera no s\u00f3lo en medicina o en la industria, desde hoy <strong>tambi\u00e9n en agricultura<\/strong>. Gracias al <strong>empleo de nanopart\u00edculas<\/strong>, materia de escala at\u00f3mica entre los 10 y 100 nan\u00f3metros, la nanotecnolog\u00eda resulta <strong>altamente eficaz<\/strong> en sus aplicaciones en cuanto:<\/span><\/p><\/div><style>.ld_fancy_heading_69ea16eac1cd1 .lqd-highlight-inner{height:0.275em;bottom:0px;}<\/style><div class=\"ld-fancy-heading ld_fancy_heading_69ea16eac1cd1\">\n\t<p class=\"lqd-highlight-underline lqd-highlight-grow-left\" ><span class=\"ld-fh-txt\"> <\/p>\n<ul>\n<li>Permite un empleo selectivo de la materia prima<\/li>\n<li>Consiente nuevas modalidades de aplicaci\u00f3n<\/li>\n<li>Requiere un uso moderado de materia y energ\u00eda<\/li>\n<\/ul>\n<p><\/span><\/p><\/div><style>.ld_fancy_heading_69ea16eac22a9 .lqd-highlight-inner{height:0.275em;bottom:0px;}<\/style><div class=\"ld-fancy-heading ld_fancy_heading_69ea16eac22a9\">\n\t<p class=\"lqd-highlight-underline lqd-highlight-grow-left\" ><span class=\"ld-fh-txt\"> De esta premisa nace <strong>Nano.T\u00ae<\/strong> una f\u00f3rmula a base de nanopart\u00edculas <strong>que no precipitan en el terreno<\/strong>, aumentando la <strong>eficiencia de los elementos nutritivos<\/strong> necesarios para las plantas, <strong>sin da\u00f1ar el ambiente.<\/strong><\/span><\/p><\/div>[\/vc_column][vc_column width=\u00bb1\/2&#8243; enable_content_animation=\u00bbyes\u00bb animation_preset=\u00bbFade In\u00bb align=\u00bbtext-center\u00bb responsive_css=\u00bbpadding_top_large:0px|padding_top_small:0px\u00bb css=\u00bb.vc_custom_1624524987386{padding-top: 100px !important;}\u00bb ca_duration=\u00bb1500&#8243;][vc_single_image image=\u00bb501&#8243; img_size=\u00bbfull\u00bb alignment=\u00bbcenter\u00bb][\/vc_column][\/vc_row][vc_row][vc_column]<style>.ld_spacer_69ea16eac265b{height:65px;}<\/style>\n<div class=\"ld-empty-space ld_spacer_69ea16eac265b\"><span class=\"liquid_empty_space_inner\"><\/span><\/div>[\/vc_column][\/vc_row][vc_row][vc_column width=\u00bb1\/2&#8243;]<style>.ld_fancy_heading_69ea16eac298a .lqd-highlight-inner{height:0.275em;bottom:0px;}<\/style><div class=\"ld-fancy-heading ld_fancy_heading_69ea16eac298a\">\n\t<h2 class=\"lqd-highlight-underline lqd-highlight-grow-left\" ><span class=\"ld-fh-txt\"> Strategia \u201cFarm to fork\u201d<\/span><\/h2><\/div><style>.ld_fancy_heading_69ea16eac2d3b .lqd-highlight-inner{height:0.275em;bottom:0px;}<\/style><div class=\"ld-fancy-heading ld_fancy_heading_69ea16eac2d3b\">\n\t<h3 class=\"lqd-highlight-underline lqd-highlight-grow-left\" ><span class=\"ld-fh-txt\"> <\/p>\n<p style=\"text-align: left\">El desarrollo de una agricultura innovadora como soluci\u00f3n a satisfacer las exigencias futuras<\/p>\n<p><\/span><\/h3><\/div><style>.ld_fancy_heading_69ea16eac312e .lqd-highlight-inner{height:0.275em;bottom:0px;}<\/style><div class=\"ld-fancy-heading ld_fancy_heading_69ea16eac312e\">\n\t<p class=\"lqd-highlight-underline lqd-highlight-grow-left\" ><span class=\"ld-fh-txt\"> <\/p>\n<p class=\"lqd-highlight-underline lqd-highlight-grow-left\"><span class=\"ld-fh-txt\">La nueva tecnolog\u00eda Nano.T\u00ae se coloca perfectamente dentro de la <strong>estrategia \u201cFarm to fork\u201d<\/strong>, un plano decenal de la Comisi\u00f3n Europea parte integrante del\u00a0<strong>Green Deal europeo<\/strong>. Dicha estrategia compromete a todos los operadores de la filiera alimentaria, desde el productor hasta el consumidor, y propone el inicio de una transici\u00f3n hacia un sistema de producci\u00f3n alimentario justo, sano y respetuoso con el medioambiente.<\/span><\/p>\n<p>El objetivo principal es hacer\u00a0<strong>sistemas alimentarios m\u00e1s sostenibles.<\/strong><\/span><\/p><\/div>[\/vc_column][vc_column width=\u00bb1\/2&#8243;]<style>.ld_fancy_heading_69ea16eac3591 .lqd-highlight-inner{height:0.275em;bottom:0px;}<\/style><div class=\"ld-fancy-heading ld_fancy_heading_69ea16eac3591\">\n\t<h4 class=\"lqd-highlight-underline lqd-highlight-grow-left\" ><span class=\"ld-fh-txt\"> <\/p>\n<p style=\"text-align: center\">La tecnolog\u00eda innovadora de Nano.T\u00ae<br \/>\nquiere dar respuesta a los objetivos de desarrollo sostenible fijados por la Uni\u00f3n Europea para el 2023:<\/p>\n<p><\/span><\/h4><\/div>[vc_row_inner][vc_column_inner width=\u00bb1\/4&#8243;]<style>.ld_spacer_69ea16eac38d4{height:32px;}<\/style>\n<div class=\"ld-empty-space ld_spacer_69ea16eac38d4\"><span class=\"liquid_empty_space_inner\"><\/span><\/div>[vc_single_image image=\u00bb783&#8243;][vc_column_text]<\/p>\n<p style=\"text-align: center;\"><strong>Reducir al 50%<br \/>\nel empleo de productos<br \/>\nfitosanitarios<\/strong><\/p>\n<p>[\/vc_column_text][\/vc_column_inner][vc_column_inner width=\u00bb1\/4&#8243;]<style>.ld_spacer_69ea16eac3b18{height:32px;}<\/style>\n<div class=\"ld-empty-space ld_spacer_69ea16eac3b18\"><span class=\"liquid_empty_space_inner\"><\/span><\/div>[vc_single_image image=\u00bb780&#8243;][vc_column_text]<\/p>\n<p style=\"text-align: center;\"><strong>Reducir del 20%<br \/>\nel uso<br \/>\nde fertilizantes<\/strong><\/p>\n<p>[\/vc_column_text][\/vc_column_inner][vc_column_inner width=\u00bb1\/4&#8243;]<style>.ld_spacer_69ea16eac3d57{height:32px;}<\/style>\n<div class=\"ld-empty-space ld_spacer_69ea16eac3d57\"><span class=\"liquid_empty_space_inner\"><\/span><\/div>[vc_single_image image=\u00bb771&#8243;][vc_column_text]<\/p>\n<p style=\"text-align: center;\"><strong>Reducir al 50%<\/strong><br \/>\n<strong>la venta de sustancias<\/strong><br \/>\n<strong>antimicrobianas<\/strong><\/p>\n<p>[\/vc_column_text][\/vc_column_inner][vc_column_inner width=\u00bb1\/4&#8243;]<style>.ld_spacer_69ea16eac3f7d{height:32px;}<\/style>\n<div class=\"ld-empty-space ld_spacer_69ea16eac3f7d\"><span class=\"liquid_empty_space_inner\"><\/span><\/div>[vc_single_image image=\u00bb489&#8243;][vc_column_text]<\/p>\n<p style=\"text-align: center;\"><strong>Llegar al 25%<br \/>\nde la superficie<br \/>\ncultivada en ecol\u00f3gico<\/strong><\/p>\n<p>[\/vc_column_text][\/vc_column_inner][\/vc_row_inner][\/vc_column][\/vc_row][vc_row][vc_column]<style>.ld_fancy_heading_69ea16eac4267 .lqd-highlight-inner{height:0.275em;bottom:0px;}<\/style><div class=\"ld-fancy-heading ld_fancy_heading_69ea16eac4267\">\n\t<h4 class=\"lqd-highlight-underline lqd-highlight-grow-left\" ><span class=\"ld-fh-txt\"> <\/p>\n<p style=\"text-align: center\"><strong>Cerea FCP<\/strong>\u00a0ha hecho suyos estos objetivos: nuestros\u00a0<strong>nano-fertilizantes<\/strong>\u00a0son\u00a0<strong>completamente<\/strong>\u00a0<strong>biodegradables, no dejan residuos<\/strong>\u00a0y son\u00a0<strong>eficaces a bajas dosis.<\/strong>\u00a0Garantizan un\u00a0<strong>uso menor de fertilizante<\/strong>\u00a0sin renunciar a la calidad de las producciones.<\/p>\n<p><\/span><\/h4><\/div>[\/vc_column][\/vc_row]<\/p>\n<h2>\u00daltimas noticias<\/h2>\n<p>[\/ld_fancy_heading][\/vc_column][\/vc_row][vc_row][vc_column][vc_basic_grid post_type=\u00bbpost\u00bb max_items=\u00bb2&#8243; element_width=\u00bb6&#8243; initial_loading_animation=\u00bbnone\u00bb grid_id=\u00bbvc_gid:1662471615779-847465a959a7ffdc32ddd8062277c671-9&#8243;][\/vc_column][\/vc_row]<\/p>\n","protected":false},"excerpt":{"rendered":"<p>[vc_row full_height=\u00bbyes\u00bb enable_overlay=\u00bbyes\u00bb css=\u00bb.vc_custom_1624436968962{background-image: url(https:\/\/nanot.eu\/wp-content\/uploads\/2023\/03\/foglia-vite-bagnata-shutter.jpg?id=582) !important;background-position: center !important;background-repeat: no-repeat !important;background-size: cover !important;}\u00bb overlay_bg=\u00bbrgba(0, 0, 0,&#8230;<\/p>\n","protected":false},"author":3,"featured_media":0,"parent":0,"menu_order":0,"comment_status":"closed","ping_status":"closed","template":"","meta":[],"yoast_head":"<!-- This site is optimized with the Yoast SEO plugin v16.9 - https:\/\/yoast.com\/wordpress\/plugins\/seo\/ -->\n<title>NANO.T - Fertilizantes Inteligentes, Innovadores y Sostenibles<\/title>\n<meta name=\"description\" content=\"Fertilizantes NANO.T: Nanotecnolog\u00eda al servicio de la Agricultura para una mayor eficiencia en el uso de Nutrientes.\" \/>\n<meta name=\"robots\" content=\"index, follow, max-snippet:-1, max-image-preview:large, max-video-preview:-1\" \/>\n<link rel=\"canonical\" href=\"https:\/\/nanot.eu\/es\/\" \/>\n<meta property=\"og:locale\" content=\"es_ES\" \/>\n<meta property=\"og:type\" content=\"article\" \/>\n<meta property=\"og:title\" content=\"NANO.T - Fertilizantes Inteligentes, Innovadores y Sostenibles\" \/>\n<meta property=\"og:description\" content=\"Fertilizantes NANO.T: Nanotecnolog\u00eda al servicio de la Agricultura para una mayor eficiencia en el uso de Nutrientes.\" \/>\n<meta property=\"og:url\" content=\"https:\/\/nanot.eu\/es\/\" \/>\n<meta property=\"og:site_name\" content=\"NANO.T\" \/>\n<meta property=\"article:modified_time\" content=\"2023-03-01T14:20:32+00:00\" \/>\n<meta name=\"twitter:card\" content=\"summary_large_image\" \/>\n<meta name=\"twitter:label1\" content=\"Tiempo de lectura\" \/>\n\t<meta name=\"twitter:data1\" content=\"5 minutos\" \/>\n<script type=\"application\/ld+json\" class=\"yoast-schema-graph\">{\"@context\":\"https:\/\/schema.org\",\"@graph\":[{\"@type\":\"WebSite\",\"@id\":\"https:\/\/nanot.eu\/#website\",\"url\":\"https:\/\/nanot.eu\/\",\"name\":\"NANO.T\",\"description\":\"Fertilizzanti Smart, Innovativi e Sostenibili\",\"potentialAction\":[{\"@type\":\"SearchAction\",\"target\":{\"@type\":\"EntryPoint\",\"urlTemplate\":\"https:\/\/nanot.eu\/?s={search_term_string}\"},\"query-input\":\"required name=search_term_string\"}],\"inLanguage\":\"es\"},{\"@type\":\"WebPage\",\"@id\":\"https:\/\/nanot.eu\/es\/#webpage\",\"url\":\"https:\/\/nanot.eu\/es\/\",\"name\":\"NANO.T - Fertilizantes Inteligentes, Innovadores y Sostenibles\",\"isPartOf\":{\"@id\":\"https:\/\/nanot.eu\/#website\"},\"datePublished\":\"2022-05-13T09:01:15+00:00\",\"dateModified\":\"2023-03-01T14:20:32+00:00\",\"description\":\"Fertilizantes NANO.T: Nanotecnolog\\u00eda al servicio de la Agricultura para una mayor eficiencia en el uso de Nutrientes.\",\"breadcrumb\":{\"@id\":\"https:\/\/nanot.eu\/es\/#breadcrumb\"},\"inLanguage\":\"es\",\"potentialAction\":[{\"@type\":\"ReadAction\",\"target\":[\"https:\/\/nanot.eu\/es\/\"]}]},{\"@type\":\"BreadcrumbList\",\"@id\":\"https:\/\/nanot.eu\/es\/#breadcrumb\",\"itemListElement\":[{\"@type\":\"ListItem\",\"position\":1,\"name\":\"Home\",\"item\":\"https:\/\/nanot.eu\/es\/\"},{\"@type\":\"ListItem\",\"position\":2,\"name\":\"hp\"}]}]}<\/script>\n<!-- \/ Yoast SEO plugin. -->","yoast_head_json":{"title":"NANO.T - Fertilizantes Inteligentes, Innovadores y Sostenibles","description":"Fertilizantes NANO.T: Nanotecnolog\u00eda al servicio de la Agricultura para una mayor eficiencia en el uso de Nutrientes.","robots":{"index":"index","follow":"follow","max-snippet":"max-snippet:-1","max-image-preview":"max-image-preview:large","max-video-preview":"max-video-preview:-1"},"canonical":"https:\/\/nanot.eu\/es\/","og_locale":"es_ES","og_type":"article","og_title":"NANO.T - Fertilizantes Inteligentes, Innovadores y Sostenibles","og_description":"Fertilizantes NANO.T: Nanotecnolog\u00eda al servicio de la Agricultura para una mayor eficiencia en el uso de Nutrientes.","og_url":"https:\/\/nanot.eu\/es\/","og_site_name":"NANO.T","article_modified_time":"2023-03-01T14:20:32+00:00","twitter_card":"summary_large_image","twitter_misc":{"Tiempo de lectura":"5 minutos"},"schema":{"@context":"https:\/\/schema.org","@graph":[{"@type":"WebSite","@id":"https:\/\/nanot.eu\/#website","url":"https:\/\/nanot.eu\/","name":"NANO.T","description":"Fertilizzanti Smart, Innovativi e Sostenibili","potentialAction":[{"@type":"SearchAction","target":{"@type":"EntryPoint","urlTemplate":"https:\/\/nanot.eu\/?s={search_term_string}"},"query-input":"required name=search_term_string"}],"inLanguage":"es"},{"@type":"WebPage","@id":"https:\/\/nanot.eu\/es\/#webpage","url":"https:\/\/nanot.eu\/es\/","name":"NANO.T - Fertilizantes Inteligentes, Innovadores y Sostenibles","isPartOf":{"@id":"https:\/\/nanot.eu\/#website"},"datePublished":"2022-05-13T09:01:15+00:00","dateModified":"2023-03-01T14:20:32+00:00","description":"Fertilizantes NANO.T: Nanotecnolog\u00eda al servicio de la Agricultura para una mayor eficiencia en el uso de Nutrientes.","breadcrumb":{"@id":"https:\/\/nanot.eu\/es\/#breadcrumb"},"inLanguage":"es","potentialAction":[{"@type":"ReadAction","target":["https:\/\/nanot.eu\/es\/"]}]},{"@type":"BreadcrumbList","@id":"https:\/\/nanot.eu\/es\/#breadcrumb","itemListElement":[{"@type":"ListItem","position":1,"name":"Home","item":"https:\/\/nanot.eu\/es\/"},{"@type":"ListItem","position":2,"name":"hp"}]}]}},"_links":{"self":[{"href":"https:\/\/nanot.eu\/es\/wp-json\/wp\/v2\/pages\/1121"}],"collection":[{"href":"https:\/\/nanot.eu\/es\/wp-json\/wp\/v2\/pages"}],"about":[{"href":"https:\/\/nanot.eu\/es\/wp-json\/wp\/v2\/types\/page"}],"author":[{"embeddable":true,"href":"https:\/\/nanot.eu\/es\/wp-json\/wp\/v2\/users\/3"}],"replies":[{"embeddable":true,"href":"https:\/\/nanot.eu\/es\/wp-json\/wp\/v2\/comments?post=1121"}],"version-history":[{"count":6,"href":"https:\/\/nanot.eu\/es\/wp-json\/wp\/v2\/pages\/1121\/revisions"}],"predecessor-version":[{"id":1902,"href":"https:\/\/nanot.eu\/es\/wp-json\/wp\/v2\/pages\/1121\/revisions\/1902"}],"wp:attachment":[{"href":"https:\/\/nanot.eu\/es\/wp-json\/wp\/v2\/media?parent=1121"}],"curies":[{"name":"wp","href":"https:\/\/api.w.org\/{rel}","templated":true}]}}