{"id":1125,"date":"2022-05-13T11:03:58","date_gmt":"2022-05-13T09:03:58","guid":{"rendered":"https:\/\/nanot.eu\/?page_id=1125"},"modified":"2022-06-23T18:24:09","modified_gmt":"2022-06-23T16:24:09","slug":"nuestra-empresa","status":"publish","type":"page","link":"https:\/\/nanot.eu\/es\/nuestra-empresa\/","title":{"rendered":"Nuestra empresa"},"content":{"rendered":"<p>[vc_row content_placement=\u00bbmiddle\u00bb enable_overlay=\u00bbyes\u00bb overlay_bg=\u00bbrgba(0, 0, 0, 0)\u00bb css=\u00bb.vc_custom_1623849152287{background-color: #eceef1 !important;}\u00bb][vc_column width=\u00bb1\/2&#8243; enable_content_animation=\u00bbyes\u00bb animation_preset=\u00bbFade In Up\u00bb align=\u00bbtext-left\u00bb ca_duration=\u00bb1500&#8243; ca_delay=\u00bb200&#8243;]<style>.ld_spacer_69d0504a2cc8b{height:65px;}<\/style>\n<div class=\"ld-empty-space ld_spacer_69d0504a2cc8b\"><span class=\"liquid_empty_space_inner\"><\/span><\/div><style>.ld_fancy_heading_69d0504a2cf47 .lqd-highlight-inner{height:0.275em;bottom:0px;}<\/style><div class=\"ld-fancy-heading text-left ld_fancy_heading_69d0504a2cf47\">\n\t<h2 class=\"lqd-highlight-underline lqd-highlight-grow-left\" ><span class=\"ld-fh-txt\"> Qui\u00e9nes somos<\/span><\/h2><\/div><style>.ld_fancy_heading_69d0504a2d310 .lqd-highlight-inner{height:0.275em;bottom:0px;}<\/style><div class=\"ld-fancy-heading ld_fancy_heading_69d0504a2d310\">\n\t<h3 class=\"lqd-highlight-underline lqd-highlight-grow-left\" ><span class=\"ld-fh-txt\"> FCP Cerea: una empresa<br \/>\na la vanguardia.<\/span><\/h3><\/div><style>.ld_spacer_69d0504a2d558{height:32px;}<\/style>\n<div class=\"ld-empty-space ld_spacer_69d0504a2d558\"><span class=\"liquid_empty_space_inner\"><\/span><\/div><style>.ld_fancy_heading_69d0504a2d742 .lqd-highlight-inner{height:0.275em;bottom:0px;}<\/style><div class=\"ld-fancy-heading ld_fancy_heading_69d0504a2d742\">\n\t<p class=\"lqd-highlight-underline lqd-highlight-grow-left\" ><span class=\"ld-fh-txt\"> Cerea FCP es la \u00fanica cooperativa italiana de agricultores para <strong>agricultores que, desde m\u00e1s de 100 a\u00f1os<\/strong>, produce fertilizantes. Gracias a la actividad de investigaci\u00f3n y desarrollo acompa\u00f1a al agricultor con un \u00fanico objetivo; nutrir la planta, respetar el ambiente y garantizar calidad, cantidad y salubridad de las producciones agr\u00edcolas, manteniendo siempre una mirada al futuro.<\/p>\n<p>El uso de <strong>fuentes renovables<\/strong> y el estudio de fertilizantes innovadores permiten cumplir hoy pasos hacia una <strong>agricultura<\/strong> siempre m\u00e1s <strong>integrada y avanzada.<\/strong><\/span><\/p><\/div><style>.ld_spacer_69d0504a2d963{height:65px;}<\/style>\n<div class=\"ld-empty-space ld_spacer_69d0504a2d963\"><span class=\"liquid_empty_space_inner\"><\/span><\/div>[\/vc_column][vc_column width=\u00bb1\/2&#8243; enable_content_animation=\u00bbyes\u00bb animation_preset=\u00bbFade In\u00bb align=\u00bbtext-center\u00bb ca_duration=\u00bb1500&#8243;][vc_single_image image=\u00bb595&#8243; img_size=\u00bb550&#215;250&#8243;][\/vc_column][\/vc_row]<\/p>\n","protected":false},"excerpt":{"rendered":"<p>[vc_row content_placement=\u00bbmiddle\u00bb enable_overlay=\u00bbyes\u00bb overlay_bg=\u00bbrgba(0, 0, 0, 0)\u00bb css=\u00bb.vc_custom_1623849152287{background-color: #eceef1 !important;}\u00bb][vc_column width=\u00bb1\/2&#8243; enable_content_animation=\u00bbyes\u00bb animation_preset=\u00bbFade In Up\u00bb&#8230;<\/p>\n","protected":false},"author":3,"featured_media":0,"parent":0,"menu_order":0,"comment_status":"closed","ping_status":"closed","template":"","meta":[],"yoast_head":"<!-- This site is optimized with the Yoast SEO plugin v16.9 - https:\/\/yoast.com\/wordpress\/plugins\/seo\/ -->\n<title>Nuestra empresa - NANO.T<\/title>\n<meta name=\"robots\" content=\"index, follow, max-snippet:-1, max-image-preview:large, max-video-preview:-1\" \/>\n<link rel=\"canonical\" href=\"https:\/\/nanot.eu\/es\/nuestra-empresa\/\" \/>\n<meta property=\"og:locale\" content=\"es_ES\" \/>\n<meta property=\"og:type\" content=\"article\" \/>\n<meta property=\"og:title\" content=\"Nuestra empresa - NANO.T\" \/>\n<meta property=\"og:description\" content=\"[vc_row content_placement=\u00bbmiddle\u00bb enable_overlay=\u00bbyes\u00bb overlay_bg=\u00bbrgba(0, 0, 0, 0)\u00bb css=\u00bb.vc_custom_1623849152287{background-color: #eceef1 !important;}\u00bb][vc_column width=\u00bb1\/2&#8243; enable_content_animation=\u00bbyes\u00bb animation_preset=\u00bbFade In Up\u00bb...\" \/>\n<meta property=\"og:url\" content=\"https:\/\/nanot.eu\/es\/nuestra-empresa\/\" \/>\n<meta property=\"og:site_name\" content=\"NANO.T\" \/>\n<meta property=\"article:modified_time\" content=\"2022-06-23T16:24:09+00:00\" \/>\n<meta name=\"twitter:card\" content=\"summary_large_image\" \/>\n<meta name=\"twitter:label1\" content=\"Tiempo de lectura\" \/>\n\t<meta name=\"twitter:data1\" content=\"1 minuto\" \/>\n<script type=\"application\/ld+json\" class=\"yoast-schema-graph\">{\"@context\":\"https:\/\/schema.org\",\"@graph\":[{\"@type\":\"WebSite\",\"@id\":\"https:\/\/nanot.eu\/#website\",\"url\":\"https:\/\/nanot.eu\/\",\"name\":\"NANO.T\",\"description\":\"Fertilizzanti Smart, Innovativi e Sostenibili\",\"potentialAction\":[{\"@type\":\"SearchAction\",\"target\":{\"@type\":\"EntryPoint\",\"urlTemplate\":\"https:\/\/nanot.eu\/?s={search_term_string}\"},\"query-input\":\"required name=search_term_string\"}],\"inLanguage\":\"es\"},{\"@type\":\"WebPage\",\"@id\":\"https:\/\/nanot.eu\/es\/nuestra-empresa\/#webpage\",\"url\":\"https:\/\/nanot.eu\/es\/nuestra-empresa\/\",\"name\":\"Nuestra empresa - NANO.T\",\"isPartOf\":{\"@id\":\"https:\/\/nanot.eu\/#website\"},\"datePublished\":\"2022-05-13T09:03:58+00:00\",\"dateModified\":\"2022-06-23T16:24:09+00:00\",\"breadcrumb\":{\"@id\":\"https:\/\/nanot.eu\/es\/nuestra-empresa\/#breadcrumb\"},\"inLanguage\":\"es\",\"potentialAction\":[{\"@type\":\"ReadAction\",\"target\":[\"https:\/\/nanot.eu\/es\/nuestra-empresa\/\"]}]},{\"@type\":\"BreadcrumbList\",\"@id\":\"https:\/\/nanot.eu\/es\/nuestra-empresa\/#breadcrumb\",\"itemListElement\":[{\"@type\":\"ListItem\",\"position\":1,\"name\":\"Home\",\"item\":\"https:\/\/nanot.eu\/es\/\"},{\"@type\":\"ListItem\",\"position\":2,\"name\":\"Nuestra empresa\"}]}]}<\/script>\n<!-- \/ Yoast SEO plugin. -->","yoast_head_json":{"title":"Nuestra empresa - NANO.T","robots":{"index":"index","follow":"follow","max-snippet":"max-snippet:-1","max-image-preview":"max-image-preview:large","max-video-preview":"max-video-preview:-1"},"canonical":"https:\/\/nanot.eu\/es\/nuestra-empresa\/","og_locale":"es_ES","og_type":"article","og_title":"Nuestra empresa - NANO.T","og_description":"[vc_row content_placement=\u00bbmiddle\u00bb enable_overlay=\u00bbyes\u00bb overlay_bg=\u00bbrgba(0, 0, 0, 0)\u00bb css=\u00bb.vc_custom_1623849152287{background-color: #eceef1 !important;}\u00bb][vc_column width=\u00bb1\/2&#8243; enable_content_animation=\u00bbyes\u00bb animation_preset=\u00bbFade In Up\u00bb...","og_url":"https:\/\/nanot.eu\/es\/nuestra-empresa\/","og_site_name":"NANO.T","article_modified_time":"2022-06-23T16:24:09+00:00","twitter_card":"summary_large_image","twitter_misc":{"Tiempo de lectura":"1 minuto"},"schema":{"@context":"https:\/\/schema.org","@graph":[{"@type":"WebSite","@id":"https:\/\/nanot.eu\/#website","url":"https:\/\/nanot.eu\/","name":"NANO.T","description":"Fertilizzanti Smart, Innovativi e Sostenibili","potentialAction":[{"@type":"SearchAction","target":{"@type":"EntryPoint","urlTemplate":"https:\/\/nanot.eu\/?s={search_term_string}"},"query-input":"required name=search_term_string"}],"inLanguage":"es"},{"@type":"WebPage","@id":"https:\/\/nanot.eu\/es\/nuestra-empresa\/#webpage","url":"https:\/\/nanot.eu\/es\/nuestra-empresa\/","name":"Nuestra empresa - NANO.T","isPartOf":{"@id":"https:\/\/nanot.eu\/#website"},"datePublished":"2022-05-13T09:03:58+00:00","dateModified":"2022-06-23T16:24:09+00:00","breadcrumb":{"@id":"https:\/\/nanot.eu\/es\/nuestra-empresa\/#breadcrumb"},"inLanguage":"es","potentialAction":[{"@type":"ReadAction","target":["https:\/\/nanot.eu\/es\/nuestra-empresa\/"]}]},{"@type":"BreadcrumbList","@id":"https:\/\/nanot.eu\/es\/nuestra-empresa\/#breadcrumb","itemListElement":[{"@type":"ListItem","position":1,"name":"Home","item":"https:\/\/nanot.eu\/es\/"},{"@type":"ListItem","position":2,"name":"Nuestra empresa"}]}]}},"_links":{"self":[{"href":"https:\/\/nanot.eu\/es\/wp-json\/wp\/v2\/pages\/1125"}],"collection":[{"href":"https:\/\/nanot.eu\/es\/wp-json\/wp\/v2\/pages"}],"about":[{"href":"https:\/\/nanot.eu\/es\/wp-json\/wp\/v2\/types\/page"}],"author":[{"embeddable":true,"href":"https:\/\/nanot.eu\/es\/wp-json\/wp\/v2\/users\/3"}],"replies":[{"embeddable":true,"href":"https:\/\/nanot.eu\/es\/wp-json\/wp\/v2\/comments?post=1125"}],"version-history":[{"count":1,"href":"https:\/\/nanot.eu\/es\/wp-json\/wp\/v2\/pages\/1125\/revisions"}],"predecessor-version":[{"id":1126,"href":"https:\/\/nanot.eu\/es\/wp-json\/wp\/v2\/pages\/1125\/revisions\/1126"}],"wp:attachment":[{"href":"https:\/\/nanot.eu\/es\/wp-json\/wp\/v2\/media?parent=1125"}],"curies":[{"name":"wp","href":"https:\/\/api.w.org\/{rel}","templated":true}]}}