{"id":1127,"date":"2022-05-16T10:54:21","date_gmt":"2022-05-16T08:54:21","guid":{"rendered":"https:\/\/nanot.eu\/?page_id=1127"},"modified":"2022-06-29T09:42:43","modified_gmt":"2022-06-29T07:42:43","slug":"contacto","status":"publish","type":"page","link":"https:\/\/nanot.eu\/es\/contacto\/","title":{"rendered":"Contacto"},"content":{"rendered":"<p>[vc_row css=\u00bb.vc_custom_1623921810069{background-image: url(https:\/\/nanot.eu\/wp-content\/uploads\/2021\/05\/sfondo-sfumato.jpg?id=220) !important;background-position: center !important;background-repeat: no-repeat !important;background-size: cover !important;}\u00bb el_id=\u00bbform-newsletter\u00bb][vc_column enable_content_animation=\u00bbyes\u00bb animation_preset=\u00bbFade In Up\u00bb ca_duration=\u00bb1500&#8243; ca_delay=\u00bb200&#8243;][vc_row_inner][vc_column_inner width=\u00bb1\/2&#8243;]<style>.ld_spacer_69d037a8542fe{height:65px;}<\/style>\n<div class=\"ld-empty-space ld_spacer_69d037a8542fe\"><span class=\"liquid_empty_space_inner\"><\/span><\/div><style>.ld_fancy_heading_69d037a8545c4 .lqd-highlight-inner{height:0.275em;bottom:0px;}<\/style><div class=\"ld-fancy-heading text-left ld_fancy_heading_69d037a8545c4\">\n\t<h2 class=\"lqd-highlight-underline lqd-highlight-grow-left\" ><span class=\"ld-fh-txt\"> \u00a1Recibe material exclusivo<br \/>\nde Nano.T\u00ae!<\/span><\/h2><\/div><style>.ld_fancy_heading_69d037a854a35 .lqd-highlight-inner{height:0.275em;bottom:0px;}<\/style><div class=\"ld-fancy-heading ld_fancy_heading_69d037a854a35\">\n\t<h3 class=\"lqd-highlight-underline lqd-highlight-grow-left\" ><span class=\"ld-fh-txt\"> El desarrollo de una agricultura<br \/>\ninnovadora como soluci\u00f3n para<br \/>\nsatisfacer las exigencias futuras.<\/span><\/h3><\/div><style>.ld_fancy_heading_69d037a854cee .lqd-highlight-inner{height:0.275em;bottom:0px;}<\/style><div class=\"ld-fancy-heading ld_fancy_heading_69d037a854cee\">\n\t<p class=\"lqd-highlight-underline lqd-highlight-grow-left\" ><span class=\"ld-fh-txt\"> <strong>Rellena nuestro formulario<\/strong> para recibir informaci\u00f3n y material exclusivo de Nano.T y la nanotecnolog\u00eda en la agricultura.<\/p>\n<p>Recibir\u00e1s 4 e-mail con <strong>v\u00eddeo e informaci\u00f3n espec\u00edfica descargables<\/strong>, que te guiar\u00e1n en el descubrimiento de esta nueva tecnol\u00f3gica y de las ventajas que podr\u00eda obtener tu actividad.<\/span><\/p><\/div><style>.ld_spacer_69d037a854f26{height:65px;}<\/style>\n<div class=\"ld-empty-space ld_spacer_69d037a854f26\"><span class=\"liquid_empty_space_inner\"><\/span><\/div><style>.ld_fancy_heading_69d037a8550fc .lqd-highlight-inner{height:0.275em;bottom:0px;}<\/style><div class=\"ld-fancy-heading ld_fancy_heading_69d037a8550fc\">\n\t<h6 class=\"lqd-highlight-underline lqd-highlight-grow-left\" ><span class=\"ld-fh-txt\"> Para obtener m\u00e1s informaci\u00f3n sobre c\u00f3mo contactarnos o enviar un mensaje, haga <u><a href=\"https:\/\/fcpcerea.it\/es\/contacto\/\" target=\"_blank\" rel=\"noopener\">clic aqu\u00ed.<\/a><\/u><\/span><\/h6><\/div>[\/vc_column_inner][vc_column_inner width=\u00bb1\/2&#8243;]<style>.ld_spacer_69d037a855316{height:65px;}<\/style>\n<div class=\"ld-empty-space ld_spacer_69d037a855316\"><span class=\"liquid_empty_space_inner\"><\/span><\/div>[vc_column_text]<div class=\"frm_forms  with_frm_style frm_style_stile-di-formidable\" id=\"frm_form_6_container\" >\n<form enctype=\"multipart\/form-data\" method=\"post\" class=\"frm-show-form  frm_js_validate  frm_pro_form  frm_ajax_submit \" id=\"form_newsletter9f4eeb8b72\"  >\n<div class=\"frm_form_fields \">\n<fieldset>\n<legend class=\"frm_screen_reader\">Newsletter SPA<\/legend>\r\n\r\n<div class=\"frm_fields_container\">\n<input type=\"hidden\" name=\"frm_action\" value=\"create\" \/>\n<input type=\"hidden\" name=\"form_id\" value=\"6\" \/>\n<input type=\"hidden\" name=\"frm_hide_fields_6\" id=\"frm_hide_fields_6\" value=\"\" \/>\n<input type=\"hidden\" name=\"form_key\" value=\"newsletter9f4eeb8b72\" \/>\n<input type=\"hidden\" name=\"item_meta[0]\" value=\"\" \/>\n<input type=\"hidden\" id=\"frm_submit_entry_6\" name=\"frm_submit_entry_6\" value=\"9a35733620\" \/><input type=\"hidden\" name=\"_wp_http_referer\" value=\"\/es\/wp-json\/wp\/v2\/pages\/1127\" \/><input type=\"hidden\" name=\"item_meta[51]\" id=\"field_q9b9d8b5e3762c6\" value=\"3-04-2026 - 23:56:56\"  data-frmval=\"3-04-2026 - 23:56:56\" data-invmsg=\"DATA - ORA no es v\u00e1lido\"   \/>\n<div id=\"frm_field_52_container\" class=\"frm_form_field form-field  frm_required_field frm_top_container frm_full\">\r\n    <label for=\"field_qh4icy3703fb30cc4e052dd36c\" id=\"field_qh4icy3703fb30cc4e052dd36c_label\" class=\"frm_primary_label\">Nombre\r\n        <span class=\"frm_required\" aria-hidden=\"true\">*<\/span>\r\n    <\/label>\r\n    <input type=\"text\" id=\"field_qh4icy3703fb30cc4e052dd36c\" name=\"item_meta[52]\" value=\"\"  data-reqmsg=\"Informaci\u00f3n obligatoria.\" aria-required=\"true\" data-invmsg=\"Name non \u00e8 valido\" aria-invalid=\"false\"  \/>\r\n    \r\n    \r\n<\/div>\n<div id=\"frm_field_53_container\" class=\"frm_form_field form-field  frm_required_field frm_top_container frm_full\">\r\n    <label for=\"field_29yf4d1e776194296cef37d5e8\" id=\"field_29yf4d1e776194296cef37d5e8_label\" class=\"frm_primary_label\">Email\r\n        <span class=\"frm_required\" aria-hidden=\"true\">*<\/span>\r\n    <\/label>\r\n    <input type=\"email\" id=\"field_29yf4d1e776194296cef37d5e8\" name=\"item_meta[53]\" value=\"\"  data-reqmsg=\"Informaci\u00f3n obligatoria.\" aria-required=\"true\" data-invmsg=\"Correo electr\u00f3nico no v\u00e1lido\" aria-invalid=\"false\"  \/>\r\n    \r\n    \r\n<\/div>\n<div id=\"frm_field_54_container\" class=\"frm_form_field form-field  frm_top_container frm_full\">\r\n    <label for=\"field_euk78eb8b907f592c48b38a87\" id=\"field_euk78eb8b907f592c48b38a87_label\" class=\"frm_primary_label\">Tel\u00e9fono\r\n        <span class=\"frm_required\" aria-hidden=\"true\"><\/span>\r\n    <\/label>\r\n    <input type=\"tel\" id=\"field_euk78eb8b907f592c48b38a87\" name=\"item_meta[54]\" value=\"\"  data-invmsg=\"Phone non \u00e8 valido\" aria-invalid=\"false\" pattern=\"((\\+\\d{1,3}(-|.| )?\\(?\\d\\)?(-| |.)?\\d{1,5})|(\\(?\\d{2,6}\\)?))(-|.| )?(\\d{3,4})(-|.| )?(\\d{4})(( x| ext)\\d{1,5}){0,1}$\"  \/>\r\n    \r\n    \r\n<\/div>\n<div id=\"frm_field_75_container\" class=\"frm_form_field form-field  frm_top_container\">\r\n    <label for=\"field_yljfb\" id=\"field_yljfb_label\" class=\"frm_primary_label\">Pa\u00eds\r\n        <span class=\"frm_required\" aria-hidden=\"true\"><\/span>\r\n    <\/label>\r\n    <input type=\"text\" id=\"field_yljfb\" name=\"item_meta[75]\" value=\"\"  data-invmsg=\"Testo non \u00e8 valido\" aria-invalid=\"false\"  \/>\r\n    \r\n    \r\n<\/div>\n<div id=\"frm_field_56_container\" class=\"frm_form_field form-field  frm_top_container\">\r\n    <label for=\"field_621kbc2f52aa67f\" id=\"field_621kbc2f52aa67f_label\" class=\"frm_primary_label\">Cualificaci\u00f3n\r\n        <span class=\"frm_required\" aria-hidden=\"true\"><\/span>\r\n    <\/label>\r\n    \t\t<select name=\"item_meta[56]\" id=\"field_621kbc2f52aa67f\"  data-invmsg=\"Cualificaci\u00f3n no es v\u00e1lido\" aria-invalid=\"false\"  >\n\t\t\t\t<option value=\"Agr\u00f3nomo \/ T\u00e9cnico agr\u00edcola\"  class=\"\">\n\t\t\tAgr\u00f3nomo \/ T\u00e9cnico agr\u00edcola\t\t<\/option>\n\t\t\t<option value=\"Agricultor\"  class=\"\">\n\t\t\tAgricultor\t\t<\/option>\n\t\t\t<option value=\"Distribuci\u00f3n \/ Insumos\"  class=\"\">\n\t\t\tDistribuci\u00f3n \/ Insumos\t\t<\/option>\n\t\t\t<option value=\"Agente \/ T\u00e9cnico comercial\"  class=\"\">\n\t\t\tAgente \/ T\u00e9cnico comercial\t\t<\/option>\n\t\t\t<option value=\"Consorcio \/ Cooperativa\"  class=\"\">\n\t\t\tConsorcio \/ Cooperativa\t\t<\/option>\n\t\t\t<option value=\"Otro\"  class=\"\">\n\t\t\tOtro\t\t<\/option>\n\t\t<\/select>\n\t\r\n    \r\n    \r\n<\/div>\n<div id=\"frm_field_58_container\" class=\"frm_form_field form-field  frm_required_field frm_none_container frm12 frm_first vertical_radio\">\r\n    <div  id=\"field_c3qzwe17d78696d_label\" class=\"frm_primary_label\">Privacy Policy\r\n        <span class=\"frm_required\" aria-hidden=\"true\">*<\/span>\r\n    <\/div>\r\n    <div class=\"frm_opt_container\" aria-labelledby=\"field_c3qzwe17d78696d_label\" role=\"group\">\t\t<div class=\"frm_checkbox\" id=\"frm_checkbox_58-0\"><label for=\"field_c3qzwe17d78696d-0\"><input type=\"checkbox\" name=\"item_meta[58][]\" id=\"field_c3qzwe17d78696d-0\" value=\"Acepto el tratamiento de mis datos personales para recibir material exclusivo Nano.T seg\u00fan est\u00e1 especificado en el &lt;a href=&quot;https:\/\/nanot.eu\/en\/form-contatti-informativa\/&quot;&gt;Privacy Policy&lt;\/a&gt;\"  data-reqmsg=\"Informaci\u00f3n obligatoria.\" data-invmsg=\"Privacy Policy no es v\u00e1lido\" aria-invalid=\"false\"   \/> Acepto el tratamiento de mis datos personales para recibir material exclusivo Nano.T seg\u00fan est\u00e1 especificado en el <a href=\"https:\/\/nanot.eu\/en\/form-contatti-informativa\/\">Privacy Policy<\/a><\/label><\/div>\n<\/div>\r\n    \r\n    \r\n<\/div>\n<div id=\"frm_field_57_container\" class=\"frm_form_field form-field  frm_none_container vertical_radio\">\r\n    <div  id=\"field_m903aa09ef1991c_label\" class=\"frm_primary_label\">Iscrizione alla newsletter FCP\r\n        <span class=\"frm_required\" aria-hidden=\"true\"><\/span>\r\n    <\/div>\r\n    <div class=\"frm_opt_container\" aria-labelledby=\"field_m903aa09ef1991c_label\" role=\"group\">\t\t<div class=\"frm_checkbox\" id=\"frm_checkbox_57-0\"><label for=\"field_m903aa09ef1991c-0\"><input type=\"checkbox\" name=\"item_meta[57][]\" id=\"field_m903aa09ef1991c-0\" value=\"Deseo registrarme a la newsletter para estar siempre actualizado sobre las novedades de FCP Cerea con detalles, consejos y actividades del mundo de los fertilizantes\"  data-invmsg=\"Iscrizione alla newsletter FCP no es v\u00e1lido\" aria-invalid=\"false\"   \/> Deseo registrarme a la newsletter para estar siempre actualizado sobre las novedades de FCP Cerea con detalles, consejos y actividades del mundo de los fertilizantes<\/label><\/div>\n<\/div>\r\n    \r\n    \r\n<\/div>\n<div id=\"frm_field_59_container\" class=\"frm_form_field form-field  frm_none_container frm12 frm_first\">\r\n    <label for=\"g-recaptcha-response\" id=\"field_l6rot6c61958faa_label\" class=\"frm_primary_label\">reCAPTCHA\r\n        <span class=\"frm_required\" aria-hidden=\"true\"><\/span>\r\n    <\/label>\r\n    <div id=\"field_l6rot6c61958faa\" class=\"frm-g-recaptcha\" data-sitekey=\"6LevGWEbAAAAAGxLv8uXlaxz-vDuAN6H1dvYdPDD\" data-size=\"normal\" data-theme=\"light\"><\/div>\r\n    \r\n    \r\n<\/div>\n\t<input type=\"hidden\" name=\"item_key\" value=\"\" \/>\n\t\t\t\t<div class=\"frm_verify\" aria-hidden=\"true\">\n\t\t\t\t<label for=\"frm_email_6\">\n\t\t\t\t\tSi eres humano, deja este campo en blanco.\t\t\t\t<\/label>\n\t\t\t\t<input type=\"text\" class=\"frm_verify\" id=\"frm_email_6\" name=\"frm_verify\" value=\"\"  \/>\n\t\t\t<\/div>\n\t\t<input name=\"frm_state\" type=\"hidden\" value=\"4ZeJFmmbsbeKKTg9GLAigOs9U4GThVTkHPQUlePd1oQ=\" \/><div class=\"frm_submit\">\r\n\r\n<button class=\"frm_button_submit frm_final_submit\" type=\"submit\"   formnovalidate=\"formnovalidate\">SOLICITA MATERIAL EXCLUSIVO<\/button>\r\n\r\n<\/div><\/div>\n<\/fieldset>\n<\/div>\n<\/form>\n<\/div>\n[\/vc_column_text][\/vc_column_inner][\/vc_row_inner][\/vc_column][\/vc_row][vc_row content_placement=\u00bbmiddle\u00bb enable_overlay=\u00bbyes\u00bb overlay_bg=\u00bbrgba(0, 0, 0, 0)\u00bb css=\u00bb.vc_custom_1623849152287{background-color: #eceef1 !important;}\u00bb][\/vc_row][vc_column width=\u00bb1\/2&#8243; enable_content_animation=\u00bbyes\u00bb animation_preset=\u00bbFade In Up\u00bb align=\u00bbtext-left\u00bb ca_duration=\u00bb1500&#8243; ca_delay=\u00bb200&#8243;][\/vc_column]<\/p>\n","protected":false},"excerpt":{"rendered":"<p>[vc_row css=\u00bb.vc_custom_1623921810069{background-image: url(https:\/\/nanot.eu\/wp-content\/uploads\/2021\/05\/sfondo-sfumato.jpg?id=220) !important;background-position: center !important;background-repeat: no-repeat !important;background-size: cover !important;}\u00bb el_id=\u00bbform-newsletter\u00bb][vc_column enable_content_animation=\u00bbyes\u00bb animation_preset=\u00bbFade In Up\u00bb&#8230;<\/p>\n","protected":false},"author":3,"featured_media":0,"parent":0,"menu_order":0,"comment_status":"closed","ping_status":"closed","template":"","meta":[],"yoast_head":"<!-- This site is optimized with the Yoast SEO plugin v16.9 - https:\/\/yoast.com\/wordpress\/plugins\/seo\/ -->\n<title>Contacto - NANO.T<\/title>\n<meta name=\"robots\" content=\"index, follow, max-snippet:-1, max-image-preview:large, max-video-preview:-1\" \/>\n<link rel=\"canonical\" href=\"https:\/\/nanot.eu\/es\/contatti\/\" \/>\n<meta property=\"og:locale\" content=\"es_ES\" \/>\n<meta property=\"og:type\" content=\"article\" \/>\n<meta property=\"og:title\" content=\"Contacto - NANO.T\" \/>\n<meta property=\"og:description\" content=\"[vc_row css=\u00bb.vc_custom_1623921810069{background-image: url(https:\/\/nanot.eu\/wp-content\/uploads\/2021\/05\/sfondo-sfumato.jpg?id=220) !important;background-position: center !important;background-repeat: no-repeat !important;background-size: cover !important;}\u00bb el_id=\u00bbform-newsletter\u00bb][vc_column enable_content_animation=\u00bbyes\u00bb animation_preset=\u00bbFade In Up\u00bb...\" \/>\n<meta property=\"og:url\" content=\"https:\/\/nanot.eu\/contatti\/\" \/>\n<meta property=\"og:site_name\" content=\"NANO.T\" \/>\n<meta property=\"article:modified_time\" content=\"2022-06-29T07:42:43+00:00\" \/>\n<meta name=\"twitter:card\" content=\"summary_large_image\" \/>\n<meta name=\"twitter:label1\" content=\"Tiempo de lectura\" \/>\n\t<meta name=\"twitter:data1\" content=\"1 minuto\" \/>\n<script type=\"application\/ld+json\" class=\"yoast-schema-graph\">{\"@context\":\"https:\/\/schema.org\",\"@graph\":[{\"@type\":\"WebSite\",\"@id\":\"https:\/\/nanot.eu\/#website\",\"url\":\"https:\/\/nanot.eu\/\",\"name\":\"NANO.T\",\"description\":\"Fertilizzanti Smart, Innovativi e Sostenibili\",\"potentialAction\":[{\"@type\":\"SearchAction\",\"target\":{\"@type\":\"EntryPoint\",\"urlTemplate\":\"https:\/\/nanot.eu\/?s={search_term_string}\"},\"query-input\":\"required name=search_term_string\"}],\"inLanguage\":\"es\"},{\"@type\":\"WebPage\",\"@id\":\"https:\/\/nanot.eu\/contatti\/#webpage\",\"url\":\"https:\/\/nanot.eu\/contatti\/\",\"name\":\"Contacto - NANO.T\",\"isPartOf\":{\"@id\":\"https:\/\/nanot.eu\/#website\"},\"datePublished\":\"2022-05-16T08:54:21+00:00\",\"dateModified\":\"2022-06-29T07:42:43+00:00\",\"breadcrumb\":{\"@id\":\"https:\/\/nanot.eu\/contatti\/#breadcrumb\"},\"inLanguage\":\"es\",\"potentialAction\":[{\"@type\":\"ReadAction\",\"target\":[\"https:\/\/nanot.eu\/contatti\/\"]}]},{\"@type\":\"BreadcrumbList\",\"@id\":\"https:\/\/nanot.eu\/contatti\/#breadcrumb\",\"itemListElement\":[{\"@type\":\"ListItem\",\"position\":1,\"name\":\"Home\",\"item\":\"https:\/\/nanot.eu\/es\/\"},{\"@type\":\"ListItem\",\"position\":2,\"name\":\"Contacto\"}]}]}<\/script>\n<!-- \/ Yoast SEO plugin. -->","yoast_head_json":{"title":"Contacto - NANO.T","robots":{"index":"index","follow":"follow","max-snippet":"max-snippet:-1","max-image-preview":"max-image-preview:large","max-video-preview":"max-video-preview:-1"},"canonical":"https:\/\/nanot.eu\/es\/contatti\/","og_locale":"es_ES","og_type":"article","og_title":"Contacto - NANO.T","og_description":"[vc_row css=\u00bb.vc_custom_1623921810069{background-image: url(https:\/\/nanot.eu\/wp-content\/uploads\/2021\/05\/sfondo-sfumato.jpg?id=220) !important;background-position: center !important;background-repeat: no-repeat !important;background-size: cover !important;}\u00bb el_id=\u00bbform-newsletter\u00bb][vc_column enable_content_animation=\u00bbyes\u00bb animation_preset=\u00bbFade In Up\u00bb...","og_url":"https:\/\/nanot.eu\/contatti\/","og_site_name":"NANO.T","article_modified_time":"2022-06-29T07:42:43+00:00","twitter_card":"summary_large_image","twitter_misc":{"Tiempo de lectura":"1 minuto"},"schema":{"@context":"https:\/\/schema.org","@graph":[{"@type":"WebSite","@id":"https:\/\/nanot.eu\/#website","url":"https:\/\/nanot.eu\/","name":"NANO.T","description":"Fertilizzanti Smart, Innovativi e Sostenibili","potentialAction":[{"@type":"SearchAction","target":{"@type":"EntryPoint","urlTemplate":"https:\/\/nanot.eu\/?s={search_term_string}"},"query-input":"required name=search_term_string"}],"inLanguage":"es"},{"@type":"WebPage","@id":"https:\/\/nanot.eu\/contatti\/#webpage","url":"https:\/\/nanot.eu\/contatti\/","name":"Contacto - NANO.T","isPartOf":{"@id":"https:\/\/nanot.eu\/#website"},"datePublished":"2022-05-16T08:54:21+00:00","dateModified":"2022-06-29T07:42:43+00:00","breadcrumb":{"@id":"https:\/\/nanot.eu\/contatti\/#breadcrumb"},"inLanguage":"es","potentialAction":[{"@type":"ReadAction","target":["https:\/\/nanot.eu\/contatti\/"]}]},{"@type":"BreadcrumbList","@id":"https:\/\/nanot.eu\/contatti\/#breadcrumb","itemListElement":[{"@type":"ListItem","position":1,"name":"Home","item":"https:\/\/nanot.eu\/es\/"},{"@type":"ListItem","position":2,"name":"Contacto"}]}]}},"_links":{"self":[{"href":"https:\/\/nanot.eu\/es\/wp-json\/wp\/v2\/pages\/1127"}],"collection":[{"href":"https:\/\/nanot.eu\/es\/wp-json\/wp\/v2\/pages"}],"about":[{"href":"https:\/\/nanot.eu\/es\/wp-json\/wp\/v2\/types\/page"}],"author":[{"embeddable":true,"href":"https:\/\/nanot.eu\/es\/wp-json\/wp\/v2\/users\/3"}],"replies":[{"embeddable":true,"href":"https:\/\/nanot.eu\/es\/wp-json\/wp\/v2\/comments?post=1127"}],"version-history":[{"count":5,"href":"https:\/\/nanot.eu\/es\/wp-json\/wp\/v2\/pages\/1127\/revisions"}],"predecessor-version":[{"id":1269,"href":"https:\/\/nanot.eu\/es\/wp-json\/wp\/v2\/pages\/1127\/revisions\/1269"}],"wp:attachment":[{"href":"https:\/\/nanot.eu\/es\/wp-json\/wp\/v2\/media?parent=1127"}],"curies":[{"name":"wp","href":"https:\/\/api.w.org\/{rel}","templated":true}]}}