{"id":1130,"date":"2022-05-13T11:25:22","date_gmt":"2022-05-13T09:25:22","guid":{"rendered":"https:\/\/nanot.eu\/?page_id=1130"},"modified":"2023-03-01T14:53:24","modified_gmt":"2023-03-01T13:53:24","slug":"gama","status":"publish","type":"page","link":"https:\/\/nanot.eu\/es\/gama\/","title":{"rendered":"Gama"},"content":{"rendered":"<p>[vc_row enable_overlay=\u00bbyes\u00bb overlay_bg=\u00bbrgba(0, 0, 0, 0)\u00bb][vc_column enable_content_animation=\u00bbyes\u00bb animation_preset=\u00bbFade In Up\u00bb align=\u00bbtext-center\u00bb ca_duration=\u00bb1500&#8243; ca_delay=\u00bb200&#8243;]<style>.ld_spacer_69d269388d7cc{height:100px;}<\/style>\n<div class=\"ld-empty-space ld_spacer_69d269388d7cc\"><span class=\"liquid_empty_space_inner\"><\/span><\/div><style>.ld_fancy_heading_69d269388da8f .lqd-highlight-inner{height:0.275em;bottom:0px;}<\/style><div class=\"ld-fancy-heading ld_fancy_heading_69d269388da8f\">\n\t<h6 class=\"lqd-highlight-underline lqd-highlight-grow-left\" ><span class=\"ld-fh-txt\"> Nuestros productos<\/span><\/h6><\/div><style>.ld_fancy_heading_69d269388de5c .lqd-highlight-inner{height:0.275em;bottom:0px;}<\/style><div class=\"ld-fancy-heading ld_fancy_heading_69d269388de5c\">\n\t<h2 class=\"lqd-highlight-underline lqd-highlight-grow-left\" ><span class=\"ld-fh-txt\"> La gama Nano.T\u00ae<\/span><\/h2><\/div><style>.ld_spacer_69d269388e091{height:32px;}<\/style>\n<div class=\"ld-empty-space ld_spacer_69d269388e091\"><span class=\"liquid_empty_space_inner\"><\/span><\/div>[vc_row_inner equal_height=\u00bbyes\u00bb content_placement=\u00bbtop\u00bb el_id=\u00bbprodotti\u00bb][vc_column_inner width=\u00bb1\/2&#8243; align=\u00bbtext-center\u00bb][vc_single_image image=\u00bb1883&#8243; img_size=\u00bbmedium\u00bb alignment=\u00bbcenter\u00bb]<style>.ld_fancy_heading_69d269388e2b4 .lqd-highlight-inner{height:0.275em;bottom:0px;}<\/style><div class=\"ld-fancy-heading ld_fancy_heading_69d269388e2b4\">\n\t<h3 class=\"lqd-highlight-underline lqd-highlight-grow-left\" ><span class=\"ld-fh-txt\"> <a href=\"https:\/\/fcpcerea.it\/es\/productos\/nano-t-fe\/\" target=\"_blank\" rel=\"noopener\"><strong>Nano.T\u00ae &#8211; Fe<\/strong><\/a><\/span><\/h3><\/div>[vc_column_text]Fertilizante l\u00edquido innovador a base de <strong>nanopart\u00edculas de hierro<\/strong>\u00a0 (dimensi\u00f3n &lt;100 nm), no queda retenido en el suelo y es disponible para la planta. Utilizado en fertiirrigaci\u00f3n a <strong>bajas dosis, previene<\/strong> los da\u00f1os debidos a <strong>clorosis f\u00e9rrica<\/strong>.[\/vc_column_text][\/vc_column_inner][vc_column_inner width=\u00bb1\/2&#8243; align=\u00bbtext-center\u00bb responsive_css=\u00bbpadding_top_large:0px|padding_top_small:0px\u00bb css=\u00bb.vc_custom_1624373092601{padding-top: 50px !important;}\u00bb][vc_single_image image=\u00bb1875&#8243; img_size=\u00bbmedium\u00bb alignment=\u00bbcenter\u00bb]<style>.ld_fancy_heading_69d269388e565 .lqd-highlight-inner{height:0.275em;bottom:0px;}<\/style><div class=\"ld-fancy-heading ld_fancy_heading_69d269388e565\">\n\t<h3 class=\"lqd-highlight-underline lqd-highlight-grow-left\" ><span class=\"ld-fh-txt\"> <a href=\"https:\/\/fcpcerea.it\/es\/productos\/nano-t-fe-bio\/\" target=\"_blank\" rel=\"noopener\"><strong>Nano.T\u00ae &#8211; Bio<\/strong><\/a><\/span><\/h3><\/div>[vc_column_text]Fertilizante l\u00edquido <strong>ecol\u00f3gico<\/strong> a base de <strong>nanopart\u00edculas de hierro<\/strong> (dimensi\u00f3n &lt;100 nm). Nano.T Bio es una nueva tecnolog\u00eda que, aplicada en fertiirrigaci\u00f3n a bajas dosis, garantiza una <strong>elevada eficacia<\/strong> contra la <strong>clorosis f\u00e9rrica<\/strong>. Permitido en agricultura ecol\u00f3gica.[\/vc_column_text][\/vc_column_inner][\/vc_row_inner][vc_row_inner equal_height=\u00bbyes\u00bb content_placement=\u00bbtop\u00bb][vc_column_inner width=\u00bb1\/2&#8243; align=\u00bbtext-center\u00bb][vc_single_image image=\u00bb1879&#8243; img_size=\u00bbmedium\u00bb alignment=\u00bbcenter\u00bb]<style>.ld_fancy_heading_69d269388e7fb .lqd-highlight-inner{height:0.275em;bottom:0px;}<\/style><div class=\"ld-fancy-heading ld_fancy_heading_69d269388e7fb\">\n\t<h3 class=\"lqd-highlight-underline lqd-highlight-grow-left\" ><span class=\"ld-fh-txt\"> <a href=\"https:\/\/fcpcerea.it\/es\/productos\/nano-t-npk\/\" target=\"_blank\" rel=\"noopener\"><strong>Nano.T\u00ae &#8211; Total<\/strong><\/a><\/span><\/h3><\/div>[vc_column_text]<strong>Fertilizante l\u00edquido NPK<\/strong> que <strong>aporta<\/strong> <strong>nanopart\u00edculas de f\u00f3sforo y hierro<\/strong> (dimensi\u00f3n &lt;100 nm), garantizando una <strong>nutrici\u00f3n completa<\/strong> en modo <strong>sostenible<\/strong>. Empleado en <strong>fertiirrigaci\u00f3n<\/strong> <strong>previene<\/strong> problemas de <strong>clorosis<\/strong>, mejorando la absorci\u00f3n del hierro gracias a su <strong>liberaci\u00f3n controlada<\/strong>.[\/vc_column_text][\/vc_column_inner][vc_column_inner width=\u00bb1\/2&#8243; align=\u00bbtext-center\u00bb responsive_css=\u00bbpadding_top_large:0px|padding_top_small:0px\u00bb css=\u00bb.vc_custom_1624373092601{padding-top: 50px !important;}\u00bb][vc_single_image image=\u00bb1887&#8243; img_size=\u00bbmedium\u00bb alignment=\u00bbcenter\u00bb]<style>.ld_fancy_heading_69d269388ea80 .lqd-highlight-inner{height:0.275em;bottom:0px;}<\/style><div class=\"ld-fancy-heading ld_fancy_heading_69d269388ea80\">\n\t<h3 class=\"lqd-highlight-underline lqd-highlight-grow-left\" ><span class=\"ld-fh-txt\"> <a href=\"https:\/\/fcpcerea.it\/es\/productos\/nano-t-cu\/\" target=\"_blank\" rel=\"noopener\"><strong>Nano.T\u00ae &#8211; Cu<\/strong><\/a><\/span><\/h3><\/div>[vc_column_text]Es un fertilizante <strong>de alta eficiencia nutriciona<\/strong>l gracias al peque\u00f1o tama\u00f1o <strong>(nanotecnolog\u00eda) de las part\u00edculas de cobre<\/strong> presentes en la formulaci\u00f3n. En aplicaciones foliares es ideal para activar<strong> las defensas naturales de la planta y prevenir enfermedades y trastornos nutricionales<\/strong>.[\/vc_column_text][\/vc_column_inner][\/vc_row_inner][\/vc_column][\/vc_row]<\/p>\n","protected":false},"excerpt":{"rendered":"<p>[vc_row enable_overlay=\u00bbyes\u00bb overlay_bg=\u00bbrgba(0, 0, 0, 0)\u00bb][vc_column enable_content_animation=\u00bbyes\u00bb animation_preset=\u00bbFade In Up\u00bb align=\u00bbtext-center\u00bb ca_duration=\u00bb1500&#8243; ca_delay=\u00bb200&#8243;][vc_row_inner equal_height=\u00bbyes\u00bb content_placement=\u00bbtop\u00bb&#8230;<\/p>\n","protected":false},"author":3,"featured_media":0,"parent":0,"menu_order":0,"comment_status":"closed","ping_status":"closed","template":"","meta":[],"yoast_head":"<!-- This site is optimized with the Yoast SEO plugin v16.9 - https:\/\/yoast.com\/wordpress\/plugins\/seo\/ -->\n<title>Gama - NANO.T<\/title>\n<meta name=\"robots\" content=\"index, follow, max-snippet:-1, max-image-preview:large, max-video-preview:-1\" \/>\n<link rel=\"canonical\" href=\"https:\/\/nanot.eu\/es\/gamma\/\" \/>\n<meta property=\"og:locale\" content=\"es_ES\" \/>\n<meta property=\"og:type\" content=\"article\" \/>\n<meta property=\"og:title\" content=\"Gama - NANO.T\" \/>\n<meta property=\"og:description\" content=\"[vc_row enable_overlay=\u00bbyes\u00bb overlay_bg=\u00bbrgba(0, 0, 0, 0)\u00bb][vc_column enable_content_animation=\u00bbyes\u00bb animation_preset=\u00bbFade In Up\u00bb align=\u00bbtext-center\u00bb ca_duration=\u00bb1500&#8243; ca_delay=\u00bb200&#8243;][vc_row_inner equal_height=\u00bbyes\u00bb content_placement=\u00bbtop\u00bb...\" \/>\n<meta property=\"og:url\" content=\"https:\/\/nanot.eu\/gamma\/\" \/>\n<meta property=\"og:site_name\" content=\"NANO.T\" \/>\n<meta property=\"article:modified_time\" content=\"2023-03-01T13:53:24+00:00\" \/>\n<meta name=\"twitter:card\" content=\"summary_large_image\" \/>\n<meta name=\"twitter:label1\" content=\"Tiempo de lectura\" \/>\n\t<meta name=\"twitter:data1\" content=\"1 minuto\" \/>\n<script type=\"application\/ld+json\" class=\"yoast-schema-graph\">{\"@context\":\"https:\/\/schema.org\",\"@graph\":[{\"@type\":\"WebSite\",\"@id\":\"https:\/\/nanot.eu\/#website\",\"url\":\"https:\/\/nanot.eu\/\",\"name\":\"NANO.T\",\"description\":\"Fertilizzanti Smart, Innovativi e Sostenibili\",\"potentialAction\":[{\"@type\":\"SearchAction\",\"target\":{\"@type\":\"EntryPoint\",\"urlTemplate\":\"https:\/\/nanot.eu\/?s={search_term_string}\"},\"query-input\":\"required name=search_term_string\"}],\"inLanguage\":\"es\"},{\"@type\":\"WebPage\",\"@id\":\"https:\/\/nanot.eu\/gamma\/#webpage\",\"url\":\"https:\/\/nanot.eu\/gamma\/\",\"name\":\"Gama - NANO.T\",\"isPartOf\":{\"@id\":\"https:\/\/nanot.eu\/#website\"},\"datePublished\":\"2022-05-13T09:25:22+00:00\",\"dateModified\":\"2023-03-01T13:53:24+00:00\",\"breadcrumb\":{\"@id\":\"https:\/\/nanot.eu\/gamma\/#breadcrumb\"},\"inLanguage\":\"es\",\"potentialAction\":[{\"@type\":\"ReadAction\",\"target\":[\"https:\/\/nanot.eu\/gamma\/\"]}]},{\"@type\":\"BreadcrumbList\",\"@id\":\"https:\/\/nanot.eu\/gamma\/#breadcrumb\",\"itemListElement\":[{\"@type\":\"ListItem\",\"position\":1,\"name\":\"Home\",\"item\":\"https:\/\/nanot.eu\/es\/\"},{\"@type\":\"ListItem\",\"position\":2,\"name\":\"Gama\"}]}]}<\/script>\n<!-- \/ Yoast SEO plugin. -->","yoast_head_json":{"title":"Gama - NANO.T","robots":{"index":"index","follow":"follow","max-snippet":"max-snippet:-1","max-image-preview":"max-image-preview:large","max-video-preview":"max-video-preview:-1"},"canonical":"https:\/\/nanot.eu\/es\/gamma\/","og_locale":"es_ES","og_type":"article","og_title":"Gama - NANO.T","og_description":"[vc_row enable_overlay=\u00bbyes\u00bb overlay_bg=\u00bbrgba(0, 0, 0, 0)\u00bb][vc_column enable_content_animation=\u00bbyes\u00bb animation_preset=\u00bbFade In Up\u00bb align=\u00bbtext-center\u00bb ca_duration=\u00bb1500&#8243; ca_delay=\u00bb200&#8243;][vc_row_inner equal_height=\u00bbyes\u00bb content_placement=\u00bbtop\u00bb...","og_url":"https:\/\/nanot.eu\/gamma\/","og_site_name":"NANO.T","article_modified_time":"2023-03-01T13:53:24+00:00","twitter_card":"summary_large_image","twitter_misc":{"Tiempo de lectura":"1 minuto"},"schema":{"@context":"https:\/\/schema.org","@graph":[{"@type":"WebSite","@id":"https:\/\/nanot.eu\/#website","url":"https:\/\/nanot.eu\/","name":"NANO.T","description":"Fertilizzanti Smart, Innovativi e Sostenibili","potentialAction":[{"@type":"SearchAction","target":{"@type":"EntryPoint","urlTemplate":"https:\/\/nanot.eu\/?s={search_term_string}"},"query-input":"required name=search_term_string"}],"inLanguage":"es"},{"@type":"WebPage","@id":"https:\/\/nanot.eu\/gamma\/#webpage","url":"https:\/\/nanot.eu\/gamma\/","name":"Gama - NANO.T","isPartOf":{"@id":"https:\/\/nanot.eu\/#website"},"datePublished":"2022-05-13T09:25:22+00:00","dateModified":"2023-03-01T13:53:24+00:00","breadcrumb":{"@id":"https:\/\/nanot.eu\/gamma\/#breadcrumb"},"inLanguage":"es","potentialAction":[{"@type":"ReadAction","target":["https:\/\/nanot.eu\/gamma\/"]}]},{"@type":"BreadcrumbList","@id":"https:\/\/nanot.eu\/gamma\/#breadcrumb","itemListElement":[{"@type":"ListItem","position":1,"name":"Home","item":"https:\/\/nanot.eu\/es\/"},{"@type":"ListItem","position":2,"name":"Gama"}]}]}},"_links":{"self":[{"href":"https:\/\/nanot.eu\/es\/wp-json\/wp\/v2\/pages\/1130"}],"collection":[{"href":"https:\/\/nanot.eu\/es\/wp-json\/wp\/v2\/pages"}],"about":[{"href":"https:\/\/nanot.eu\/es\/wp-json\/wp\/v2\/types\/page"}],"author":[{"embeddable":true,"href":"https:\/\/nanot.eu\/es\/wp-json\/wp\/v2\/users\/3"}],"replies":[{"embeddable":true,"href":"https:\/\/nanot.eu\/es\/wp-json\/wp\/v2\/comments?post=1130"}],"version-history":[{"count":4,"href":"https:\/\/nanot.eu\/es\/wp-json\/wp\/v2\/pages\/1130\/revisions"}],"predecessor-version":[{"id":1892,"href":"https:\/\/nanot.eu\/es\/wp-json\/wp\/v2\/pages\/1130\/revisions\/1892"}],"wp:attachment":[{"href":"https:\/\/nanot.eu\/es\/wp-json\/wp\/v2\/media?parent=1130"}],"curies":[{"name":"wp","href":"https:\/\/api.w.org\/{rel}","templated":true}]}}