{"id":1132,"date":"2022-05-13T11:29:34","date_gmt":"2022-05-13T09:29:34","guid":{"rendered":"https:\/\/nanot.eu\/?page_id=1132"},"modified":"2022-06-23T18:23:45","modified_gmt":"2022-06-23T16:23:45","slug":"nanotecnologia","status":"publish","type":"page","link":"https:\/\/nanot.eu\/es\/nanotecnologia\/","title":{"rendered":"Nanotecnolog\u00eda"},"content":{"rendered":"<p>[vc_row enable_overlay=\u00bbyes\u00bb overlay_bg=\u00bbrgba(0, 0, 0, 0)\u00bb css=\u00bb.vc_custom_1623849329189{background-position: center !important;background-repeat: no-repeat !important;background-size: cover !important;}\u00bb][\/vc_row][vc_row content_placement=\u00bbmiddle\u00bb enable_overlay=\u00bbyes\u00bb overlay_bg=\u00bbrgba(0, 0, 0, 0)\u00bb css=\u00bb.vc_custom_1623849356345{background-image: url(https:\/\/nanot.eu\/wp-content\/uploads\/2021\/05\/sfondo-sfumato.jpg?id=220) !important;background-position: center !important;background-repeat: no-repeat !important;background-size: cover !important;}\u00bb][vc_column width=\u00bb1\/6&#8243; align=\u00bbtext-center\u00bb][\/vc_column][vc_column width=\u00bb2\/3&#8243; enable_content_animation=\u00bbyes\u00bb animation_preset=\u00bbFade In Up\u00bb align=\u00bbtext-center\u00bb ca_duration=\u00bb1500&#8243; ca_delay=\u00bb200&#8243;]<style>.ld_spacer_69d0516d1fbff{height:100px;}<\/style>\n<div class=\"ld-empty-space ld_spacer_69d0516d1fbff\"><span class=\"liquid_empty_space_inner\"><\/span><\/div><style>.ld_fancy_heading_69d0516d1fe6d .lqd-highlight-inner{height:0.275em;bottom:0px;}<\/style><div class=\"ld-fancy-heading text-center ld_fancy_heading_69d0516d1fe6d\">\n\t<h2 class=\"lqd-highlight-underline lqd-highlight-grow-left\" ><span class=\"ld-fh-txt\"> Tecnolog\u00eda Nano.T\u00ae<\/span><\/h2><\/div><style>.ld_fancy_heading_69d0516d20236 .lqd-highlight-inner{height:0.275em;bottom:0px;}<\/style><div class=\"ld-fancy-heading ld_fancy_heading_69d0516d20236\">\n\t<h3 class=\"lqd-highlight-underline lqd-highlight-grow-left\" ><span class=\"ld-fh-txt\"> Fertilizantes l\u00edquidos peque\u00f1os, m\u00f3viles y eficaces<\/span><\/h3><\/div><style>.ld_fancy_heading_69d0516d204ac .lqd-highlight-inner{height:0.275em;bottom:0px;}<\/style><div class=\"ld-fancy-heading ld_fancy_heading_69d0516d204ac\">\n\t<p class=\"lqd-highlight-underline lqd-highlight-grow-left\" ><span class=\"ld-fh-txt\"> La tecnolog\u00eda Nano.T\u00ae ha sido desarrollada para crear <strong>fertilizantes l\u00edquidos<\/strong> que contienen <strong>nanopart\u00edculas en suspensi\u00f3n coloidal. <\/strong>Mediante la elaboraci\u00f3n de la materia con una dimensi\u00f3n menor a 100 nm se obtiene un <strong><strong>producto \u00fanico <\/strong><\/strong>en el mercado<strong>, <\/strong>que permite <strong><strong>paliar carencias <\/strong><\/strong>y clorosis<strong> en una manera nueva.<\/strong><\/p>\n<p>Gracias a las nanopart\u00edculas que lo forman, una vez aplicado, Nano.T <strong>no precipita en el terreno<\/strong> y se hace <strong>disponible para las plantas<\/strong>, llegando al aparato radical a trav\u00e9s de los poros del suelo <strong>(flujo de masa)<\/strong>.<\/p>\n<p>Una vez en contacto con las ra\u00edces, Nano.T\u00ae <strong>se disuelve f\u00e1cilmente<\/strong> favoreciendo la absorici\u00f3n de los nutrientes en \u00e9l presentes.<\/span><\/p><\/div><style>.ld_spacer_69d0516d20733{height:100px;}<\/style>\n<div class=\"ld-empty-space ld_spacer_69d0516d20733\"><span class=\"liquid_empty_space_inner\"><\/span><\/div>[\/vc_column][vc_column width=\u00bb1\/6&#8243;][\/vc_column][\/vc_row][vc_row content_placement=\u00bbmiddle\u00bb enable_overlay=\u00bbyes\u00bb overlay_bg=\u00bbrgba(0, 0, 0, 0)\u00bb css=\u00bb.vc_custom_1623163665644{background-color: #eceef1 !important;}\u00bb][vc_column width=\u00bb1\/6&#8243; align=\u00bbtext-center\u00bb][\/vc_column][vc_column width=\u00bb2\/3&#8243; enable_content_animation=\u00bbyes\u00bb animation_preset=\u00bbFade In Up\u00bb align=\u00bbtext-center\u00bb ca_duration=\u00bb1500&#8243; ca_delay=\u00bb200&#8243;]<style>.ld_spacer_69d0516d2089d{height:65px;}<\/style>\n<div class=\"ld-empty-space ld_spacer_69d0516d2089d\"><span class=\"liquid_empty_space_inner\"><\/span><\/div><style>.ld_fancy_heading_69d0516d20a64 .lqd-highlight-inner{height:0.275em;bottom:0px;}<\/style><div class=\"ld-fancy-heading ld_fancy_heading_69d0516d20a64\">\n\t<h3 class=\"lqd-highlight-underline lqd-highlight-grow-left\" ><span class=\"ld-fh-txt\"> Los nano-fertilizantes se caracterizan por ser<\/span><\/h3><\/div><style>.ld_spacer_69d0516d20c73{height:32px;}<\/style>\n<div class=\"ld-empty-space ld_spacer_69d0516d20c73\"><span class=\"liquid_empty_space_inner\"><\/span><\/div>[vc_separator color=\u00bbblack\u00bb][vc_row_inner][vc_column_inner width=\u00bb1\/3&#8243; align=\u00bbtext-center\u00bb][vc_column_text]<strong>Peque\u00f1os<\/strong>[\/vc_column_text][\/vc_column_inner][vc_column_inner width=\u00bb1\/3&#8243; align=\u00bbtext-center\u00bb][vc_column_text]Los fertilizantes Nano.T\u00ae tienen una dimensi\u00f3n menor a 100 nm 10 veces m\u00e1s peque\u00f1os de una bacteria 1 metro = 1.000.000.000 nan\u00f3metros (una billon\u00e9sima parte de un metro)[\/vc_column_text][\/vc_column_inner][vc_column_inner width=\u00bb1\/3&#8243; align=\u00bbtext-center\u00bb][vc_single_image image=\u00bb343&#8243;][\/vc_column_inner][\/vc_row_inner][vc_separator color=\u00bbblack\u00bb][vc_row_inner][vc_column_inner width=\u00bb1\/3&#8243; align=\u00bbtext-center\u00bb][vc_column_text]<strong>M\u00f3biles<\/strong>[\/vc_column_text][\/vc_column_inner][vc_column_inner width=\u00bb1\/3&#8243; align=\u00bbtext-center\u00bb][vc_column_text]Los fertilizantes Nano.T\u00ae se encuentran en suspensi\u00f3n coloidal acuosa. Se difunden f\u00e1cilmente en la soluci\u00f3n del suelo mediante su porosidad.[\/vc_column_text][\/vc_column_inner][vc_column_inner width=\u00bb1\/3&#8243; align=\u00bbtext-center\u00bb][vc_single_image image=\u00bb345&#8243;][\/vc_column_inner][\/vc_row_inner][vc_separator color=\u00bbblack\u00bb][vc_row_inner css=\u00bb.vc_custom_1623924074742{padding-bottom: 30px !important;}\u00bb][vc_column_inner width=\u00bb1\/3&#8243; align=\u00bbtext-center\u00bb][vc_column_text]<strong>Eficaces<\/strong>[\/vc_column_text][\/vc_column_inner][vc_column_inner width=\u00bb1\/3&#8243; align=\u00bbtext-center\u00bb][vc_column_text]Los fertilizantes Nano.T\u00ae poseen una elevada eficiencia nutritiva a dosis bajas.<\/p>\n<p>Elevada superficie espec\u00edfica: esto aumenta la superficie de contacto entre las ra\u00edces y el fertilizante, facilitando la disoluci\u00f3n y la absorci\u00f3n[\/vc_column_text][\/vc_column_inner][vc_column_inner width=\u00bb1\/3&#8243; align=\u00bbtext-center\u00bb][vc_single_image image=\u00bb344&#8243;][\/vc_column_inner][\/vc_row_inner][vc_separator color=\u00bbblack\u00bb]<style>.ld_spacer_69d0516d20de1{height:65px;}<\/style>\n<div class=\"ld-empty-space ld_spacer_69d0516d20de1\"><span class=\"liquid_empty_space_inner\"><\/span><\/div>[\/vc_column][vc_column width=\u00bb1\/6&#8243;][\/vc_column][\/vc_row][vc_row content_placement=\u00bbmiddle\u00bb enable_overlay=\u00bbyes\u00bb overlay_bg=\u00bbrgba(0, 0, 0, 0)\u00bb][vc_column width=\u00bb1\/6&#8243; align=\u00bbtext-center\u00bb][\/vc_column][vc_column width=\u00bb2\/3&#8243; enable_content_animation=\u00bbyes\u00bb animation_preset=\u00bbFade In Up\u00bb align=\u00bbtext-center\u00bb ca_duration=\u00bb1500&#8243; ca_delay=\u00bb200&#8243;]<style>.ld_spacer_69d0516d20f2c{height:100px;}<\/style>\n<div class=\"ld-empty-space ld_spacer_69d0516d20f2c\"><span class=\"liquid_empty_space_inner\"><\/span><\/div><style>.ld_fancy_heading_69d0516d210dc .lqd-highlight-inner{height:0.275em;bottom:0px;}<\/style><div class=\"ld-fancy-heading text-center ld_fancy_heading_69d0516d210dc\">\n\t<h2 class=\"lqd-highlight-underline lqd-highlight-grow-left\" ><span class=\"ld-fh-txt\"> Fertilizantes tradicionales vs Nano.T\u00ae<\/span><\/h2><\/div><style>.ld_fancy_heading_69d0516d21320 .lqd-highlight-inner{height:0.275em;bottom:0px;}<\/style><div class=\"ld-fancy-heading ld_fancy_heading_69d0516d21320\">\n\t<h3 class=\"lqd-highlight-underline lqd-highlight-grow-left\" ><span class=\"ld-fh-txt\"> \u00bfcu\u00e1les son las diferencias reales entre la nueva tecnolog\u00eda Nano.T\u00ae y los fertilizantes tradicionales?<\/span><\/h3><\/div><style>.ld_spacer_69d0516d214e5{height:32px;}<\/style>\n<div class=\"ld-empty-space ld_spacer_69d0516d214e5\"><span class=\"liquid_empty_space_inner\"><\/span><\/div>[vc_row_inner gap=\u00bb35&#8243;][vc_column_inner width=\u00bb1\/2&#8243; align=\u00bbtext-center\u00bb][vc_single_image image=\u00bb446&#8243; alignment=\u00bbcenter\u00bb][vc_column_text]<strong>Fertilizantes tradicionales<\/strong>[\/vc_column_text]<style>.ld_spacer_69d0516d21648{height:32px;}<\/style>\n<div class=\"ld-empty-space ld_spacer_69d0516d21648\"><span class=\"liquid_empty_space_inner\"><\/span><\/div>[vc_column_text]<\/p>\n<ul>\n<li style=\"text-align: left;\">Activos a intervalos de pH limitados y empleables s\u00f3lo en algunos terrenos<\/li>\n<li style=\"text-align: left;\">No son r\u00e1pidamente asimilables, requieren mayor energ\u00eda por parte de la planta para su absorci\u00f3n<\/li>\n<li style=\"text-align: left;\">Reducida eficacia en contacto con luz ultravioleta, ozono, calor, etc.<\/li>\n<li style=\"text-align: left;\">Mayor impacto ambiental: no quedan retenidos en el terreno, por lo que est\u00e1n sujetos a lixiviaci\u00f3n y p\u00e9rdida en las faldas acu\u00edferas<\/li>\n<li style=\"text-align: left;\">Reducci\u00f3n de la disponibilidad de algunos nutrientes \u00fatiles para la planta como el calcio, magnesio y otros metales pesantes<\/li>\n<li style=\"text-align: left;\">Colorean el agua de rojo-marr\u00f3n<\/li>\n<\/ul>\n<p>[\/vc_column_text][\/vc_column_inner][vc_column_inner width=\u00bb1\/2&#8243; align=\u00bbtext-center\u00bb responsive_css=\u00bbpadding_top_large:0px|padding_top_small:0px\u00bb css=\u00bb.vc_custom_1624373086150{padding-top: 50px !important;}\u00bb][vc_single_image image=\u00bb445&#8243; alignment=\u00bbcenter\u00bb][vc_column_text]<strong>Nano.T\u00ae<\/strong>[\/vc_column_text]<style>.ld_spacer_69d0516d21784{height:32px;}<\/style>\n<div class=\"ld-empty-space ld_spacer_69d0516d21784\"><span class=\"liquid_empty_space_inner\"><\/span><\/div>[vc_column_text]<\/p>\n<ul>\n<li style=\"text-align: left;\">Activos a intervalos de pH 1-10 en casi todos los tipos de terrenos<\/li>\n<li style=\"text-align: left;\">R\u00e1pidamente asimilables por las ra\u00edces<\/li>\n<li style=\"text-align: left;\">Activos en cualquier condici\u00f3n de temperatura y luz<\/li>\n<li style=\"text-align: left;\">Menor impacto ambiental: retenidos por las part\u00edculas s\u00f3lidas del suelo y no sujetos a lixiviaci\u00f3n<\/li>\n<li style=\"text-align: left;\">Liberaci\u00f3n controlada en funci\u00f3n de las exigencias de la planta<\/li>\n<li style=\"text-align: left;\">Aportan f\u00f3sforo<\/li>\n<li style=\"text-align: left;\">No son capturados por los sistemas de filtraci\u00f3n del reciclaje de agua<\/li>\n<\/ul>\n<p>[\/vc_column_text][\/vc_column_inner][\/vc_row_inner]<style>.ld_spacer_69d0516d218b7{height:32px;}<\/style>\n<div class=\"ld-empty-space ld_spacer_69d0516d218b7\"><span class=\"liquid_empty_space_inner\"><\/span><\/div><style>.ld_button_69d0516d21a9e.btn-icon-solid .btn-icon{background:rgb(255, 93, 20);}.ld_button_69d0516d21a9e.btn-icon-circle.btn-icon-ripple .btn-icon:before{border-color:rgb(255, 93, 20);}.ld_button_69d0516d21a9e.btn-icon-solid:hover .btn-icon{background:rgb(255, 255, 255);}.ld_button_69d0516d21a9e{background-color:rgb(255, 93, 20);border-color:rgb(255, 93, 20);line-height:1.5em !important;font-size:13px !important;letter-spacing:0.1em !important;}.ld_button_69d0516d21a9e:hover{background-color:rgb(255, 255, 255);border-color:rgb(255, 255, 255);color:rgb(255, 93, 20);}.ld_button_69d0516d21a9e .btn-gradient-bg-hover{background:-webkit-linear-gradient(to right, rgb(255, 255, 255) 0%, rgb(255, 255, 255) 100%);background:linear-gradient(to right, rgb(255, 255, 255) 0%, rgb(255, 255, 255) 100%);}.ld_button_69d0516d21a9e .btn-gradient-border defs stop:first-child{stop-color:rgb(255, 93, 20);}.ld_button_69d0516d21a9e .btn-gradient-border defs stop:last-child{stop-color:rgb(255, 93, 20);}.ld_button_69d0516d21a9e:hover .btn-gradient-border defs stop:first-child{stop-color:rgb(255, 255, 255);}.ld_button_69d0516d21a9e:hover .btn-gradient-border defs stop:last-child{stop-color:rgb(255, 255, 255);}.ld_button_69d0516d21a9e.btn-bordered{border-color:rgb(255, 93, 20);}<\/style><a href=\"https:\/\/nanot.eu\/es\/contacto\" class=\"btn btn-solid text-uppercase circle btn-bordered border-thin ld_button_69d0516d21a9e vc_custom_1634035809565\" data-localscroll=\"true\" data-localscroll-options=\"{&quot;scrollSpeed&quot;:&quot;6000&quot;}\">\n\t<span>\n\t\t\n\t\t\t\t\t<span class=\"btn-txt\">Solicita material exclusivo<\/span>\n\t\t\t\n\t\t\t\t<\/span>\n<\/a>\n[\/vc_column][vc_column width=\u00bb1\/6&#8243;][\/vc_column][\/vc_row]<\/p>\n","protected":false},"excerpt":{"rendered":"<p>[vc_row enable_overlay=\u00bbyes\u00bb overlay_bg=\u00bbrgba(0, 0, 0, 0)\u00bb css=\u00bb.vc_custom_1623849329189{background-position: center !important;background-repeat: no-repeat !important;background-size: cover !important;}\u00bb][\/vc_row][vc_row content_placement=\u00bbmiddle\u00bb enable_overlay=\u00bbyes\u00bb&#8230;<\/p>\n","protected":false},"author":3,"featured_media":0,"parent":0,"menu_order":0,"comment_status":"closed","ping_status":"closed","template":"","meta":[],"yoast_head":"<!-- This site is optimized with the Yoast SEO plugin v16.9 - https:\/\/yoast.com\/wordpress\/plugins\/seo\/ -->\n<title>Nanotecnolog\u00eda - NANO.T<\/title>\n<meta name=\"robots\" content=\"index, follow, max-snippet:-1, max-image-preview:large, max-video-preview:-1\" \/>\n<link rel=\"canonical\" href=\"https:\/\/nanot.eu\/es\/nanotecnologia\/\" \/>\n<meta property=\"og:locale\" content=\"es_ES\" \/>\n<meta property=\"og:type\" content=\"article\" \/>\n<meta property=\"og:title\" content=\"Nanotecnolog\u00eda - NANO.T\" \/>\n<meta property=\"og:description\" content=\"[vc_row enable_overlay=\u00bbyes\u00bb overlay_bg=\u00bbrgba(0, 0, 0, 0)\u00bb css=\u00bb.vc_custom_1623849329189{background-position: center !important;background-repeat: no-repeat !important;background-size: cover !important;}\u00bb][\/vc_row][vc_row content_placement=\u00bbmiddle\u00bb enable_overlay=\u00bbyes\u00bb...\" \/>\n<meta property=\"og:url\" content=\"https:\/\/nanot.eu\/es\/nanotecnologia\/\" \/>\n<meta property=\"og:site_name\" content=\"NANO.T\" \/>\n<meta property=\"article:modified_time\" content=\"2022-06-23T16:23:45+00:00\" \/>\n<meta name=\"twitter:card\" content=\"summary_large_image\" \/>\n<meta name=\"twitter:label1\" content=\"Tiempo de lectura\" \/>\n\t<meta name=\"twitter:data1\" content=\"5 minutos\" \/>\n<script type=\"application\/ld+json\" class=\"yoast-schema-graph\">{\"@context\":\"https:\/\/schema.org\",\"@graph\":[{\"@type\":\"WebSite\",\"@id\":\"https:\/\/nanot.eu\/#website\",\"url\":\"https:\/\/nanot.eu\/\",\"name\":\"NANO.T\",\"description\":\"Fertilizzanti Smart, Innovativi e Sostenibili\",\"potentialAction\":[{\"@type\":\"SearchAction\",\"target\":{\"@type\":\"EntryPoint\",\"urlTemplate\":\"https:\/\/nanot.eu\/?s={search_term_string}\"},\"query-input\":\"required name=search_term_string\"}],\"inLanguage\":\"es\"},{\"@type\":\"WebPage\",\"@id\":\"https:\/\/nanot.eu\/es\/nanotecnologia\/#webpage\",\"url\":\"https:\/\/nanot.eu\/es\/nanotecnologia\/\",\"name\":\"Nanotecnolog\\u00eda - NANO.T\",\"isPartOf\":{\"@id\":\"https:\/\/nanot.eu\/#website\"},\"datePublished\":\"2022-05-13T09:29:34+00:00\",\"dateModified\":\"2022-06-23T16:23:45+00:00\",\"breadcrumb\":{\"@id\":\"https:\/\/nanot.eu\/es\/nanotecnologia\/#breadcrumb\"},\"inLanguage\":\"es\",\"potentialAction\":[{\"@type\":\"ReadAction\",\"target\":[\"https:\/\/nanot.eu\/es\/nanotecnologia\/\"]}]},{\"@type\":\"BreadcrumbList\",\"@id\":\"https:\/\/nanot.eu\/es\/nanotecnologia\/#breadcrumb\",\"itemListElement\":[{\"@type\":\"ListItem\",\"position\":1,\"name\":\"Home\",\"item\":\"https:\/\/nanot.eu\/es\/\"},{\"@type\":\"ListItem\",\"position\":2,\"name\":\"Nanotecnolog\\u00eda\"}]}]}<\/script>\n<!-- \/ Yoast SEO plugin. -->","yoast_head_json":{"title":"Nanotecnolog\u00eda - NANO.T","robots":{"index":"index","follow":"follow","max-snippet":"max-snippet:-1","max-image-preview":"max-image-preview:large","max-video-preview":"max-video-preview:-1"},"canonical":"https:\/\/nanot.eu\/es\/nanotecnologia\/","og_locale":"es_ES","og_type":"article","og_title":"Nanotecnolog\u00eda - NANO.T","og_description":"[vc_row enable_overlay=\u00bbyes\u00bb overlay_bg=\u00bbrgba(0, 0, 0, 0)\u00bb css=\u00bb.vc_custom_1623849329189{background-position: center !important;background-repeat: no-repeat !important;background-size: cover !important;}\u00bb][\/vc_row][vc_row content_placement=\u00bbmiddle\u00bb enable_overlay=\u00bbyes\u00bb...","og_url":"https:\/\/nanot.eu\/es\/nanotecnologia\/","og_site_name":"NANO.T","article_modified_time":"2022-06-23T16:23:45+00:00","twitter_card":"summary_large_image","twitter_misc":{"Tiempo de lectura":"5 minutos"},"schema":{"@context":"https:\/\/schema.org","@graph":[{"@type":"WebSite","@id":"https:\/\/nanot.eu\/#website","url":"https:\/\/nanot.eu\/","name":"NANO.T","description":"Fertilizzanti Smart, Innovativi e Sostenibili","potentialAction":[{"@type":"SearchAction","target":{"@type":"EntryPoint","urlTemplate":"https:\/\/nanot.eu\/?s={search_term_string}"},"query-input":"required name=search_term_string"}],"inLanguage":"es"},{"@type":"WebPage","@id":"https:\/\/nanot.eu\/es\/nanotecnologia\/#webpage","url":"https:\/\/nanot.eu\/es\/nanotecnologia\/","name":"Nanotecnolog\u00eda - NANO.T","isPartOf":{"@id":"https:\/\/nanot.eu\/#website"},"datePublished":"2022-05-13T09:29:34+00:00","dateModified":"2022-06-23T16:23:45+00:00","breadcrumb":{"@id":"https:\/\/nanot.eu\/es\/nanotecnologia\/#breadcrumb"},"inLanguage":"es","potentialAction":[{"@type":"ReadAction","target":["https:\/\/nanot.eu\/es\/nanotecnologia\/"]}]},{"@type":"BreadcrumbList","@id":"https:\/\/nanot.eu\/es\/nanotecnologia\/#breadcrumb","itemListElement":[{"@type":"ListItem","position":1,"name":"Home","item":"https:\/\/nanot.eu\/es\/"},{"@type":"ListItem","position":2,"name":"Nanotecnolog\u00eda"}]}]}},"_links":{"self":[{"href":"https:\/\/nanot.eu\/es\/wp-json\/wp\/v2\/pages\/1132"}],"collection":[{"href":"https:\/\/nanot.eu\/es\/wp-json\/wp\/v2\/pages"}],"about":[{"href":"https:\/\/nanot.eu\/es\/wp-json\/wp\/v2\/types\/page"}],"author":[{"embeddable":true,"href":"https:\/\/nanot.eu\/es\/wp-json\/wp\/v2\/users\/3"}],"replies":[{"embeddable":true,"href":"https:\/\/nanot.eu\/es\/wp-json\/wp\/v2\/comments?post=1132"}],"version-history":[{"count":2,"href":"https:\/\/nanot.eu\/es\/wp-json\/wp\/v2\/pages\/1132\/revisions"}],"predecessor-version":[{"id":1135,"href":"https:\/\/nanot.eu\/es\/wp-json\/wp\/v2\/pages\/1132\/revisions\/1135"}],"wp:attachment":[{"href":"https:\/\/nanot.eu\/es\/wp-json\/wp\/v2\/media?parent=1132"}],"curies":[{"name":"wp","href":"https:\/\/api.w.org\/{rel}","templated":true}]}}