{"id":1133,"date":"2022-06-24T11:03:44","date_gmt":"2022-06-24T09:03:44","guid":{"rendered":"https:\/\/nanot.eu\/?page_id=1133"},"modified":"2023-03-03T09:11:05","modified_gmt":"2023-03-03T08:11:05","slug":"citricas-prove2022","status":"publish","type":"page","link":"https:\/\/nanot.eu\/es\/citricas-prove2022\/","title":{"rendered":"Frutas c\u00edtricas-prove2022"},"content":{"rendered":"<p>[vc_row][vc_column]<style>.ld_fancy_heading_69da22ffd2a19 .lqd-highlight-inner{height:0.275em;bottom:0px;}<\/style><div class=\"ld-fancy-heading ld_fancy_heading_69da22ffd2a19\">\n\t<h2 class=\"lqd-highlight-underline lqd-highlight-grow-left\" ><span class=\"ld-fh-txt\"> Ensayos para el control de la clorosis f\u00e9rrica en c\u00edtricos<\/span><\/h2><\/div><style>.ld_fancy_heading_69da22ffd2f89 .lqd-highlight-inner{height:0.275em;bottom:0px;}<\/style><div class=\"ld-fancy-heading ld_fancy_heading_69da22ffd2f89\">\n\t<h5 class=\"lqd-highlight-underline lqd-highlight-grow-left\" ><span class=\"ld-fh-txt\"> <strong>Se est\u00e1n realizando ensayos con varios portainjertos<\/strong><br \/>\n(tambi\u00e9n S.Citrumelo y Carrizo Citrange cuyos avances publicaremos pr\u00f3ximamente)<\/span><\/h5><\/div>[\/vc_column][\/vc_row][vc_row content_placement=\u00bbmiddle\u00bb enable_overlay=\u00bbyes\u00bb overlay_bg=\u00bbrgba(0, 0, 0, 0)\u00bb css=\u00bb.vc_custom_1623157612928{background-color: #eceef1 !important;}\u00bb][vc_column width=\u00bb1\/2&#8243; enable_content_animation=\u00bbyes\u00bb animation_preset=\u00bbFade In\u00bb align=\u00bbtext-center\u00bb responsive_css=\u00bbpadding_top_large:0px\u00bb css=\u00bb.vc_custom_1624525279677{padding-top: 100px !important;}\u00bb ca_duration=\u00bb1500&#8243;][vc_gallery type=\u00bbflexslider_slide\u00bb interval=\u00bb10&#8243; images=\u00bb1218,1227&#8243; img_size=\u00bbfull\u00bb][\/vc_column][vc_column width=\u00bb1\/2&#8243; enable_content_animation=\u00bbyes\u00bb animation_preset=\u00bbFade In Up\u00bb align=\u00bbtext-left\u00bb ca_duration=\u00bb1500&#8243; ca_delay=\u00bb200&#8243;]<style>.ld_fancy_heading_69da22ffd33bc .lqd-highlight-inner{height:0.275em;bottom:0px;}<\/style><div class=\"ld-fancy-heading ld_fancy_heading_69da22ffd33bc\">\n\t<h3 class=\"lqd-highlight-underline lqd-highlight-grow-left\" ><span class=\"ld-fh-txt\"> Volkameriana (tolerante)<\/span><\/h3><\/div><style>.ld_fancy_heading_69da22ffd37a5 .lqd-highlight-inner{height:0.275em;bottom:0px;}<\/style><div class=\"ld-fancy-heading ld_fancy_heading_69da22ffd37a5\">\n\t<h5 class=\"lqd-highlight-underline lqd-highlight-grow-left\" ><span class=\"ld-fh-txt\"> Suelo: arena &#8211; D\u00edas desde trasplante: 40<\/span><\/h5><\/div><style>.ld_fancy_heading_69da22ffd3b59 .lqd-highlight-inner{height:0.275em;bottom:0px;}<\/style><div class=\"ld-fancy-heading ld_fancy_heading_69da22ffd3b59\">\n\t<p class=\"lqd-highlight-underline lqd-highlight-grow-left\" ><span class=\"ld-fh-txt\"> En las fotos adjuntas se puede apreciar la diferencia de desarrollo sobre portainjertos volkamerianos respectivamente del sistema radicular y de toda la planta entre el testigo, la tesis con <a href=\"https:\/\/fcpcerea.it\/es\/productos\/nano-t-fe\/\" target=\"_blank\" rel=\"noopener\">Nano.T Fe<\/a> y con un producto quelatado a base de Hierro: la eficacia del la nanotecnolog\u00eda del producto es evidente.<\/span><\/p><\/div>[\/vc_column][\/vc_row][vc_row content_placement=\u00bbmiddle\u00bb enable_overlay=\u00bbyes\u00bb overlay_bg=\u00bbrgba(0, 0, 0, 0)\u00bb css=\u00bb.vc_custom_1623157612928{background-color: #eceef1 !important;}\u00bb][vc_column width=\u00bb1\/2&#8243; enable_content_animation=\u00bbyes\u00bb animation_preset=\u00bbFade In\u00bb align=\u00bbtext-center\u00bb responsive_css=\u00bbpadding_top_large:0px\u00bb css=\u00bb.vc_custom_1624525279677{padding-top: 100px !important;}\u00bb ca_duration=\u00bb1500&#8243;][vc_gallery interval=\u00bb3&#8243; images=\u00bb1224,1221&#8243; img_size=\u00bbfull\u00bb][\/vc_column][vc_column width=\u00bb1\/2&#8243; enable_content_animation=\u00bbyes\u00bb animation_preset=\u00bbFade In Up\u00bb align=\u00bbtext-left\u00bb ca_duration=\u00bb1500&#8243; ca_delay=\u00bb200&#8243;]<style>.ld_fancy_heading_69da22ffd3f55 .lqd-highlight-inner{height:0.275em;bottom:0px;}<\/style><div class=\"ld-fancy-heading ld_fancy_heading_69da22ffd3f55\">\n\t<h3 class=\"lqd-highlight-underline lqd-highlight-grow-left\" ><span class=\"ld-fh-txt\"> Citrange C-35 (sensibile)<\/span><\/h3><\/div><style>.ld_fancy_heading_69da22ffd4305 .lqd-highlight-inner{height:0.275em;bottom:0px;}<\/style><div class=\"ld-fancy-heading ld_fancy_heading_69da22ffd4305\">\n\t<h5 class=\"lqd-highlight-underline lqd-highlight-grow-left\" ><span class=\"ld-fh-txt\"> Suelo: arena &#8211; D\u00edas desde trasplante: 40<\/span><\/h5><\/div><style>.ld_fancy_heading_69da22ffd46be .lqd-highlight-inner{height:0.275em;bottom:0px;}<\/style><div class=\"ld-fancy-heading ld_fancy_heading_69da22ffd46be\">\n\t<p class=\"lqd-highlight-underline lqd-highlight-grow-left\" ><span class=\"ld-fh-txt\"> Tambi\u00e9n en este portainjerto la eficacia de <a href=\"https:\/\/fcpcerea.it\/es\/productos\/nano-t-fe\/\" target=\"_blank\" rel=\"noopener\">Nano.T Fe<\/a> es evidente tanto en el desarrollo del sistema radicular como en el de toda la planta.<\/span><\/p><\/div>[\/vc_column][\/vc_row][vc_row content_placement=\u00bbmiddle\u00bb enable_overlay=\u00bbyes\u00bb overlay_bg=\u00bbrgba(0, 0, 0, 0)\u00bb css=\u00bb.vc_custom_1623157612928{background-color: #eceef1 !important;}\u00bb][vc_column width=\u00bb1\/2&#8243; enable_content_animation=\u00bbyes\u00bb animation_preset=\u00bbFade In\u00bb align=\u00bbtext-center\u00bb responsive_css=\u00bbpadding_top_large:0px\u00bb css=\u00bb.vc_custom_1624525279677{padding-top: 100px !important;}\u00bb ca_duration=\u00bb1500&#8243;][vc_gallery interval=\u00bb3&#8243; images=\u00bb1238&#8243; img_size=\u00bbfull\u00bb][\/vc_column][vc_column width=\u00bb1\/2&#8243; enable_content_animation=\u00bbyes\u00bb animation_preset=\u00bbFade In Up\u00bb align=\u00bbtext-left\u00bb ca_duration=\u00bb1500&#8243; ca_delay=\u00bb200&#8243;]<style>.ld_fancy_heading_69da22ffd4ad9 .lqd-highlight-inner{height:0.275em;bottom:0px;}<\/style><div class=\"ld-fancy-heading ld_fancy_heading_69da22ffd4ad9\">\n\t<h3 class=\"lqd-highlight-underline lqd-highlight-grow-left\" ><span class=\"ld-fh-txt\"> Citrange C-35 (sensible)<\/span><\/h3><\/div><style>.ld_fancy_heading_69da22ffd4e75 .lqd-highlight-inner{height:0.275em;bottom:0px;}<\/style><div class=\"ld-fancy-heading ld_fancy_heading_69da22ffd4e75\">\n\t<h5 class=\"lqd-highlight-underline lqd-highlight-grow-left\" ><span class=\"ld-fh-txt\"> Suelo: arena &#8211; D\u00edas desde trasplante: 60<\/span><\/h5><\/div><style>.ld_fancy_heading_69da22ffd5237 .lqd-highlight-inner{height:0.275em;bottom:0px;}<\/style><div class=\"ld-fancy-heading ld_fancy_heading_69da22ffd5237\">\n\t<p class=\"lqd-highlight-underline lqd-highlight-grow-left\" ><span class=\"ld-fh-txt\"> En suelo arenoso, y por tanto con bajo contenido en hierro, los s\u00edntomas de clorosis no son a\u00fan evidentes pasados \u200b\u200b60 d\u00edas<\/span><\/p><\/div>[\/vc_column][\/vc_row][vc_row content_placement=\u00bbmiddle\u00bb enable_overlay=\u00bbyes\u00bb overlay_bg=\u00bbrgba(0, 0, 0, 0)\u00bb css=\u00bb.vc_custom_1623157612928{background-color: #eceef1 !important;}\u00bb][vc_column width=\u00bb1\/2&#8243; enable_content_animation=\u00bbyes\u00bb animation_preset=\u00bbFade In\u00bb align=\u00bbtext-center\u00bb responsive_css=\u00bbpadding_top_large:0px\u00bb css=\u00bb.vc_custom_1624525279677{padding-top: 100px !important;}\u00bb ca_duration=\u00bb1500&#8243;][vc_gallery interval=\u00bb3&#8243; images=\u00bb1246,1243&#8243; img_size=\u00bbfull\u00bb][\/vc_column][vc_column width=\u00bb1\/2&#8243; enable_content_animation=\u00bbyes\u00bb animation_preset=\u00bbFade In Up\u00bb align=\u00bbtext-left\u00bb ca_duration=\u00bb1500&#8243; ca_delay=\u00bb200&#8243;]<style>.ld_fancy_heading_69da22ffd55da .lqd-highlight-inner{height:0.275em;bottom:0px;}<\/style><div class=\"ld-fancy-heading ld_fancy_heading_69da22ffd55da\">\n\t<h3 class=\"lqd-highlight-underline lqd-highlight-grow-left\" ><span class=\"ld-fh-txt\"> Citrange C-35 (sensible)<\/span><\/h3><\/div><style>.ld_fancy_heading_69da22ffd5991 .lqd-highlight-inner{height:0.275em;bottom:0px;}<\/style><div class=\"ld-fancy-heading ld_fancy_heading_69da22ffd5991\">\n\t<h5 class=\"lqd-highlight-underline lqd-highlight-grow-left\" ><span class=\"ld-fh-txt\"> Suelo: arena &#8211; D\u00edas desde trasplante: 60<br \/>\n\u00cdndice de poder clorante: alto<\/span><\/h5><\/div><style>.ld_fancy_heading_69da22ffd5da9 .lqd-highlight-inner{height:0.275em;bottom:0px;}<\/style><div class=\"ld-fancy-heading ld_fancy_heading_69da22ffd5da9\">\n\t<p class=\"lqd-highlight-underline lqd-highlight-grow-left\" ><span class=\"ld-fh-txt\"> Se indujo clorosis f\u00e9rrica en suelos arenosos a\u00f1adiendo una gran dosis de carbonatos a cada fertirrigaci\u00f3n: <strong>el uso de <a href=\"https:\/\/fcpcerea.it\/es\/productos\/nano-t-fe\/\" target=\"_blank\" rel=\"noopener\">Nano.T<\/a> reduce visiblemente los s\u00edntomas de clorosis en comparaci\u00f3n con el producto quelatado tradicional.<\/strong><\/span><\/p><\/div>[\/vc_column][\/vc_row]<\/p>\n","protected":false},"excerpt":{"rendered":"<p>[vc_row][vc_column][\/vc_column][\/vc_row][vc_row content_placement=\u00bbmiddle\u00bb enable_overlay=\u00bbyes\u00bb overlay_bg=\u00bbrgba(0, 0, 0, 0)\u00bb css=\u00bb.vc_custom_1623157612928{background-color: #eceef1 !important;}\u00bb][vc_column width=\u00bb1\/2&#8243; enable_content_animation=\u00bbyes\u00bb animation_preset=\u00bbFade In\u00bb align=\u00bbtext-center\u00bb&#8230;<\/p>\n","protected":false},"author":3,"featured_media":0,"parent":0,"menu_order":0,"comment_status":"closed","ping_status":"closed","template":"","meta":[],"yoast_head":"<!-- This site is optimized with the Yoast SEO plugin v16.9 - https:\/\/yoast.com\/wordpress\/plugins\/seo\/ -->\n<title>Frutas c\u00edtricas-prove2022 - NANO.T<\/title>\n<meta name=\"robots\" content=\"index, follow, max-snippet:-1, max-image-preview:large, max-video-preview:-1\" \/>\n<link rel=\"canonical\" href=\"https:\/\/nanot.eu\/es\/citricas-prove2022\/\" \/>\n<meta property=\"og:locale\" content=\"es_ES\" \/>\n<meta property=\"og:type\" content=\"article\" \/>\n<meta property=\"og:title\" content=\"Frutas c\u00edtricas-prove2022 - NANO.T\" \/>\n<meta property=\"og:description\" content=\"[vc_row][vc_column][\/vc_column][\/vc_row][vc_row content_placement=\u00bbmiddle\u00bb enable_overlay=\u00bbyes\u00bb overlay_bg=\u00bbrgba(0, 0, 0, 0)\u00bb css=\u00bb.vc_custom_1623157612928{background-color: #eceef1 !important;}\u00bb][vc_column width=\u00bb1\/2&#8243; enable_content_animation=\u00bbyes\u00bb animation_preset=\u00bbFade In\u00bb align=\u00bbtext-center\u00bb...\" \/>\n<meta property=\"og:url\" content=\"https:\/\/nanot.eu\/es\/citricas-prove2022\/\" \/>\n<meta property=\"og:site_name\" content=\"NANO.T\" \/>\n<meta property=\"article:modified_time\" content=\"2023-03-03T08:11:05+00:00\" \/>\n<meta name=\"twitter:card\" content=\"summary_large_image\" \/>\n<meta name=\"twitter:label1\" content=\"Tiempo de lectura\" \/>\n\t<meta name=\"twitter:data1\" content=\"1 minuto\" \/>\n<script type=\"application\/ld+json\" class=\"yoast-schema-graph\">{\"@context\":\"https:\/\/schema.org\",\"@graph\":[{\"@type\":\"WebSite\",\"@id\":\"https:\/\/nanot.eu\/#website\",\"url\":\"https:\/\/nanot.eu\/\",\"name\":\"NANO.T\",\"description\":\"Fertilizzanti Smart, Innovativi e Sostenibili\",\"potentialAction\":[{\"@type\":\"SearchAction\",\"target\":{\"@type\":\"EntryPoint\",\"urlTemplate\":\"https:\/\/nanot.eu\/?s={search_term_string}\"},\"query-input\":\"required name=search_term_string\"}],\"inLanguage\":\"es\"},{\"@type\":\"WebPage\",\"@id\":\"https:\/\/nanot.eu\/es\/citricas-prove2022\/#webpage\",\"url\":\"https:\/\/nanot.eu\/es\/citricas-prove2022\/\",\"name\":\"Frutas c\\u00edtricas-prove2022 - NANO.T\",\"isPartOf\":{\"@id\":\"https:\/\/nanot.eu\/#website\"},\"datePublished\":\"2022-06-24T09:03:44+00:00\",\"dateModified\":\"2023-03-03T08:11:05+00:00\",\"breadcrumb\":{\"@id\":\"https:\/\/nanot.eu\/es\/citricas-prove2022\/#breadcrumb\"},\"inLanguage\":\"es\",\"potentialAction\":[{\"@type\":\"ReadAction\",\"target\":[\"https:\/\/nanot.eu\/es\/citricas-prove2022\/\"]}]},{\"@type\":\"BreadcrumbList\",\"@id\":\"https:\/\/nanot.eu\/es\/citricas-prove2022\/#breadcrumb\",\"itemListElement\":[{\"@type\":\"ListItem\",\"position\":1,\"name\":\"Home\",\"item\":\"https:\/\/nanot.eu\/es\/\"},{\"@type\":\"ListItem\",\"position\":2,\"name\":\"Frutas c\\u00edtricas-prove2022\"}]}]}<\/script>\n<!-- \/ Yoast SEO plugin. -->","yoast_head_json":{"title":"Frutas c\u00edtricas-prove2022 - NANO.T","robots":{"index":"index","follow":"follow","max-snippet":"max-snippet:-1","max-image-preview":"max-image-preview:large","max-video-preview":"max-video-preview:-1"},"canonical":"https:\/\/nanot.eu\/es\/citricas-prove2022\/","og_locale":"es_ES","og_type":"article","og_title":"Frutas c\u00edtricas-prove2022 - NANO.T","og_description":"[vc_row][vc_column][\/vc_column][\/vc_row][vc_row content_placement=\u00bbmiddle\u00bb enable_overlay=\u00bbyes\u00bb overlay_bg=\u00bbrgba(0, 0, 0, 0)\u00bb css=\u00bb.vc_custom_1623157612928{background-color: #eceef1 !important;}\u00bb][vc_column width=\u00bb1\/2&#8243; enable_content_animation=\u00bbyes\u00bb animation_preset=\u00bbFade In\u00bb align=\u00bbtext-center\u00bb...","og_url":"https:\/\/nanot.eu\/es\/citricas-prove2022\/","og_site_name":"NANO.T","article_modified_time":"2023-03-03T08:11:05+00:00","twitter_card":"summary_large_image","twitter_misc":{"Tiempo de lectura":"1 minuto"},"schema":{"@context":"https:\/\/schema.org","@graph":[{"@type":"WebSite","@id":"https:\/\/nanot.eu\/#website","url":"https:\/\/nanot.eu\/","name":"NANO.T","description":"Fertilizzanti Smart, Innovativi e Sostenibili","potentialAction":[{"@type":"SearchAction","target":{"@type":"EntryPoint","urlTemplate":"https:\/\/nanot.eu\/?s={search_term_string}"},"query-input":"required name=search_term_string"}],"inLanguage":"es"},{"@type":"WebPage","@id":"https:\/\/nanot.eu\/es\/citricas-prove2022\/#webpage","url":"https:\/\/nanot.eu\/es\/citricas-prove2022\/","name":"Frutas c\u00edtricas-prove2022 - NANO.T","isPartOf":{"@id":"https:\/\/nanot.eu\/#website"},"datePublished":"2022-06-24T09:03:44+00:00","dateModified":"2023-03-03T08:11:05+00:00","breadcrumb":{"@id":"https:\/\/nanot.eu\/es\/citricas-prove2022\/#breadcrumb"},"inLanguage":"es","potentialAction":[{"@type":"ReadAction","target":["https:\/\/nanot.eu\/es\/citricas-prove2022\/"]}]},{"@type":"BreadcrumbList","@id":"https:\/\/nanot.eu\/es\/citricas-prove2022\/#breadcrumb","itemListElement":[{"@type":"ListItem","position":1,"name":"Home","item":"https:\/\/nanot.eu\/es\/"},{"@type":"ListItem","position":2,"name":"Frutas c\u00edtricas-prove2022"}]}]}},"_links":{"self":[{"href":"https:\/\/nanot.eu\/es\/wp-json\/wp\/v2\/pages\/1133"}],"collection":[{"href":"https:\/\/nanot.eu\/es\/wp-json\/wp\/v2\/pages"}],"about":[{"href":"https:\/\/nanot.eu\/es\/wp-json\/wp\/v2\/types\/page"}],"author":[{"embeddable":true,"href":"https:\/\/nanot.eu\/es\/wp-json\/wp\/v2\/users\/3"}],"replies":[{"embeddable":true,"href":"https:\/\/nanot.eu\/es\/wp-json\/wp\/v2\/comments?post=1133"}],"version-history":[{"count":9,"href":"https:\/\/nanot.eu\/es\/wp-json\/wp\/v2\/pages\/1133\/revisions"}],"predecessor-version":[{"id":1935,"href":"https:\/\/nanot.eu\/es\/wp-json\/wp\/v2\/pages\/1133\/revisions\/1935"}],"wp:attachment":[{"href":"https:\/\/nanot.eu\/es\/wp-json\/wp\/v2\/media?parent=1133"}],"curies":[{"name":"wp","href":"https:\/\/api.w.org\/{rel}","templated":true}]}}