{"id":1149,"date":"2022-06-15T10:17:17","date_gmt":"2022-06-15T08:17:17","guid":{"rendered":"https:\/\/nanot.eu\/?page_id=1149"},"modified":"2023-03-03T08:36:05","modified_gmt":"2023-03-03T07:36:05","slug":"partners","status":"publish","type":"page","link":"https:\/\/nanot.eu\/es\/partners\/","title":{"rendered":"Partners"},"content":{"rendered":"<p>[vc_row content_placement=\u00bbmiddle\u00bb enable_overlay=\u00bbyes\u00bb overlay_bg=\u00bbrgba(0, 0, 0, 0)\u00bb css=\u00bb.vc_custom_1623157612928{background-color: #eceef1 !important;}\u00bb][vc_column width=\u00bb1\/2&#8243; enable_content_animation=\u00bbyes\u00bb animation_preset=\u00bbFade In\u00bb align=\u00bbtext-center\u00bb responsive_css=\u00bbpadding_top_large:0px\u00bb css=\u00bb.vc_custom_1624525279677{padding-top: 100px !important;}\u00bb ca_duration=\u00bb1500&#8243;][vc_single_image image=\u00bb774&#8243; img_size=\u00bb550&#215;250&#8243;][\/vc_column][vc_column width=\u00bb1\/2&#8243; enable_content_animation=\u00bbyes\u00bb animation_preset=\u00bbFade In Up\u00bb align=\u00bbtext-left\u00bb ca_duration=\u00bb1500&#8243; ca_delay=\u00bb200&#8243;]<style>.ld_spacer_69e6449884583{height:100px;}<\/style>\n<div class=\"ld-empty-space ld_spacer_69e6449884583\"><span class=\"liquid_empty_space_inner\"><\/span><\/div><style>.ld_fancy_heading_69e64498849fe .lqd-highlight-inner{height:0.275em;bottom:0px;}<\/style><div class=\"ld-fancy-heading text-left ld_fancy_heading_69e64498849fe\">\n\t<h2 class=\"lqd-highlight-underline lqd-highlight-grow-left\" ><span class=\"ld-fh-txt\"> Colaborando hacia la excelencia<\/span><\/h2><\/div><style>.ld_fancy_heading_69e644988500f .lqd-highlight-inner{height:0.275em;bottom:0px;}<\/style><div class=\"ld-fancy-heading ld_fancy_heading_69e644988500f\">\n\t<h3 class=\"lqd-highlight-underline lqd-highlight-grow-left\" ><span class=\"ld-fh-txt\"> Producto de calidad.<\/span><\/h3><\/div><style>.ld_fancy_heading_69e6449885443 .lqd-highlight-inner{height:0.275em;bottom:0px;}<\/style><div class=\"ld-fancy-heading ld_fancy_heading_69e6449885443\">\n\t<p class=\"lqd-highlight-underline lqd-highlight-grow-left\" ><span class=\"ld-fh-txt\"> El fuerte inter\u00e9s de Cerea FCP hacia la innovaci\u00f3n y las ganas de crear <strong>productos de calidad siempre m\u00e1s eficaces y sostenibles<\/strong>, han sido el input que han llevado a la colaboraci\u00f3n con la <strong>Universit\u00e0 degli Studi di Verona y la Universit\u00e0 degli Studi di Padova.<\/br><\/strong> <strong>Los fertilizantes tradicionales<\/strong> se caracterizan por una <strong>eficiencia limitada<\/strong> y su dispersi\u00f3n en el suelo provocando <strong>un impacto negativo en el ambiente.<\/strong> <\/br>La necesidad de responder a estos problemas ha dado vida a una b\u00fasqueda que se ha concretizado con la publicaci\u00f3n de un art\u00edculo cient\u00edfico y la concesi\u00f3n de una <strong>patente<\/strong>.<\/br> Nace de esta forma Nano.T\u00ae, una gama de <strong>fertilizantes a la vanguardia<\/strong> basada en el empleo de la nanotecnolog\u00eda.<\/span><\/p><\/div><style>.ld_spacer_69e64498858d3{height:100px;}<\/style>\n<div class=\"ld-empty-space ld_spacer_69e64498858d3\"><span class=\"liquid_empty_space_inner\"><\/span><\/div>[\/vc_column][\/vc_row]<\/p>\n","protected":false},"excerpt":{"rendered":"<p>[vc_row content_placement=\u00bbmiddle\u00bb enable_overlay=\u00bbyes\u00bb overlay_bg=\u00bbrgba(0, 0, 0, 0)\u00bb css=\u00bb.vc_custom_1623157612928{background-color: #eceef1 !important;}\u00bb][vc_column width=\u00bb1\/2&#8243; enable_content_animation=\u00bbyes\u00bb animation_preset=\u00bbFade In\u00bb align=\u00bbtext-center\u00bb&#8230;<\/p>\n","protected":false},"author":3,"featured_media":0,"parent":0,"menu_order":0,"comment_status":"closed","ping_status":"closed","template":"","meta":[],"yoast_head":"<!-- This site is optimized with the Yoast SEO plugin v16.9 - https:\/\/yoast.com\/wordpress\/plugins\/seo\/ -->\n<title>Partners - NANO.T<\/title>\n<meta name=\"robots\" content=\"index, follow, max-snippet:-1, max-image-preview:large, max-video-preview:-1\" \/>\n<link rel=\"canonical\" href=\"https:\/\/nanot.eu\/es\/partners\/\" \/>\n<meta property=\"og:locale\" content=\"es_ES\" \/>\n<meta property=\"og:type\" content=\"article\" \/>\n<meta property=\"og:title\" content=\"Partners - NANO.T\" \/>\n<meta property=\"og:description\" content=\"[vc_row content_placement=\u00bbmiddle\u00bb enable_overlay=\u00bbyes\u00bb overlay_bg=\u00bbrgba(0, 0, 0, 0)\u00bb css=\u00bb.vc_custom_1623157612928{background-color: #eceef1 !important;}\u00bb][vc_column width=\u00bb1\/2&#8243; enable_content_animation=\u00bbyes\u00bb animation_preset=\u00bbFade In\u00bb align=\u00bbtext-center\u00bb...\" \/>\n<meta property=\"og:url\" content=\"https:\/\/nanot.eu\/es\/partners\/\" \/>\n<meta property=\"og:site_name\" content=\"NANO.T\" \/>\n<meta property=\"article:modified_time\" content=\"2023-03-03T07:36:05+00:00\" \/>\n<meta name=\"twitter:card\" content=\"summary_large_image\" \/>\n<meta name=\"twitter:label1\" content=\"Tiempo de lectura\" \/>\n\t<meta name=\"twitter:data1\" content=\"1 minuto\" \/>\n<script type=\"application\/ld+json\" class=\"yoast-schema-graph\">{\"@context\":\"https:\/\/schema.org\",\"@graph\":[{\"@type\":\"WebSite\",\"@id\":\"https:\/\/nanot.eu\/#website\",\"url\":\"https:\/\/nanot.eu\/\",\"name\":\"NANO.T\",\"description\":\"Fertilizzanti Smart, Innovativi e Sostenibili\",\"potentialAction\":[{\"@type\":\"SearchAction\",\"target\":{\"@type\":\"EntryPoint\",\"urlTemplate\":\"https:\/\/nanot.eu\/?s={search_term_string}\"},\"query-input\":\"required name=search_term_string\"}],\"inLanguage\":\"es\"},{\"@type\":\"WebPage\",\"@id\":\"https:\/\/nanot.eu\/es\/partners\/#webpage\",\"url\":\"https:\/\/nanot.eu\/es\/partners\/\",\"name\":\"Partners - NANO.T\",\"isPartOf\":{\"@id\":\"https:\/\/nanot.eu\/#website\"},\"datePublished\":\"2022-06-15T08:17:17+00:00\",\"dateModified\":\"2023-03-03T07:36:05+00:00\",\"breadcrumb\":{\"@id\":\"https:\/\/nanot.eu\/es\/partners\/#breadcrumb\"},\"inLanguage\":\"es\",\"potentialAction\":[{\"@type\":\"ReadAction\",\"target\":[\"https:\/\/nanot.eu\/es\/partners\/\"]}]},{\"@type\":\"BreadcrumbList\",\"@id\":\"https:\/\/nanot.eu\/es\/partners\/#breadcrumb\",\"itemListElement\":[{\"@type\":\"ListItem\",\"position\":1,\"name\":\"Home\",\"item\":\"https:\/\/nanot.eu\/es\/\"},{\"@type\":\"ListItem\",\"position\":2,\"name\":\"Partners\"}]}]}<\/script>\n<!-- \/ Yoast SEO plugin. -->","yoast_head_json":{"title":"Partners - NANO.T","robots":{"index":"index","follow":"follow","max-snippet":"max-snippet:-1","max-image-preview":"max-image-preview:large","max-video-preview":"max-video-preview:-1"},"canonical":"https:\/\/nanot.eu\/es\/partners\/","og_locale":"es_ES","og_type":"article","og_title":"Partners - NANO.T","og_description":"[vc_row content_placement=\u00bbmiddle\u00bb enable_overlay=\u00bbyes\u00bb overlay_bg=\u00bbrgba(0, 0, 0, 0)\u00bb css=\u00bb.vc_custom_1623157612928{background-color: #eceef1 !important;}\u00bb][vc_column width=\u00bb1\/2&#8243; enable_content_animation=\u00bbyes\u00bb animation_preset=\u00bbFade In\u00bb align=\u00bbtext-center\u00bb...","og_url":"https:\/\/nanot.eu\/es\/partners\/","og_site_name":"NANO.T","article_modified_time":"2023-03-03T07:36:05+00:00","twitter_card":"summary_large_image","twitter_misc":{"Tiempo de lectura":"1 minuto"},"schema":{"@context":"https:\/\/schema.org","@graph":[{"@type":"WebSite","@id":"https:\/\/nanot.eu\/#website","url":"https:\/\/nanot.eu\/","name":"NANO.T","description":"Fertilizzanti Smart, Innovativi e Sostenibili","potentialAction":[{"@type":"SearchAction","target":{"@type":"EntryPoint","urlTemplate":"https:\/\/nanot.eu\/?s={search_term_string}"},"query-input":"required name=search_term_string"}],"inLanguage":"es"},{"@type":"WebPage","@id":"https:\/\/nanot.eu\/es\/partners\/#webpage","url":"https:\/\/nanot.eu\/es\/partners\/","name":"Partners - NANO.T","isPartOf":{"@id":"https:\/\/nanot.eu\/#website"},"datePublished":"2022-06-15T08:17:17+00:00","dateModified":"2023-03-03T07:36:05+00:00","breadcrumb":{"@id":"https:\/\/nanot.eu\/es\/partners\/#breadcrumb"},"inLanguage":"es","potentialAction":[{"@type":"ReadAction","target":["https:\/\/nanot.eu\/es\/partners\/"]}]},{"@type":"BreadcrumbList","@id":"https:\/\/nanot.eu\/es\/partners\/#breadcrumb","itemListElement":[{"@type":"ListItem","position":1,"name":"Home","item":"https:\/\/nanot.eu\/es\/"},{"@type":"ListItem","position":2,"name":"Partners"}]}]}},"_links":{"self":[{"href":"https:\/\/nanot.eu\/es\/wp-json\/wp\/v2\/pages\/1149"}],"collection":[{"href":"https:\/\/nanot.eu\/es\/wp-json\/wp\/v2\/pages"}],"about":[{"href":"https:\/\/nanot.eu\/es\/wp-json\/wp\/v2\/types\/page"}],"author":[{"embeddable":true,"href":"https:\/\/nanot.eu\/es\/wp-json\/wp\/v2\/users\/3"}],"replies":[{"embeddable":true,"href":"https:\/\/nanot.eu\/es\/wp-json\/wp\/v2\/comments?post=1149"}],"version-history":[{"count":2,"href":"https:\/\/nanot.eu\/es\/wp-json\/wp\/v2\/pages\/1149\/revisions"}],"predecessor-version":[{"id":1924,"href":"https:\/\/nanot.eu\/es\/wp-json\/wp\/v2\/pages\/1149\/revisions\/1924"}],"wp:attachment":[{"href":"https:\/\/nanot.eu\/es\/wp-json\/wp\/v2\/media?parent=1149"}],"curies":[{"name":"wp","href":"https:\/\/api.w.org\/{rel}","templated":true}]}}