{"id":1528,"date":"2022-12-21T10:14:44","date_gmt":"2022-12-21T09:14:44","guid":{"rendered":"https:\/\/nanot.eu\/?page_id=1528"},"modified":"2024-06-05T12:37:21","modified_gmt":"2024-06-05T10:37:21","slug":"principi-generali","status":"publish","type":"page","link":"https:\/\/nanot.eu\/es\/principi-generali\/","title":{"rendered":"Nanotecnologia-principi generali"},"content":{"rendered":"<p>[vc_row content_placement=\u00bbmiddle\u00bb enable_overlay=\u00bbyes\u00bb overlay_bg=\u00bbrgba(0, 0, 0, 0)\u00bb css=\u00bb.vc_custom_1623849356345{background-image: url(https:\/\/nanot.eu\/wp-content\/uploads\/2021\/05\/sfondo-sfumato.jpg?id=220) !important;background-position: center !important;background-repeat: no-repeat !important;background-size: cover !important;}\u00bb][vc_column width=\u00bb1\/6&#8243; align=\u00bbtext-center\u00bb][\/vc_column][vc_column width=\u00bb2\/3&#8243; enable_content_animation=\u00bbyes\u00bb animation_preset=\u00bbFade In Up\u00bb align=\u00bbtext-center\u00bb ca_duration=\u00bb1500&#8243; ca_delay=\u00bb200&#8243;]<style>.ld_spacer_69d2970fddf43{height:100px;}<\/style>\n<div class=\"ld-empty-space ld_spacer_69d2970fddf43\"><span class=\"liquid_empty_space_inner\"><\/span><\/div><style>.ld_fancy_heading_69d2970fde21d .lqd-highlight-inner{height:0.275em;bottom:0px;}<\/style><div class=\"ld-fancy-heading text-center ld_fancy_heading_69d2970fde21d\">\n\t<h2 class=\"lqd-highlight-underline lqd-highlight-grow-left\" ><span class=\"ld-fh-txt\"> Tecnolog\u00eda\u00a0Nano.T\u00ae<\/span><\/h2><\/div><style>.ld_fancy_heading_69d2970fde650 .lqd-highlight-inner{height:0.275em;bottom:0px;}<\/style><div class=\"ld-fancy-heading ld_fancy_heading_69d2970fde650\">\n\t<h3 class=\"lqd-highlight-underline lqd-highlight-grow-left\" ><span class=\"ld-fh-txt\"> Comparaci\u00f3n de tama\u00f1o:<br \/>\nde nano a macro<\/span><\/h3><\/div>[vc_single_image image=\u00bb1598&#8243; img_size=\u00bbfull\u00bb][\/vc_column][vc_column width=\u00bb1\/6&#8243;][\/vc_column][vc_row][\/vc_row][vc_column][\/vc_column][vc_column][\/vc_column][vc_row content_placement=\u00bbmiddle\u00bb enable_overlay=\u00bbyes\u00bb overlay_bg=\u00bbrgba(0, 0, 0, 0)\u00bb css=\u00bb.vc_custom_1623163665644{background-color: #eceef1 !important;}\u00bb][\/vc_row][vc_column width=\u00bb1\/6&#8243; align=\u00bbtext-center\u00bb][\/vc_column][vc_column width=\u00bb2\/3&#8243; enable_content_animation=\u00bbyes\u00bb animation_preset=\u00bbFade In Up\u00bb align=\u00bbtext-center\u00bb ca_duration=\u00bb1500&#8243; ca_delay=\u00bb200&#8243;]<style>.ld_fancy_heading_69d2970fde8e1 .lqd-highlight-inner{height:0.275em;bottom:0px;}<\/style><div class=\"ld-fancy-heading ld_fancy_heading_69d2970fde8e1\">\n\t<h3 class=\"lqd-highlight-underline lqd-highlight-grow-left\" ><span class=\"ld-fh-txt\"> Los nano-fertilizantes se caracterizan por:<\/span><\/h3><\/div><style>.ld_spacer_69d2970fdeb02{height:32px;}<\/style>\n<div class=\"ld-empty-space ld_spacer_69d2970fdeb02\"><span class=\"liquid_empty_space_inner\"><\/span><\/div>[vc_separator color=\u00bbblack\u00bb][vc_row_inner][vc_column_inner width=\u00bb1\/3&#8243; align=\u00bbtext-center\u00bb][vc_column_text]<strong>1. Alta eficiencia<\/strong>[\/vc_column_text][\/vc_column_inner][vc_column_inner width=\u00bb1\/3&#8243; align=\u00bbtext-center\u00bb][vc_column_text]Las nanopart\u00edculas tienen una alta superficie de contacto, facilitando la disoluci\u00f3n y absorci\u00f3n por parte de la planta, permitiendo reducir las dosis de uso;[\/vc_column_text][\/vc_column_inner][vc_column_inner width=\u00bb1\/3&#8243; align=\u00bbtext-center\u00bb][vc_single_image image=\u00bb343&#8243;][\/vc_column_inner][\/vc_row_inner][vc_separator color=\u00bbblack\u00bb][vc_row_inner][vc_column_inner width=\u00bb1\/3&#8243; align=\u00bbtext-center\u00bb][vc_column_text]<strong>2. Estabilidad de la formulaci\u00f3n<\/strong>[\/vc_column_text][\/vc_column_inner][vc_column_inner width=\u00bb1\/3&#8243; align=\u00bbtext-center\u00bb][vc_column_text]El proceso de producci\u00f3n patentado permite obtener una suspensi\u00f3n coloidal estable en el tiempo, evitando fen\u00f3menos de precipitaci\u00f3n o agregaci\u00f3n;[\/vc_column_text][\/vc_column_inner][vc_column_inner width=\u00bb1\/3&#8243; align=\u00bbtext-center\u00bb][vc_single_image image=\u00bb925&#8243;][vc_single_image image=\u00bb345&#8243;][\/vc_column_inner][\/vc_row_inner][vc_separator color=\u00bbblack\u00bb][vc_row_inner css=\u00bb.vc_custom_1623924074742{padding-bottom: 30px !important;}\u00bb][vc_column_inner width=\u00bb1\/3&#8243; align=\u00bbtext-center\u00bb][vc_column_text]<strong>3. Acci\u00f3n duradera<\/strong>[\/vc_column_text][\/vc_column_inner][vc_column_inner width=\u00bb1\/3&#8243; align=\u00bbtext-center\u00bb][vc_column_text]Los productos obtenidos con el proceso NANO.T pueden utilizarse en las condiciones ambientales m\u00e1s dif\u00edciles sin ser alterados<br \/>\nsus caracter\u00edsticas;[\/vc_column_text][\/vc_column_inner][vc_column_inner width=\u00bb1\/3&#8243; align=\u00bbtext-center\u00bb][vc_single_image image=\u00bb344&#8243;][\/vc_column_inner][\/vc_row_inner][vc_separator color=\u00bbblack\u00bb][vc_row_inner css=\u00bb.vc_custom_1623924074742{padding-bottom: 30px !important;}\u00bb][vc_column_inner width=\u00bb1\/3&#8243; align=\u00bbtext-center\u00bb][vc_column_text]<strong>4. Bajo impacto ambiental<\/strong>[\/vc_column_text][\/vc_column_inner][vc_column_inner width=\u00bb1\/3&#8243; align=\u00bbtext-center\u00bb][vc_column_text]Los nano fertilizantes, al no ser lavables en el suelo y tener la capacidad de adherirse a la hoja, no se dispersan en el medio ambiente requiriendo un n\u00famero limitado de aplicaciones;[\/vc_column_text][\/vc_column_inner][vc_column_inner width=\u00bb1\/3&#8243; align=\u00bbtext-center\u00bb][vc_single_image image=\u00bb2342&#8243;][\/vc_column_inner][\/vc_row_inner][vc_separator color=\u00bbblack\u00bb][vc_row_inner css=\u00bb.vc_custom_1623924074742{padding-bottom: 30px !important;}\u00bb][vc_column_inner width=\u00bb1\/3&#8243; align=\u00bbtext-center\u00bb][vc_column_text]<strong>5. Tecnolog\u00eda innovadora patentada<\/strong>[\/vc_column_text][\/vc_column_inner][vc_column_inner width=\u00bb1\/3&#8243; align=\u00bbtext-center\u00bb][vc_column_text]La tecnolog\u00eda NANO.T es una innovaci\u00f3n fruto de la colaboraci\u00f3n entre el departamento de investigaci\u00f3n y desarrollo de FCP Cerea y el departamento de Biotecnolog\u00eda de la Universidad de Verona.[\/vc_column_text][\/vc_column_inner][vc_column_inner width=\u00bb1\/3&#8243; align=\u00bbtext-center\u00bb][vc_single_image image=\u00bb2338&#8243;][\/vc_column_inner][\/vc_row_inner][vc_separator color=\u00bbblack\u00bb][\/vc_column][vc_column width=\u00bb1\/6&#8243;][\/vc_column][vc_row][\/vc_row][vc_row][vc_column][\/vc_column][vc_row content_placement=\u00bbmiddle\u00bb enable_overlay=\u00bbyes\u00bb overlay_bg=\u00bbrgba(0, 0, 0, 0)\u00bb][vc_column][\/vc_column]<\/p>\n","protected":false},"excerpt":{"rendered":"<p>[vc_row content_placement=\u00bbmiddle\u00bb enable_overlay=\u00bbyes\u00bb overlay_bg=\u00bbrgba(0, 0, 0, 0)\u00bb css=\u00bb.vc_custom_1623849356345{background-image: url(https:\/\/nanot.eu\/wp-content\/uploads\/2021\/05\/sfondo-sfumato.jpg?id=220) !important;background-position: center !important;background-repeat: no-repeat !important;background-size: cover&#8230;<\/p>\n","protected":false},"author":3,"featured_media":0,"parent":0,"menu_order":0,"comment_status":"closed","ping_status":"closed","template":"","meta":[],"yoast_head":"<!-- This site is optimized with the Yoast SEO plugin v16.9 - https:\/\/yoast.com\/wordpress\/plugins\/seo\/ -->\n<title>Nanotecnologia-principi generali - NANO.T<\/title>\n<meta name=\"robots\" content=\"index, follow, max-snippet:-1, max-image-preview:large, max-video-preview:-1\" \/>\n<link rel=\"canonical\" href=\"https:\/\/nanot.eu\/es\/principi-generali\/\" \/>\n<meta property=\"og:locale\" content=\"es_ES\" \/>\n<meta property=\"og:type\" content=\"article\" \/>\n<meta property=\"og:title\" content=\"Nanotecnologia-principi generali - NANO.T\" \/>\n<meta property=\"og:description\" content=\"[vc_row content_placement=\u00bbmiddle\u00bb enable_overlay=\u00bbyes\u00bb overlay_bg=\u00bbrgba(0, 0, 0, 0)\u00bb css=\u00bb.vc_custom_1623849356345{background-image: url(https:\/\/nanot.eu\/wp-content\/uploads\/2021\/05\/sfondo-sfumato.jpg?id=220) !important;background-position: center !important;background-repeat: no-repeat !important;background-size: cover...\" \/>\n<meta property=\"og:url\" content=\"https:\/\/nanot.eu\/es\/principi-generali\/\" \/>\n<meta property=\"og:site_name\" content=\"NANO.T\" \/>\n<meta property=\"article:modified_time\" content=\"2024-06-05T10:37:21+00:00\" \/>\n<meta name=\"twitter:card\" content=\"summary_large_image\" \/>\n<meta name=\"twitter:label1\" content=\"Tiempo de lectura\" \/>\n\t<meta name=\"twitter:data1\" content=\"2 minutos\" \/>\n<script type=\"application\/ld+json\" class=\"yoast-schema-graph\">{\"@context\":\"https:\/\/schema.org\",\"@graph\":[{\"@type\":\"WebSite\",\"@id\":\"https:\/\/nanot.eu\/#website\",\"url\":\"https:\/\/nanot.eu\/\",\"name\":\"NANO.T\",\"description\":\"Fertilizzanti Smart, Innovativi e Sostenibili\",\"potentialAction\":[{\"@type\":\"SearchAction\",\"target\":{\"@type\":\"EntryPoint\",\"urlTemplate\":\"https:\/\/nanot.eu\/?s={search_term_string}\"},\"query-input\":\"required name=search_term_string\"}],\"inLanguage\":\"es\"},{\"@type\":\"WebPage\",\"@id\":\"https:\/\/nanot.eu\/es\/principi-generali\/#webpage\",\"url\":\"https:\/\/nanot.eu\/es\/principi-generali\/\",\"name\":\"Nanotecnologia-principi generali - NANO.T\",\"isPartOf\":{\"@id\":\"https:\/\/nanot.eu\/#website\"},\"datePublished\":\"2022-12-21T09:14:44+00:00\",\"dateModified\":\"2024-06-05T10:37:21+00:00\",\"breadcrumb\":{\"@id\":\"https:\/\/nanot.eu\/es\/principi-generali\/#breadcrumb\"},\"inLanguage\":\"es\",\"potentialAction\":[{\"@type\":\"ReadAction\",\"target\":[\"https:\/\/nanot.eu\/es\/principi-generali\/\"]}]},{\"@type\":\"BreadcrumbList\",\"@id\":\"https:\/\/nanot.eu\/es\/principi-generali\/#breadcrumb\",\"itemListElement\":[{\"@type\":\"ListItem\",\"position\":1,\"name\":\"Home\",\"item\":\"https:\/\/nanot.eu\/es\/\"},{\"@type\":\"ListItem\",\"position\":2,\"name\":\"Nanotecnologia-principi generali\"}]}]}<\/script>\n<!-- \/ Yoast SEO plugin. -->","yoast_head_json":{"title":"Nanotecnologia-principi generali - NANO.T","robots":{"index":"index","follow":"follow","max-snippet":"max-snippet:-1","max-image-preview":"max-image-preview:large","max-video-preview":"max-video-preview:-1"},"canonical":"https:\/\/nanot.eu\/es\/principi-generali\/","og_locale":"es_ES","og_type":"article","og_title":"Nanotecnologia-principi generali - NANO.T","og_description":"[vc_row content_placement=\u00bbmiddle\u00bb enable_overlay=\u00bbyes\u00bb overlay_bg=\u00bbrgba(0, 0, 0, 0)\u00bb css=\u00bb.vc_custom_1623849356345{background-image: url(https:\/\/nanot.eu\/wp-content\/uploads\/2021\/05\/sfondo-sfumato.jpg?id=220) !important;background-position: center !important;background-repeat: no-repeat !important;background-size: cover...","og_url":"https:\/\/nanot.eu\/es\/principi-generali\/","og_site_name":"NANO.T","article_modified_time":"2024-06-05T10:37:21+00:00","twitter_card":"summary_large_image","twitter_misc":{"Tiempo de lectura":"2 minutos"},"schema":{"@context":"https:\/\/schema.org","@graph":[{"@type":"WebSite","@id":"https:\/\/nanot.eu\/#website","url":"https:\/\/nanot.eu\/","name":"NANO.T","description":"Fertilizzanti Smart, Innovativi e Sostenibili","potentialAction":[{"@type":"SearchAction","target":{"@type":"EntryPoint","urlTemplate":"https:\/\/nanot.eu\/?s={search_term_string}"},"query-input":"required name=search_term_string"}],"inLanguage":"es"},{"@type":"WebPage","@id":"https:\/\/nanot.eu\/es\/principi-generali\/#webpage","url":"https:\/\/nanot.eu\/es\/principi-generali\/","name":"Nanotecnologia-principi generali - NANO.T","isPartOf":{"@id":"https:\/\/nanot.eu\/#website"},"datePublished":"2022-12-21T09:14:44+00:00","dateModified":"2024-06-05T10:37:21+00:00","breadcrumb":{"@id":"https:\/\/nanot.eu\/es\/principi-generali\/#breadcrumb"},"inLanguage":"es","potentialAction":[{"@type":"ReadAction","target":["https:\/\/nanot.eu\/es\/principi-generali\/"]}]},{"@type":"BreadcrumbList","@id":"https:\/\/nanot.eu\/es\/principi-generali\/#breadcrumb","itemListElement":[{"@type":"ListItem","position":1,"name":"Home","item":"https:\/\/nanot.eu\/es\/"},{"@type":"ListItem","position":2,"name":"Nanotecnologia-principi generali"}]}]}},"_links":{"self":[{"href":"https:\/\/nanot.eu\/es\/wp-json\/wp\/v2\/pages\/1528"}],"collection":[{"href":"https:\/\/nanot.eu\/es\/wp-json\/wp\/v2\/pages"}],"about":[{"href":"https:\/\/nanot.eu\/es\/wp-json\/wp\/v2\/types\/page"}],"author":[{"embeddable":true,"href":"https:\/\/nanot.eu\/es\/wp-json\/wp\/v2\/users\/3"}],"replies":[{"embeddable":true,"href":"https:\/\/nanot.eu\/es\/wp-json\/wp\/v2\/comments?post=1528"}],"version-history":[{"count":16,"href":"https:\/\/nanot.eu\/es\/wp-json\/wp\/v2\/pages\/1528\/revisions"}],"predecessor-version":[{"id":2351,"href":"https:\/\/nanot.eu\/es\/wp-json\/wp\/v2\/pages\/1528\/revisions\/2351"}],"wp:attachment":[{"href":"https:\/\/nanot.eu\/es\/wp-json\/wp\/v2\/media?parent=1528"}],"curies":[{"name":"wp","href":"https:\/\/api.w.org\/{rel}","templated":true}]}}