{"id":1549,"date":"2022-12-21T10:59:35","date_gmt":"2022-12-21T09:59:35","guid":{"rendered":"https:\/\/nanot.eu\/?page_id=1549"},"modified":"2023-01-09T10:35:03","modified_gmt":"2023-01-09T09:35:03","slug":"app-radicali","status":"publish","type":"page","link":"https:\/\/nanot.eu\/es\/app-radicali\/","title":{"rendered":"Nanotecnologia Applicazioni Radicali"},"content":{"rendered":"<p>[vc_row content_placement=\u00bbmiddle\u00bb enable_overlay=\u00bbyes\u00bb overlay_bg=\u00bbrgba(0, 0, 0, 0)\u00bb css=\u00bb.vc_custom_1623849356345{background-image: url(https:\/\/nanot.eu\/wp-content\/uploads\/2021\/05\/sfondo-sfumato.jpg?id=220) !important;background-position: center !important;background-repeat: no-repeat !important;background-size: cover !important;}\u00bb][vc_column width=\u00bb1\/6&#8243; align=\u00bbtext-center\u00bb][\/vc_column][vc_column width=\u00bb2\/3&#8243; enable_content_animation=\u00bbyes\u00bb animation_preset=\u00bbFade In Up\u00bb align=\u00bbtext-center\u00bb ca_duration=\u00bb1500&#8243; ca_delay=\u00bb200&#8243;]<style>.ld_spacer_69dff511689a0{height:100px;}<\/style>\n<div class=\"ld-empty-space ld_spacer_69dff511689a0\"><span class=\"liquid_empty_space_inner\"><\/span><\/div><style>.ld_fancy_heading_69dff51168c73 .lqd-highlight-inner{height:0.275em;bottom:0px;}<\/style><div class=\"ld-fancy-heading text-center ld_fancy_heading_69dff51168c73\">\n\t<h2 class=\"lqd-highlight-underline lqd-highlight-grow-left\" ><span class=\"ld-fh-txt\"> Tecnolog\u00eda Nano.T\u00ae<\/span><\/h2><\/div><style>.ld_fancy_heading_69dff5116904f .lqd-highlight-inner{height:0.275em;bottom:0px;}<\/style><div class=\"ld-fancy-heading ld_fancy_heading_69dff5116904f\">\n\t<h3 class=\"lqd-highlight-underline lqd-highlight-grow-left\" ><span class=\"ld-fh-txt\"> Principio de funcionamiento radical<\/span><\/h3><\/div><style>.ld_fancy_heading_69dff511692e7 .lqd-highlight-inner{height:0.275em;bottom:0px;}<\/style><div class=\"ld-fancy-heading ld_fancy_heading_69dff511692e7\">\n\t<p class=\"lqd-highlight-underline lqd-highlight-grow-left\" ><span class=\"ld-fh-txt\"> Los nutrientes con una concentraci\u00f3n dentro de la planta de menos de 100 mg\/kg se denominan microelementos: Hierro (Fe), Zinc (Zn), Cobre (Cu),<br \/>\nManganeso (Mn), Boro (B), Molibdeno (Mo). Cuatro de ellos (Fe, Zn, Mn y Cu) en el suelo se oxidan f\u00e1cilmente o al reaccionar con otros elementos crear compuestos insolubles. Esto provoca su baja eficiencia.<br \/>\nnutricional (desperdicio de recursos, menor producci\u00f3n e impacto ambiental).<\/p>\n<p><strong>Los fertilizantes NANO.T\u00ae son una forma innovadora de fertilizante que supera todos estos problemas cr\u00edticos.<\/strong><\/p>\n<p>El siguiente diagrama ilustra la estrategia operativa de un fertilizante NANO.T.<\/span><\/p><\/div>[vc_single_image image=\u00bb1607&#8243; img_size=\u00bbfull\u00bb]<style>.ld_fancy_heading_69dff5116957c .lqd-highlight-inner{height:0.275em;bottom:0px;}<\/style><div class=\"ld-fancy-heading ld_fancy_heading_69dff5116957c\">\n\t<p class=\"lqd-highlight-underline lqd-highlight-grow-left\" ><span class=\"ld-fh-txt\"> NANO.T\u00ae gracias a su naturaleza coloidal y dimensiones muy peque\u00f1as (menos de 100nm), cuando se aplica al suelo no precipita (destino al que est\u00e1n sometidos los fosfatos solubles y las fuentes de Fe, Zn, Mn y Cu) y llega f\u00e1cilmente a las ra\u00edces a trav\u00e9s de los poros del suelo (transportado por flujo m\u00e1sico). Una vez que llega a la rizosfera (zona muy pr\u00f3xima a la ra\u00edz) la elevada relaci\u00f3n superficie\/volumen de NANO.T\u00ae facilita su disoluci\u00f3n -operada por los exudados radicales- y la absorci\u00f3n de los nutrientes presentes en \u00e9l.<\/span><\/p><\/div>[\/vc_column][vc_column width=\u00bb1\/6&#8243;][\/vc_column][vc_column width=\u00bb1\/6&#8243; align=\u00bbtext-center\u00bb][\/vc_column][vc_column width=\u00bb2\/3&#8243; enable_content_animation=\u00bbyes\u00bb animation_preset=\u00bbFade In Up\u00bb align=\u00bbtext-center\u00bb ca_duration=\u00bb1500&#8243; ca_delay=\u00bb200&#8243;]<style>.ld_spacer_69dff51169771{height:100px;}<\/style>\n<div class=\"ld-empty-space ld_spacer_69dff51169771\"><span class=\"liquid_empty_space_inner\"><\/span><\/div><style>.ld_fancy_heading_69dff5116994a .lqd-highlight-inner{height:0.275em;bottom:0px;}<\/style><div class=\"ld-fancy-heading text-center ld_fancy_heading_69dff5116994a\">\n\t<h2 class=\"lqd-highlight-underline lqd-highlight-grow-left\" ><span class=\"ld-fh-txt\"> El ejemplo del hierro<\/span><\/h2><\/div><style>.ld_fancy_heading_69dff51169ba3 .lqd-highlight-inner{height:0.275em;bottom:0px;}<\/style><div class=\"ld-fancy-heading ld_fancy_heading_69dff51169ba3\">\n\t<h3 class=\"lqd-highlight-underline lqd-highlight-grow-left\" ><span class=\"ld-fh-txt\"> <span class=\"Y2IQFc\" lang=\"es\">Agentes quelantes y complejantes en comparaci\u00f3n con\u00a0<\/span>Nano.T\u00ae?<\/span><\/h3><\/div><style>.ld_spacer_69dff51169def{height:32px;}<\/style>\n<div class=\"ld-empty-space ld_spacer_69dff51169def\"><span class=\"liquid_empty_space_inner\"><\/span><\/div>[vc_row_inner gap=\u00bb35&#8243;][vc_column_inner width=\u00bb1\/2&#8243; align=\u00bbtext-center\u00bb][vc_single_image image=\u00bb446&#8243; alignment=\u00bbcenter\u00bb][vc_column_text]<strong>Fertilizantes tradicionales<\/strong>[\/vc_column_text]<style>.ld_spacer_69dff51169f7e{height:32px;}<\/style>\n<div class=\"ld-empty-space ld_spacer_69dff51169f7e\"><span class=\"liquid_empty_space_inner\"><\/span><\/div>[vc_column_text]<\/p>\n<ul>\n<li style=\"text-align: left;\">Persistencia limitada ya que pueden ser desactivados por el pH del suelo<\/li>\n<li style=\"text-align: left;\">Eficacia reducida cuando se expone a la luz ultravioleta, calor, agentes oxidantes<\/li>\n<li style=\"text-align: left;\">Pueden dispersarse en el medio ambiente ya que son lixiviables y contaminan las aguas subterr\u00e1neas.<\/li>\n<\/ul>\n<p>[\/vc_column_text][\/vc_column_inner][vc_column_inner width=\u00bb1\/2&#8243; align=\u00bbtext-center\u00bb responsive_css=\u00bbpadding_top_large:0px|padding_top_small:0px\u00bb css=\u00bb.vc_custom_1624373086150{padding-top: 50px !important;}\u00bb][vc_single_image image=\u00bb445&#8243; alignment=\u00bbcenter\u00bb][vc_column_text]<strong>Nano.T\u00aeFe<\/strong>[\/vc_column_text]<style>.ld_spacer_69dff5116a0d0{height:32px;}<\/style>\n<div class=\"ld-empty-space ld_spacer_69dff5116a0d0\"><span class=\"liquid_empty_space_inner\"><\/span><\/div>[vc_column_text]<\/p>\n<ul>\n<li style=\"text-align: left;\">Alta persistencia son efectivos y estables en un amplio rango de pH (1-10)<\/li>\n<li style=\"text-align: left;\">Activo en cualquier condici\u00f3n de luz y temperatura<\/li>\n<li style=\"text-align: left;\">Menor impacto ambiental ya que son retenidos por el suelo y no sujetos a lixiviaci\u00f3n.<\/li>\n<\/ul>\n<p>[\/vc_column_text][\/vc_column_inner][\/vc_row_inner]<style>.ld_spacer_69dff5116a227{height:32px;}<\/style>\n<div class=\"ld-empty-space ld_spacer_69dff5116a227\"><span class=\"liquid_empty_space_inner\"><\/span><\/div>[\/vc_column][vc_column width=\u00bb1\/6&#8243;][\/vc_column][vc_row][vc_column][\/vc_column][vc_row][\/vc_row][vc_row][\/vc_row][vc_column align=\u00bbtext-center\u00bb]<style>.ld_button_69dff5116a40d.btn-icon-solid .btn-icon{background:rgb(255, 93, 20);}.ld_button_69dff5116a40d.btn-icon-circle.btn-icon-ripple .btn-icon:before{border-color:rgb(255, 93, 20);}.ld_button_69dff5116a40d.btn-icon-solid:hover .btn-icon{background:rgb(255, 255, 255);}.ld_button_69dff5116a40d{background-color:rgb(255, 93, 20);border-color:rgb(255, 93, 20);line-height:1.5em !important;font-size:13px !important;letter-spacing:0.1em !important;}.ld_button_69dff5116a40d:hover{background-color:rgb(255, 255, 255);border-color:rgb(255, 255, 255);color:rgb(255, 93, 20);}.ld_button_69dff5116a40d .btn-gradient-bg-hover{background:-webkit-linear-gradient(to right, rgb(255, 255, 255) 0%, rgb(255, 255, 255) 100%);background:linear-gradient(to right, rgb(255, 255, 255) 0%, rgb(255, 255, 255) 100%);}.ld_button_69dff5116a40d .btn-gradient-border defs stop:first-child{stop-color:rgb(255, 93, 20);}.ld_button_69dff5116a40d .btn-gradient-border defs stop:last-child{stop-color:rgb(255, 93, 20);}.ld_button_69dff5116a40d:hover .btn-gradient-border defs stop:first-child{stop-color:rgb(255, 255, 255);}.ld_button_69dff5116a40d:hover .btn-gradient-border defs stop:last-child{stop-color:rgb(255, 255, 255);}.ld_button_69dff5116a40d.btn-bordered{border-color:rgb(255, 93, 20);}<\/style><a href=\"https:\/\/nanot.eu\/es\/contacto\/\" class=\"btn btn-solid circle btn-bordered border-thin ld_button_69dff5116a40d\" data-localscroll=\"true\" data-localscroll-options=\"{&quot;scrollSpeed&quot;:&quot;6000&quot;}\">\n\t<span>\n\t\t\n\t\t\t\t\t<span class=\"btn-txt\">SOLICITA MATERIA EXCLUSIVO<\/span>\n\t\t\t\n\t\t\t\t<\/span>\n<\/a>\n[\/vc_column]<\/p>\n","protected":false},"excerpt":{"rendered":"<p>[vc_row content_placement=\u00bbmiddle\u00bb enable_overlay=\u00bbyes\u00bb overlay_bg=\u00bbrgba(0, 0, 0, 0)\u00bb css=\u00bb.vc_custom_1623849356345{background-image: url(https:\/\/nanot.eu\/wp-content\/uploads\/2021\/05\/sfondo-sfumato.jpg?id=220) !important;background-position: center !important;background-repeat: no-repeat !important;background-size: cover&#8230;<\/p>\n","protected":false},"author":3,"featured_media":0,"parent":0,"menu_order":0,"comment_status":"closed","ping_status":"closed","template":"","meta":[],"yoast_head":"<!-- This site is optimized with the Yoast SEO plugin v16.9 - https:\/\/yoast.com\/wordpress\/plugins\/seo\/ -->\n<title>Nanotecnologia Applicazioni Radicali - NANO.T<\/title>\n<meta name=\"robots\" content=\"index, follow, max-snippet:-1, max-image-preview:large, max-video-preview:-1\" \/>\n<link rel=\"canonical\" href=\"https:\/\/nanot.eu\/es\/app-radicali\/\" \/>\n<meta property=\"og:locale\" content=\"es_ES\" \/>\n<meta property=\"og:type\" content=\"article\" \/>\n<meta property=\"og:title\" content=\"Nanotecnologia Applicazioni Radicali - NANO.T\" \/>\n<meta property=\"og:description\" content=\"[vc_row content_placement=\u00bbmiddle\u00bb enable_overlay=\u00bbyes\u00bb overlay_bg=\u00bbrgba(0, 0, 0, 0)\u00bb css=\u00bb.vc_custom_1623849356345{background-image: url(https:\/\/nanot.eu\/wp-content\/uploads\/2021\/05\/sfondo-sfumato.jpg?id=220) !important;background-position: center !important;background-repeat: no-repeat !important;background-size: cover...\" \/>\n<meta property=\"og:url\" content=\"https:\/\/nanot.eu\/es\/app-radicali\/\" \/>\n<meta property=\"og:site_name\" content=\"NANO.T\" \/>\n<meta property=\"article:modified_time\" content=\"2023-01-09T09:35:03+00:00\" \/>\n<meta name=\"twitter:card\" content=\"summary_large_image\" \/>\n<meta name=\"twitter:label1\" content=\"Tiempo de lectura\" \/>\n\t<meta name=\"twitter:data1\" content=\"2 minutos\" \/>\n<script type=\"application\/ld+json\" class=\"yoast-schema-graph\">{\"@context\":\"https:\/\/schema.org\",\"@graph\":[{\"@type\":\"WebSite\",\"@id\":\"https:\/\/nanot.eu\/#website\",\"url\":\"https:\/\/nanot.eu\/\",\"name\":\"NANO.T\",\"description\":\"Fertilizzanti Smart, Innovativi e Sostenibili\",\"potentialAction\":[{\"@type\":\"SearchAction\",\"target\":{\"@type\":\"EntryPoint\",\"urlTemplate\":\"https:\/\/nanot.eu\/?s={search_term_string}\"},\"query-input\":\"required name=search_term_string\"}],\"inLanguage\":\"es\"},{\"@type\":\"WebPage\",\"@id\":\"https:\/\/nanot.eu\/es\/app-radicali\/#webpage\",\"url\":\"https:\/\/nanot.eu\/es\/app-radicali\/\",\"name\":\"Nanotecnologia Applicazioni Radicali - NANO.T\",\"isPartOf\":{\"@id\":\"https:\/\/nanot.eu\/#website\"},\"datePublished\":\"2022-12-21T09:59:35+00:00\",\"dateModified\":\"2023-01-09T09:35:03+00:00\",\"breadcrumb\":{\"@id\":\"https:\/\/nanot.eu\/es\/app-radicali\/#breadcrumb\"},\"inLanguage\":\"es\",\"potentialAction\":[{\"@type\":\"ReadAction\",\"target\":[\"https:\/\/nanot.eu\/es\/app-radicali\/\"]}]},{\"@type\":\"BreadcrumbList\",\"@id\":\"https:\/\/nanot.eu\/es\/app-radicali\/#breadcrumb\",\"itemListElement\":[{\"@type\":\"ListItem\",\"position\":1,\"name\":\"Home\",\"item\":\"https:\/\/nanot.eu\/es\/\"},{\"@type\":\"ListItem\",\"position\":2,\"name\":\"Nanotecnologia Applicazioni Radicali\"}]}]}<\/script>\n<!-- \/ Yoast SEO plugin. -->","yoast_head_json":{"title":"Nanotecnologia Applicazioni Radicali - NANO.T","robots":{"index":"index","follow":"follow","max-snippet":"max-snippet:-1","max-image-preview":"max-image-preview:large","max-video-preview":"max-video-preview:-1"},"canonical":"https:\/\/nanot.eu\/es\/app-radicali\/","og_locale":"es_ES","og_type":"article","og_title":"Nanotecnologia Applicazioni Radicali - NANO.T","og_description":"[vc_row content_placement=\u00bbmiddle\u00bb enable_overlay=\u00bbyes\u00bb overlay_bg=\u00bbrgba(0, 0, 0, 0)\u00bb css=\u00bb.vc_custom_1623849356345{background-image: url(https:\/\/nanot.eu\/wp-content\/uploads\/2021\/05\/sfondo-sfumato.jpg?id=220) !important;background-position: center !important;background-repeat: no-repeat !important;background-size: cover...","og_url":"https:\/\/nanot.eu\/es\/app-radicali\/","og_site_name":"NANO.T","article_modified_time":"2023-01-09T09:35:03+00:00","twitter_card":"summary_large_image","twitter_misc":{"Tiempo de lectura":"2 minutos"},"schema":{"@context":"https:\/\/schema.org","@graph":[{"@type":"WebSite","@id":"https:\/\/nanot.eu\/#website","url":"https:\/\/nanot.eu\/","name":"NANO.T","description":"Fertilizzanti Smart, Innovativi e Sostenibili","potentialAction":[{"@type":"SearchAction","target":{"@type":"EntryPoint","urlTemplate":"https:\/\/nanot.eu\/?s={search_term_string}"},"query-input":"required name=search_term_string"}],"inLanguage":"es"},{"@type":"WebPage","@id":"https:\/\/nanot.eu\/es\/app-radicali\/#webpage","url":"https:\/\/nanot.eu\/es\/app-radicali\/","name":"Nanotecnologia Applicazioni Radicali - NANO.T","isPartOf":{"@id":"https:\/\/nanot.eu\/#website"},"datePublished":"2022-12-21T09:59:35+00:00","dateModified":"2023-01-09T09:35:03+00:00","breadcrumb":{"@id":"https:\/\/nanot.eu\/es\/app-radicali\/#breadcrumb"},"inLanguage":"es","potentialAction":[{"@type":"ReadAction","target":["https:\/\/nanot.eu\/es\/app-radicali\/"]}]},{"@type":"BreadcrumbList","@id":"https:\/\/nanot.eu\/es\/app-radicali\/#breadcrumb","itemListElement":[{"@type":"ListItem","position":1,"name":"Home","item":"https:\/\/nanot.eu\/es\/"},{"@type":"ListItem","position":2,"name":"Nanotecnologia Applicazioni Radicali"}]}]}},"_links":{"self":[{"href":"https:\/\/nanot.eu\/es\/wp-json\/wp\/v2\/pages\/1549"}],"collection":[{"href":"https:\/\/nanot.eu\/es\/wp-json\/wp\/v2\/pages"}],"about":[{"href":"https:\/\/nanot.eu\/es\/wp-json\/wp\/v2\/types\/page"}],"author":[{"embeddable":true,"href":"https:\/\/nanot.eu\/es\/wp-json\/wp\/v2\/users\/3"}],"replies":[{"embeddable":true,"href":"https:\/\/nanot.eu\/es\/wp-json\/wp\/v2\/comments?post=1549"}],"version-history":[{"count":16,"href":"https:\/\/nanot.eu\/es\/wp-json\/wp\/v2\/pages\/1549\/revisions"}],"predecessor-version":[{"id":1737,"href":"https:\/\/nanot.eu\/es\/wp-json\/wp\/v2\/pages\/1549\/revisions\/1737"}],"wp:attachment":[{"href":"https:\/\/nanot.eu\/es\/wp-json\/wp\/v2\/media?parent=1549"}],"curies":[{"name":"wp","href":"https:\/\/api.w.org\/{rel}","templated":true}]}}