{"id":1559,"date":"2023-01-05T09:44:51","date_gmt":"2023-01-05T08:44:51","guid":{"rendered":"https:\/\/nanot.eu\/?page_id=1559"},"modified":"2025-05-08T12:52:09","modified_gmt":"2025-05-08T10:52:09","slug":"applicazioni-fogliari","status":"publish","type":"page","link":"https:\/\/nanot.eu\/es\/applicazioni-fogliari\/","title":{"rendered":"Nanotecnolog\u00eda &#8211; applicazioni fogliari"},"content":{"rendered":"<p>[vc_row content_placement=\u00bbmiddle\u00bb enable_overlay=\u00bbyes\u00bb overlay_bg=\u00bbrgba(0, 0, 0, 0)\u00bb css=\u00bb.vc_custom_1623849356345{background-image: url(https:\/\/nanot.eu\/wp-content\/uploads\/2021\/05\/sfondo-sfumato.jpg?id=220) !important;background-position: center !important;background-repeat: no-repeat !important;background-size: cover !important;}\u00bb][vc_column width=\u00bb1\/6&#8243; align=\u00bbtext-center\u00bb][\/vc_column][vc_column width=\u00bb2\/3&#8243; enable_content_animation=\u00bbyes\u00bb animation_preset=\u00bbFade In Up\u00bb align=\u00bbtext-center\u00bb ca_duration=\u00bb1500&#8243; ca_delay=\u00bb200&#8243;]<style>.ld_spacer_69d29642b84d4{height:100px;}<\/style>\n<div class=\"ld-empty-space ld_spacer_69d29642b84d4\"><span class=\"liquid_empty_space_inner\"><\/span><\/div><style>.ld_fancy_heading_69d29642b8766 .lqd-highlight-inner{height:0.275em;bottom:0px;}<\/style><div class=\"ld-fancy-heading text-center ld_fancy_heading_69d29642b8766\">\n\t<h2 class=\"lqd-highlight-underline lqd-highlight-grow-left\" ><span class=\"ld-fh-txt\"> Tecnolog\u00eda Nano.T\u00ae<\/span><\/h2><\/div><style>.ld_fancy_heading_69d29642b8b19 .lqd-highlight-inner{height:0.275em;bottom:0px;}<\/style><div class=\"ld-fancy-heading ld_fancy_heading_69d29642b8b19\">\n\t<h3 class=\"lqd-highlight-underline lqd-highlight-grow-left\" ><span class=\"ld-fh-txt\"> Principio de funcionamiento por aplicaci\u00f3n foliar<\/span><\/h3><\/div>[vc_single_image image=\u00bb1561&#8243; img_size=\u00bblarge\u00bb]<style>.ld_fancy_heading_69d29642b8d97 .lqd-highlight-inner{height:0.275em;bottom:0px;}<\/style><div class=\"ld-fancy-heading ld_fancy_heading_69d29642b8d97\">\n\t<p class=\"lqd-highlight-underline lqd-highlight-grow-left\" ><span class=\"ld-fh-txt\"> La tecnolog\u00eda NANO.T permite tener millones de billones de part\u00edculas con dimensiones entre 1 y 100 nan\u00f3metros con una superficie espec\u00edfica muy alta lo que determina una alta eficiencia y permite una cobertura densa de la hoja (fig. .2) en comparaci\u00f3n con la tecnolog\u00eda tradicional (fig.1) con la misma cantidad ofertada.<\/span><\/p><\/div><style>.ld_fancy_heading_69d29642b8fdf .lqd-highlight-inner{height:0.275em;bottom:0px;}<\/style><div class=\"ld-fancy-heading ld_fancy_heading_69d29642b8fdf\">\n\t<h2 class=\"lqd-highlight-underline lqd-highlight-grow-left\" ><span class=\"ld-fh-txt\"> El ejemplo del cobre<\/span><\/h2><\/div>[vc_single_image image=\u00bb2508&#8243; img_size=\u00bblarge\u00bb]<style>.ld_fancy_heading_69d29642b923b .lqd-highlight-inner{height:0.275em;bottom:0px;}<\/style><div class=\"ld-fancy-heading ld_fancy_heading_69d29642b923b\">\n\t<h3 class=\"lqd-highlight-underline lqd-highlight-grow-left\" ><span class=\"ld-fh-txt\"> Hidr\u00f3xidos y micronizados vs <a href=\"https:\/\/fcpcerea.it\/es\/productos\/nano-t-cu\/\" target=\"_blank\" rel=\"noopener\">Nano.T\u00ae Cu<\/a><\/span><\/h3><\/div>[vc_single_image image=\u00bb1646&#8243; img_size=\u00bblarge\u00bb]<style>.ld_fancy_heading_69d29642b94d0 .lqd-highlight-inner{height:0.275em;bottom:0px;}<\/style><div class=\"ld-fancy-heading ld_fancy_heading_69d29642b94d0\">\n\t<p class=\"lqd-highlight-underline lqd-highlight-grow-left\" ><span class=\"ld-fh-txt\"> Las nanopart\u00edculas tienen un tama\u00f1o (expresado en nan\u00f3metros) cientos de veces menor que el de los otros productos: en el gr\u00e1fico, en verde, se puede ver que las part\u00edculas <a href=\"https:\/\/fcpcerea.it\/es\/productos\/nano-t-cu\/\" target=\"_blank\" rel=\"noopener\">NANOT Cu<\/a> tienen en su mayor\u00eda un tama\u00f1o de unos 20 nm mientras que los hidr\u00f3xidos est\u00e1ndar, en rosa, rondan los 7000 nm e incluso los productos m\u00e1s innovadores como los micronizados, en azul, rondan los 2000 nm.<\/span><\/p><\/div><style>.ld_spacer_69d29642b96e5{height:32px;}<\/style>\n<div class=\"ld-empty-space ld_spacer_69d29642b96e5\"><span class=\"liquid_empty_space_inner\"><\/span><\/div>[vc_row_inner gap=\u00bb35&#8243;][vc_column_inner width=\u00bb1\/2&#8243; align=\u00bbtext-center\u00bb][vc_single_image image=\u00bb446&#8243; alignment=\u00bbcenter\u00bb][vc_column_text]<strong>Hidr\u00f3xidos y micronizados<\/strong>[\/vc_column_text]<style>.ld_spacer_69d29642b986a{height:32px;}<\/style>\n<div class=\"ld-empty-space ld_spacer_69d29642b986a\"><span class=\"liquid_empty_space_inner\"><\/span><\/div>[vc_column_text]<\/p>\n<ul>\n<li style=\"text-align: left;\">Requieren dosis m\u00e1s altas en funci\u00f3n del mayor tama\u00f1o y menor uniformidad de distribuci\u00f3n<\/li>\n<li style=\"text-align: left;\">La persistencia se reduce en proporci\u00f3n inversa al tama\u00f1o de las part\u00edculas<\/li>\n<li style=\"text-align: left;\">Pueden dispersarse en el medio ambiente acumul\u00e1ndose en el suelo.<\/li>\n<\/ul>\n<p>[\/vc_column_text][\/vc_column_inner][vc_column_inner width=\u00bb1\/2&#8243; align=\u00bbtext-center\u00bb responsive_css=\u00bbpadding_top_large:0px|padding_top_small:0px\u00bb css=\u00bb.vc_custom_1624373086150{padding-top: 50px !important;}\u00bb][vc_single_image image=\u00bb445&#8243; alignment=\u00bbcenter\u00bb][vc_column_text]<strong>Nano.T\u00aeCu<\/strong>[\/vc_column_text]<style>.ld_spacer_69d29642b99a9{height:32px;}<\/style>\n<div class=\"ld-empty-space ld_spacer_69d29642b99a9\"><span class=\"liquid_empty_space_inner\"><\/span><\/div>[vc_column_text]<\/p>\n<ul>\n<li style=\"text-align: left;\">Alta eficacia a bajas dosis las nanopart\u00edculas tienen una alta superficie de contacto y se distribuyen uniformemente en la superficie de la hoja facilitando su absorci\u00f3n<\/li>\n<li style=\"text-align: left;\">Persistente en la hoja la formulaci\u00f3n en suspensi\u00f3n coloidal permite una mejor adhesi\u00f3n a las ceras de hoja<\/li>\n<li style=\"text-align: left;\">Menor impacto ambiental gracias a la baja dosificaci\u00f3n y la mejor capacidad adhesiva<\/li>\n<li style=\"text-align: left;\">Mejora la eficacia de los productos combinados (amplio rango de miscibilidad ya sean fertilizantes y\/o pesticidas)<\/li>\n<\/ul>\n<p>[\/vc_column_text][\/vc_column_inner][\/vc_row_inner]<style>.ld_spacer_69d29642b9ae4{height:32px;}<\/style>\n<div class=\"ld-empty-space ld_spacer_69d29642b9ae4\"><span class=\"liquid_empty_space_inner\"><\/span><\/div><style>.ld_button_69d29642b9cd0.btn-icon-solid .btn-icon{background:rgb(255, 93, 20);}.ld_button_69d29642b9cd0.btn-icon-circle.btn-icon-ripple .btn-icon:before{border-color:rgb(255, 93, 20);}.ld_button_69d29642b9cd0.btn-icon-solid:hover .btn-icon{background:rgb(255, 255, 255);}.ld_button_69d29642b9cd0{background-color:rgb(255, 93, 20);border-color:rgb(255, 93, 20);line-height:1.5em !important;font-size:13px !important;letter-spacing:0.1em !important;}.ld_button_69d29642b9cd0:hover{background-color:rgb(255, 255, 255);border-color:rgb(255, 255, 255);color:rgb(255, 93, 20);}.ld_button_69d29642b9cd0 .btn-gradient-bg-hover{background:-webkit-linear-gradient(to right, rgb(255, 255, 255) 0%, rgb(255, 255, 255) 100%);background:linear-gradient(to right, rgb(255, 255, 255) 0%, rgb(255, 255, 255) 100%);}.ld_button_69d29642b9cd0 .btn-gradient-border defs stop:first-child{stop-color:rgb(255, 93, 20);}.ld_button_69d29642b9cd0 .btn-gradient-border defs stop:last-child{stop-color:rgb(255, 93, 20);}.ld_button_69d29642b9cd0:hover .btn-gradient-border defs stop:first-child{stop-color:rgb(255, 255, 255);}.ld_button_69d29642b9cd0:hover .btn-gradient-border defs stop:last-child{stop-color:rgb(255, 255, 255);}.ld_button_69d29642b9cd0.btn-bordered{border-color:rgb(255, 93, 20);}<\/style><a href=\"https:\/\/nanot.eu\/es\/contacto\/\" class=\"btn btn-solid text-uppercase circle btn-bordered border-thin ld_button_69d29642b9cd0 vc_custom_1624436530988\" data-localscroll=\"true\" data-localscroll-options=\"{&quot;scrollSpeed&quot;:&quot;6000&quot;}\">\n\t<span>\n\t\t\n\t\t\t\t\t<span class=\"btn-txt\">SOLICITA MATERIA EXCLUSIVO<\/span>\n\t\t\t\n\t\t\t\t<\/span>\n<\/a>\n[\/vc_column][vc_column width=\u00bb1\/6&#8243;][\/vc_column][vc_row][\/vc_row][\/vc_row][vc_row][vc_column][\/vc_column][vc_column_text][\/vc_column_text][vc_column][\/vc_column][vc_row][\/vc_row][vc_column][\/vc_column][vc_column_text][\/vc_column_text][vc_row][\/vc_row][\/vc_row][vc_column][\/vc_column][vc_column_text][\/vc_column_text]<\/p>\n","protected":false},"excerpt":{"rendered":"<p>[vc_row content_placement=\u00bbmiddle\u00bb enable_overlay=\u00bbyes\u00bb overlay_bg=\u00bbrgba(0, 0, 0, 0)\u00bb css=\u00bb.vc_custom_1623849356345{background-image: url(https:\/\/nanot.eu\/wp-content\/uploads\/2021\/05\/sfondo-sfumato.jpg?id=220) !important;background-position: center !important;background-repeat: no-repeat !important;background-size: cover&#8230;<\/p>\n","protected":false},"author":3,"featured_media":0,"parent":0,"menu_order":0,"comment_status":"closed","ping_status":"closed","template":"","meta":[],"yoast_head":"<!-- This site is optimized with the Yoast SEO plugin v16.9 - https:\/\/yoast.com\/wordpress\/plugins\/seo\/ -->\n<title>Nanotecnolog\u00eda - applicazioni fogliari - NANO.T<\/title>\n<meta name=\"robots\" content=\"index, follow, max-snippet:-1, max-image-preview:large, max-video-preview:-1\" \/>\n<link rel=\"canonical\" href=\"https:\/\/nanot.eu\/es\/applicazioni-fogliari\/\" \/>\n<meta property=\"og:locale\" content=\"es_ES\" \/>\n<meta property=\"og:type\" content=\"article\" \/>\n<meta property=\"og:title\" content=\"Nanotecnolog\u00eda - applicazioni fogliari - NANO.T\" \/>\n<meta property=\"og:description\" content=\"[vc_row content_placement=\u00bbmiddle\u00bb enable_overlay=\u00bbyes\u00bb overlay_bg=\u00bbrgba(0, 0, 0, 0)\u00bb css=\u00bb.vc_custom_1623849356345{background-image: url(https:\/\/nanot.eu\/wp-content\/uploads\/2021\/05\/sfondo-sfumato.jpg?id=220) !important;background-position: center !important;background-repeat: no-repeat !important;background-size: cover...\" \/>\n<meta property=\"og:url\" content=\"https:\/\/nanot.eu\/es\/applicazioni-fogliari\/\" \/>\n<meta property=\"og:site_name\" content=\"NANO.T\" \/>\n<meta property=\"article:modified_time\" content=\"2025-05-08T10:52:09+00:00\" \/>\n<meta name=\"twitter:card\" content=\"summary_large_image\" \/>\n<meta name=\"twitter:label1\" content=\"Tiempo de lectura\" \/>\n\t<meta name=\"twitter:data1\" content=\"2 minutos\" \/>\n<script type=\"application\/ld+json\" class=\"yoast-schema-graph\">{\"@context\":\"https:\/\/schema.org\",\"@graph\":[{\"@type\":\"WebSite\",\"@id\":\"https:\/\/nanot.eu\/#website\",\"url\":\"https:\/\/nanot.eu\/\",\"name\":\"NANO.T\",\"description\":\"Fertilizzanti Smart, Innovativi e Sostenibili\",\"potentialAction\":[{\"@type\":\"SearchAction\",\"target\":{\"@type\":\"EntryPoint\",\"urlTemplate\":\"https:\/\/nanot.eu\/?s={search_term_string}\"},\"query-input\":\"required name=search_term_string\"}],\"inLanguage\":\"es\"},{\"@type\":\"WebPage\",\"@id\":\"https:\/\/nanot.eu\/es\/applicazioni-fogliari\/#webpage\",\"url\":\"https:\/\/nanot.eu\/es\/applicazioni-fogliari\/\",\"name\":\"Nanotecnolog\\u00eda - applicazioni fogliari - NANO.T\",\"isPartOf\":{\"@id\":\"https:\/\/nanot.eu\/#website\"},\"datePublished\":\"2023-01-05T08:44:51+00:00\",\"dateModified\":\"2025-05-08T10:52:09+00:00\",\"breadcrumb\":{\"@id\":\"https:\/\/nanot.eu\/es\/applicazioni-fogliari\/#breadcrumb\"},\"inLanguage\":\"es\",\"potentialAction\":[{\"@type\":\"ReadAction\",\"target\":[\"https:\/\/nanot.eu\/es\/applicazioni-fogliari\/\"]}]},{\"@type\":\"BreadcrumbList\",\"@id\":\"https:\/\/nanot.eu\/es\/applicazioni-fogliari\/#breadcrumb\",\"itemListElement\":[{\"@type\":\"ListItem\",\"position\":1,\"name\":\"Home\",\"item\":\"https:\/\/nanot.eu\/es\/\"},{\"@type\":\"ListItem\",\"position\":2,\"name\":\"Nanotecnolog\\u00eda &#8211; applicazioni fogliari\"}]}]}<\/script>\n<!-- \/ Yoast SEO plugin. -->","yoast_head_json":{"title":"Nanotecnolog\u00eda - applicazioni fogliari - NANO.T","robots":{"index":"index","follow":"follow","max-snippet":"max-snippet:-1","max-image-preview":"max-image-preview:large","max-video-preview":"max-video-preview:-1"},"canonical":"https:\/\/nanot.eu\/es\/applicazioni-fogliari\/","og_locale":"es_ES","og_type":"article","og_title":"Nanotecnolog\u00eda - applicazioni fogliari - NANO.T","og_description":"[vc_row content_placement=\u00bbmiddle\u00bb enable_overlay=\u00bbyes\u00bb overlay_bg=\u00bbrgba(0, 0, 0, 0)\u00bb css=\u00bb.vc_custom_1623849356345{background-image: url(https:\/\/nanot.eu\/wp-content\/uploads\/2021\/05\/sfondo-sfumato.jpg?id=220) !important;background-position: center !important;background-repeat: no-repeat !important;background-size: cover...","og_url":"https:\/\/nanot.eu\/es\/applicazioni-fogliari\/","og_site_name":"NANO.T","article_modified_time":"2025-05-08T10:52:09+00:00","twitter_card":"summary_large_image","twitter_misc":{"Tiempo de lectura":"2 minutos"},"schema":{"@context":"https:\/\/schema.org","@graph":[{"@type":"WebSite","@id":"https:\/\/nanot.eu\/#website","url":"https:\/\/nanot.eu\/","name":"NANO.T","description":"Fertilizzanti Smart, Innovativi e Sostenibili","potentialAction":[{"@type":"SearchAction","target":{"@type":"EntryPoint","urlTemplate":"https:\/\/nanot.eu\/?s={search_term_string}"},"query-input":"required name=search_term_string"}],"inLanguage":"es"},{"@type":"WebPage","@id":"https:\/\/nanot.eu\/es\/applicazioni-fogliari\/#webpage","url":"https:\/\/nanot.eu\/es\/applicazioni-fogliari\/","name":"Nanotecnolog\u00eda - applicazioni fogliari - NANO.T","isPartOf":{"@id":"https:\/\/nanot.eu\/#website"},"datePublished":"2023-01-05T08:44:51+00:00","dateModified":"2025-05-08T10:52:09+00:00","breadcrumb":{"@id":"https:\/\/nanot.eu\/es\/applicazioni-fogliari\/#breadcrumb"},"inLanguage":"es","potentialAction":[{"@type":"ReadAction","target":["https:\/\/nanot.eu\/es\/applicazioni-fogliari\/"]}]},{"@type":"BreadcrumbList","@id":"https:\/\/nanot.eu\/es\/applicazioni-fogliari\/#breadcrumb","itemListElement":[{"@type":"ListItem","position":1,"name":"Home","item":"https:\/\/nanot.eu\/es\/"},{"@type":"ListItem","position":2,"name":"Nanotecnolog\u00eda &#8211; applicazioni fogliari"}]}]}},"_links":{"self":[{"href":"https:\/\/nanot.eu\/es\/wp-json\/wp\/v2\/pages\/1559"}],"collection":[{"href":"https:\/\/nanot.eu\/es\/wp-json\/wp\/v2\/pages"}],"about":[{"href":"https:\/\/nanot.eu\/es\/wp-json\/wp\/v2\/types\/page"}],"author":[{"embeddable":true,"href":"https:\/\/nanot.eu\/es\/wp-json\/wp\/v2\/users\/3"}],"replies":[{"embeddable":true,"href":"https:\/\/nanot.eu\/es\/wp-json\/wp\/v2\/comments?post=1559"}],"version-history":[{"count":15,"href":"https:\/\/nanot.eu\/es\/wp-json\/wp\/v2\/pages\/1559\/revisions"}],"predecessor-version":[{"id":2512,"href":"https:\/\/nanot.eu\/es\/wp-json\/wp\/v2\/pages\/1559\/revisions\/2512"}],"wp:attachment":[{"href":"https:\/\/nanot.eu\/es\/wp-json\/wp\/v2\/media?parent=1559"}],"curies":[{"name":"wp","href":"https:\/\/api.w.org\/{rel}","templated":true}]}}